{"id":4423,"date":"2023-01-12T15:37:45","date_gmt":"2023-01-12T15:37:45","guid":{"rendered":"https:\/\/aincogroup.com\/?page_id=4423"},"modified":"2025-02-20T18:55:51","modified_gmt":"2025-02-20T18:55:51","slug":"puesto-pm","status":"publish","type":"page","link":"https:\/\/aincogroup.com\/en\/post-pm\/","title":{"rendered":"Puesto-Project-Manager"},"content":{"rendered":"<div data-elementor-type=\"wp-page\" data-elementor-id=\"4423\" class=\"elementor elementor-4423\" data-elementor-post-type=\"page\">\n\t\t\t\t\t\t<section class=\"elementor-section elementor-top-section elementor-element elementor-element-1290b38b elementor-section-height-full elementor-section-boxed elementor-section-height-default elementor-section-items-middle\" data-id=\"1290b38b\" data-element_type=\"section\" data-settings=\"{&quot;background_background&quot;:&quot;classic&quot;}\">\n\t\t\t\t\t\t<div class=\"elementor-container elementor-column-gap-default\">\n\t\t\t\t\t<div class=\"elementor-column elementor-col-100 elementor-top-column elementor-element elementor-element-123df402\" data-id=\"123df402\" data-element_type=\"column\">\n\t\t\t<div class=\"elementor-widget-wrap elementor-element-populated\">\n\t\t\t\t\t\t<section class=\"elementor-section elementor-inner-section elementor-element elementor-element-6ac7d08b elementor-section-boxed elementor-section-height-default elementor-section-height-default\" data-id=\"6ac7d08b\" data-element_type=\"section\">\n\t\t\t\t\t\t<div class=\"elementor-container elementor-column-gap-default\">\n\t\t\t\t\t<div class=\"elementor-column elementor-col-100 elementor-inner-column elementor-element elementor-element-3e4df604\" data-id=\"3e4df604\" data-element_type=\"column\">\n\t\t\t<div class=\"elementor-widget-wrap elementor-element-populated\">\n\t\t\t\t\t\t<div class=\"elementor-element elementor-element-4c28b57 elementor-invisible elementor-widget elementor-widget-heading\" data-id=\"4c28b57\" data-element_type=\"widget\" data-settings=\"{&quot;_animation&quot;:&quot;fadeIn&quot;}\" data-widget_type=\"heading.default\">\n\t\t\t\t<div class=\"elementor-widget-container\">\n\t\t\t\t\t<h1 class=\"elementor-heading-title elementor-size-default\">Construction Manager<\/h1>\t\t\t\t<\/div>\n\t\t\t\t<\/div>\n\t\t\t\t\t<\/div>\n\t\t<\/div>\n\t\t\t\t\t<\/div>\n\t\t<\/section>\n\t\t\t\t<section class=\"elementor-section elementor-inner-section elementor-element elementor-element-447cb811 elementor-section-boxed elementor-section-height-default elementor-section-height-default\" data-id=\"447cb811\" data-element_type=\"section\">\n\t\t\t\t\t\t<div class=\"elementor-container elementor-column-gap-default\">\n\t\t\t\t\t<div class=\"elementor-column elementor-col-50 elementor-inner-column elementor-element elementor-element-4306f468\" data-id=\"4306f468\" data-element_type=\"column\">\n\t\t\t<div class=\"elementor-widget-wrap elementor-element-populated\">\n\t\t\t\t\t\t<div class=\"elementor-element elementor-element-7a57b84f elementor-view-default elementor-invisible elementor-widget elementor-widget-icon\" data-id=\"7a57b84f\" data-element_type=\"widget\" data-settings=\"{&quot;_animation&quot;:&quot;fadeInDown&quot;}\" data-widget_type=\"icon.default\">\n\t\t\t\t<div class=\"elementor-widget-container\">\n\t\t\t\t\t\t\t<div class=\"elementor-icon-wrapper\">\n\t\t\t<div class=\"elementor-icon\">\n\t\t\t<i aria-hidden=\"true\" class=\"fas fa-angle-double-down\"><\/i>\t\t\t<\/div>\n\t\t<\/div>\n\t\t\t\t\t\t<\/div>\n\t\t\t\t<\/div>\n\t\t\t\t\t<\/div>\n\t\t<\/div>\n\t\t\t\t<div class=\"elementor-column elementor-col-50 elementor-inner-column elementor-element elementor-element-9377e79\" data-id=\"9377e79\" data-element_type=\"column\">\n\t\t\t<div class=\"elementor-widget-wrap\">\n\t\t\t\t\t\t\t<\/div>\n\t\t<\/div>\n\t\t\t\t\t<\/div>\n\t\t<\/section>\n\t\t\t\t\t<\/div>\n\t\t<\/div>\n\t\t\t\t\t<\/div>\n\t\t<\/section>\n\t\t<div class=\"elementor-element elementor-element-405c384 e-con-full e-flex e-con e-parent\" data-id=\"405c384\" data-element_type=\"container\">\n\t\t<div class=\"elementor-element elementor-element-2a820ab animated-fast elementor-hidden-mobile e-con-full e-flex elementor-invisible e-con e-child\" data-id=\"2a820ab\" data-element_type=\"container\" data-settings=\"{&quot;background_background&quot;:&quot;classic&quot;,&quot;animation&quot;:&quot;slideInRight&quot;}\">\n\t\t\t\t<div class=\"elementor-element elementor-element-bdf34fa e-transform elementor-absolute elementor-widget elementor-widget-heading\" data-id=\"bdf34fa\" data-element_type=\"widget\" data-settings=\"{&quot;_transform_rotateZ_effect&quot;:{&quot;unit&quot;:&quot;px&quot;,&quot;size&quot;:270,&quot;sizes&quot;:[]},&quot;_position&quot;:&quot;absolute&quot;,&quot;_transform_rotateZ_effect_tablet&quot;:{&quot;unit&quot;:&quot;deg&quot;,&quot;size&quot;:&quot;&quot;,&quot;sizes&quot;:[]},&quot;_transform_rotateZ_effect_mobile&quot;:{&quot;unit&quot;:&quot;deg&quot;,&quot;size&quot;:&quot;&quot;,&quot;sizes&quot;:[]}}\" data-widget_type=\"heading.default\">\n\t\t\t\t<div class=\"elementor-widget-container\">\n\t\t\t\t\t<h2 class=\"elementor-heading-title elementor-size-default\"><a href=\"http:\/\/www.aincocorp.com\/historia\">PMP<\/a><\/h2>\t\t\t\t<\/div>\n\t\t\t\t<\/div>\n\t\t\t\t<\/div>\n\t\t<div class=\"elementor-element elementor-element-e6605ce e-con-full e-flex e-con e-child\" data-id=\"e6605ce\" data-element_type=\"container\" data-settings=\"{&quot;background_background&quot;:&quot;classic&quot;}\">\n\t\t<div class=\"elementor-element elementor-element-0fce341 e-con-full elementor-hidden-desktop elementor-hidden-tablet e-flex e-con e-child\" data-id=\"0fce341\" data-element_type=\"container\" data-settings=\"{&quot;background_background&quot;:&quot;classic&quot;}\">\n\t\t\t\t<div class=\"elementor-element elementor-element-97ec843 elementor-widget elementor-widget-heading\" data-id=\"97ec843\" data-element_type=\"widget\" data-widget_type=\"heading.default\">\n\t\t\t\t<div class=\"elementor-widget-container\">\n\t\t\t\t\t<h2 class=\"elementor-heading-title elementor-size-default\">PMP<\/h2>\t\t\t\t<\/div>\n\t\t\t\t<\/div>\n\t\t\t\t<\/div>\n\t\t<div class=\"elementor-element elementor-element-6a16406 e-con-full e-flex e-con e-child\" data-id=\"6a16406\" data-element_type=\"container\">\n\t\t<div class=\"elementor-element elementor-element-95c7563 e-con-full e-flex e-con e-child\" data-id=\"95c7563\" data-element_type=\"container\">\n\t\t\t\t<div class=\"elementor-element elementor-element-c1c5d67 elementor-widget elementor-widget-heading\" data-id=\"c1c5d67\" data-element_type=\"widget\" data-widget_type=\"heading.default\">\n\t\t\t\t<div class=\"elementor-widget-container\">\n\t\t\t\t\t<h3 class=\"elementor-heading-title elementor-size-default\">Practicantes<\/h3>\t\t\t\t<\/div>\n\t\t\t\t<\/div>\n\t\t\t\t<div class=\"elementor-element elementor-element-78213c5 elementor-widget elementor-widget-heading\" data-id=\"78213c5\" data-element_type=\"widget\" data-widget_type=\"heading.default\">\n\t\t\t\t<div class=\"elementor-widget-container\">\n\t\t\t\t\t<h4 class=\"elementor-heading-title elementor-size-default\">Tipo de puesto<\/h4>\t\t\t\t<\/div>\n\t\t\t\t<\/div>\n\t\t\t\t<div class=\"elementor-element elementor-element-fc070a8 elementor-widget elementor-widget-text-editor\" data-id=\"fc070a8\" data-element_type=\"widget\" data-widget_type=\"text-editor.default\">\n\t\t\t\t<div class=\"elementor-widget-container\">\n\t\t\t\t\t\t\t\t\t<p>Project Manager<\/p>\t\t\t\t\t\t\t\t<\/div>\n\t\t\t\t<\/div>\n\t\t\t\t<div class=\"elementor-element elementor-element-96d3c02 elementor-widget elementor-widget-heading\" data-id=\"96d3c02\" data-element_type=\"widget\" data-widget_type=\"heading.default\">\n\t\t\t\t<div class=\"elementor-widget-container\">\n\t\t\t\t\t<h4 class=\"elementor-heading-title elementor-size-default\">Horario<\/h4>\t\t\t\t<\/div>\n\t\t\t\t<\/div>\n\t\t\t\t<div class=\"elementor-element elementor-element-e84eb70 elementor-widget elementor-widget-text-editor\" data-id=\"e84eb70\" data-element_type=\"widget\" data-widget_type=\"text-editor.default\">\n\t\t\t\t<div class=\"elementor-widget-container\">\n\t\t\t\t\t\t\t\t\t<p>De Lunes a Viernes.<\/p>\t\t\t\t\t\t\t\t<\/div>\n\t\t\t\t<\/div>\n\t\t\t\t<div class=\"elementor-element elementor-element-b6b4779 elementor-widget elementor-widget-heading\" data-id=\"b6b4779\" data-element_type=\"widget\" data-widget_type=\"heading.default\">\n\t\t\t\t<div class=\"elementor-widget-container\">\n\t\t\t\t\t<h4 class=\"elementor-heading-title elementor-size-default\">Salario<\/h4>\t\t\t\t<\/div>\n\t\t\t\t<\/div>\n\t\t\t\t<div class=\"elementor-element elementor-element-e2d7277 elementor-widget elementor-widget-text-editor\" data-id=\"e2d7277\" data-element_type=\"widget\" data-widget_type=\"text-editor.default\">\n\t\t\t\t<div class=\"elementor-widget-container\">\n\t\t\t\t\t\t\t\t\t<p>20 &#8211; 15 mil.\u00a0<br \/>Prestaciones.<\/p>\t\t\t\t\t\t\t\t<\/div>\n\t\t\t\t<\/div>\n\t\t\t\t<div class=\"elementor-element elementor-element-cfa2513 elementor-align-left elementor-widget elementor-widget-button\" data-id=\"cfa2513\" data-element_type=\"widget\" data-widget_type=\"button.default\">\n\t\t\t\t<div class=\"elementor-widget-container\">\n\t\t\t\t\t\t\t\t\t<div class=\"elementor-button-wrapper\">\n\t\t\t\t\t<a class=\"elementor-button elementor-button-link elementor-size-sm\" href=\"https:\/\/aincogroup.com\/en\/formulario\/\">\n\t\t\t\t\t\t<span class=\"elementor-button-content-wrapper\">\n\t\t\t\t\t\t\t\t\t<span class=\"elementor-button-text\">Aplicar<\/span>\n\t\t\t\t\t<\/span>\n\t\t\t\t\t<\/a>\n\t\t\t\t<\/div>\n\t\t\t\t\t\t\t\t<\/div>\n\t\t\t\t<\/div>\n\t\t\t\t<\/div>\n\t\t<div class=\"elementor-element elementor-element-38d9b82 e-con-full e-flex e-con e-child\" data-id=\"38d9b82\" data-element_type=\"container\">\n\t\t\t\t<div class=\"elementor-element elementor-element-5b6a7d5 elementor-widget elementor-widget-heading\" data-id=\"5b6a7d5\" data-element_type=\"widget\" data-widget_type=\"heading.default\">\n\t\t\t\t<div class=\"elementor-widget-container\">\n\t\t\t\t\t<h3 class=\"elementor-heading-title elementor-size-default\">Descripci\u00f3n del puesto<\/h3>\t\t\t\t<\/div>\n\t\t\t\t<\/div>\n\t\t\t\t<div class=\"elementor-element elementor-element-ee26a31 elementor-widget elementor-widget-text-editor\" data-id=\"ee26a31\" data-element_type=\"widget\" data-widget_type=\"text-editor.default\">\n\t\t\t\t<div class=\"elementor-widget-container\">\n\t\t\t\t\t\t\t\t\t<p>En AINCO nos desempe\u00f1amos bajo nuestro metodolog\u00eda de procesos constructivos, AINCO, siendo uno de sus pilares el project management. Por lo cual buscamos profesionales a fines a la industria con certificaci\u00f3n CAPM o PMP, para desarrollar nuestra metodolog\u00eda de trabajo.<\/p><p>Con un alto grado de comunicaci\u00f3n y liderazgo buscamos profesionales proactivos que puedan apoyarnos a desarrollar nuestros proyectos bajo la estructura de gerencia de proyectos.<\/p>\t\t\t\t\t\t\t\t<\/div>\n\t\t\t\t<\/div>\n\t\t\t\t<div class=\"elementor-element elementor-element-1bf21f5 elementor-widget elementor-widget-heading\" data-id=\"1bf21f5\" data-element_type=\"widget\" data-widget_type=\"heading.default\">\n\t\t\t\t<div class=\"elementor-widget-container\">\n\t\t\t\t\t<h3 class=\"elementor-heading-title elementor-size-default\">Quien te convertir\u00e1s:<\/h3>\t\t\t\t<\/div>\n\t\t\t\t<\/div>\n\t\t\t\t<div class=\"elementor-element elementor-element-1e09a3d elementor-widget elementor-widget-text-editor\" data-id=\"1e09a3d\" data-element_type=\"widget\" data-widget_type=\"text-editor.default\">\n\t\t\t\t<div class=\"elementor-widget-container\">\n\t\t\t\t\t\t\t\t\t<p>&#8211; L\u00edder.<\/p><p>&#8211; Pro activo.<\/p><p>&#8211; Innovador.<\/p><p><span style=\"font-size: 16px;\">&#8211; Disciplinado.<\/span><\/p><p>&#8211; Filosof\u00eda KAIZEN de mejora continua.<\/p><p>&#8211; \u00c9tico.<\/p>\t\t\t\t\t\t\t\t<\/div>\n\t\t\t\t<\/div>\n\t\t\t\t<\/div>\n\t\t\t\t<\/div>\n\t\t\t\t<\/div>\n\t\t\t\t<\/div>\n\t\t\t\t<\/div>","protected":false},"excerpt":{"rendered":"<p>Construction Manager PMP PMP Practicantes Tipo de puesto Project Manager Horario De Lunes a Viernes. Salario 20 &#8211; 15 mil.\u00a0Prestaciones. Aplicar Descripci\u00f3n del puesto En AINCO nos desempe\u00f1amos bajo nuestro metodolog\u00eda de procesos constructivos, AINCO, siendo uno de sus pilares el project management. Por lo cual buscamos profesionales a fines a la industria con certificaci\u00f3n [&hellip;]<\/p>","protected":false},"author":2,"featured_media":0,"parent":0,"menu_order":0,"comment_status":"closed","ping_status":"closed","template":"","meta":{"site-sidebar-layout":"no-sidebar","site-content-layout":"page-builder","ast-site-content-layout":"full-width-container","site-content-style":"unboxed","site-sidebar-style":"unboxed","ast-global-header-display":"","ast-banner-title-visibility":"","ast-main-header-display":"","ast-hfb-above-header-display":"","ast-hfb-below-header-display":"","ast-hfb-mobile-header-display":"","site-post-title":"disabled","ast-breadcrumbs-content":"","ast-featured-img":"disabled","footer-sml-layout":"","theme-transparent-header-meta":"","adv-header-id-meta":"","stick-header-meta":"","header-above-stick-meta":"","header-main-stick-meta":"","header-below-stick-meta":"","astra-migrate-meta-layouts":"set","ast-page-background-enabled":"default","ast-page-background-meta":{"desktop":{"background-color":"var(--ast-global-color-4)","background-image":"","background-repeat":"repeat","background-position":"center center","background-size":"auto","background-attachment":"scroll","background-type":"","background-media":"","overlay-type":"","overlay-color":"","overlay-opacity":"","overlay-gradient":""},"tablet":{"background-color":"","background-image":"","background-repeat":"repeat","background-position":"center center","background-size":"auto","background-attachment":"scroll","background-type":"","background-media":"","overlay-type":"","overlay-color":"","overlay-opacity":"","overlay-gradient":""},"mobile":{"background-color":"","background-image":"","background-repeat":"repeat","background-position":"center center","background-size":"auto","background-attachment":"scroll","background-type":"","background-media":"","overlay-type":"","overlay-color":"","overlay-opacity":"","overlay-gradient":""}},"ast-content-background-meta":{"desktop":{"background-color":"var(--ast-global-color-5)","background-image":"","background-repeat":"repeat","background-position":"center center","background-size":"auto","background-attachment":"scroll","background-type":"","background-media":"","overlay-type":"","overlay-color":"","overlay-opacity":"","overlay-gradient":""},"tablet":{"background-color":"var(--ast-global-color-5)","background-image":"","background-repeat":"repeat","background-position":"center center","background-size":"auto","background-attachment":"scroll","background-type":"","background-media":"","overlay-type":"","overlay-color":"","overlay-opacity":"","overlay-gradient":""},"mobile":{"background-color":"var(--ast-global-color-5)","background-image":"","background-repeat":"repeat","background-position":"center center","background-size":"auto","background-attachment":"scroll","background-type":"","background-media":"","overlay-type":"","overlay-color":"","overlay-opacity":"","overlay-gradient":""}},"footnotes":""},"class_list":["post-4423","page","type-page","status-publish","hentry"],"yoast_head":"<!-- This site is optimized with the Yoast SEO plugin v23.7 - https:\/\/yoast.com\/wordpress\/plugins\/seo\/ -->\n<title>Puesto de Project Manager en AINCO<\/title>\n<meta name=\"description\" content=\"Aplica para el puesto de Project Manager en AINCO. Buscamos profesionales certificados en CAPM o PMP con habilidades de liderazgo y comunicaci\u00f3n para desarrollar proyectos.\" \/>\n<meta name=\"robots\" content=\"index, follow, max-snippet:-1, max-image-preview:large, max-video-preview:-1\" \/>\n<link rel=\"canonical\" href=\"https:\/\/aincogroup.com\/en\/post-pm\/\" \/>\n<meta property=\"og:locale\" content=\"en_US\" \/>\n<meta property=\"og:type\" content=\"article\" \/>\n<meta property=\"og:title\" content=\"Puesto de Project Manager en AINCO\" \/>\n<meta property=\"og:description\" content=\"Aplica para el puesto de Project Manager en AINCO. Buscamos profesionales certificados en CAPM o PMP con habilidades de liderazgo y comunicaci\u00f3n para desarrollar proyectos.\" \/>\n<meta property=\"og:url\" content=\"https:\/\/aincogroup.com\/en\/post-pm\/\" \/>\n<meta property=\"og:site_name\" content=\"AINCO GROUP\" \/>\n<meta property=\"article:publisher\" content=\"https:\/\/www.facebook.com\/aincogrupo\" \/>\n<meta property=\"article:modified_time\" content=\"2025-02-20T18:55:51+00:00\" \/>\n<meta property=\"og:image\" content=\"https:\/\/aincogroup.com\/wp-content\/uploads\/2024\/10\/logo-ainco-group-10-1.png\" \/>\n\t<meta property=\"og:image:width\" content=\"2084\" \/>\n\t<meta property=\"og:image:height\" content=\"883\" \/>\n\t<meta property=\"og:image:type\" content=\"image\/png\" \/>\n<meta name=\"twitter:card\" content=\"summary_large_image\" \/>\n<meta name=\"twitter:label1\" content=\"Est. reading time\" \/>\n\t<meta name=\"twitter:data1\" content=\"1 minute\" \/>\n<script type=\"application\/ld+json\" class=\"yoast-schema-graph\">{\"@context\":\"https:\/\/schema.org\",\"@graph\":[{\"@type\":\"WebPage\",\"@id\":\"https:\/\/aincogroup.com\/puesto-pm\/\",\"url\":\"https:\/\/aincogroup.com\/puesto-pm\/\",\"name\":\"Puesto de Project Manager en AINCO\",\"isPartOf\":{\"@id\":\"https:\/\/aincogroup.com\/en\/#website\"},\"datePublished\":\"2023-01-12T15:37:45+00:00\",\"dateModified\":\"2025-02-20T18:55:51+00:00\",\"description\":\"Aplica para el puesto de Project Manager en AINCO. Buscamos profesionales certificados en CAPM o PMP con habilidades de liderazgo y comunicaci\u00f3n para desarrollar proyectos.\",\"breadcrumb\":{\"@id\":\"https:\/\/aincogroup.com\/puesto-pm\/#breadcrumb\"},\"inLanguage\":\"en-US\",\"potentialAction\":[{\"@type\":\"ReadAction\",\"target\":[\"https:\/\/aincogroup.com\/puesto-pm\/\"]}]},{\"@type\":\"BreadcrumbList\",\"@id\":\"https:\/\/aincogroup.com\/puesto-pm\/#breadcrumb\",\"itemListElement\":[{\"@type\":\"ListItem\",\"position\":1,\"name\":\"Home\",\"item\":\"https:\/\/aincogroup.com\/\"},{\"@type\":\"ListItem\",\"position\":2,\"name\":\"Puesto-Project-Manager\"}]},{\"@type\":\"WebSite\",\"@id\":\"https:\/\/aincogroup.com\/en\/#website\",\"url\":\"https:\/\/aincogroup.com\/en\/\",\"name\":\"AINCO GROUP\",\"description\":\"Impulsamos Desarrollo\",\"publisher\":{\"@id\":\"https:\/\/aincogroup.com\/en\/#organization\"},\"potentialAction\":[{\"@type\":\"SearchAction\",\"target\":{\"@type\":\"EntryPoint\",\"urlTemplate\":\"https:\/\/aincogroup.com\/en\/?s={search_term_string}\"},\"query-input\":{\"@type\":\"PropertyValueSpecification\",\"valueRequired\":true,\"valueName\":\"search_term_string\"}}],\"inLanguage\":\"en-US\"},{\"@type\":\"Organization\",\"@id\":\"https:\/\/aincogroup.com\/en\/#organization\",\"name\":\"AINCO GROUP\",\"url\":\"https:\/\/aincogroup.com\/en\/\",\"logo\":{\"@type\":\"ImageObject\",\"inLanguage\":\"en-US\",\"@id\":\"https:\/\/aincogroup.com\/en\/#\/schema\/logo\/image\/\",\"url\":\"https:\/\/aincogroup.com\/wp-content\/uploads\/2023\/08\/cropped-favicon-ainco.png\",\"contentUrl\":\"https:\/\/aincogroup.com\/wp-content\/uploads\/2023\/08\/cropped-favicon-ainco.png\",\"width\":512,\"height\":512,\"caption\":\"AINCO GROUP\"},\"image\":{\"@id\":\"https:\/\/aincogroup.com\/en\/#\/schema\/logo\/image\/\"},\"sameAs\":[\"https:\/\/www.facebook.com\/aincogrupo\",\"https:\/\/www.instagram.com\/ainco.grupo\/\",\"https:\/\/www.linkedin.com\/company\/grupo-ainco\/\",\"https:\/\/www.youtube.com\/channel\/UCTWFEnYpy66QYWQEdtipSzg\",\"https:\/\/www.tiktok.com\/@ainco.grupo?lang=es\"]}]}<\/script>\n<!-- \/ Yoast SEO plugin. -->","yoast_head_json":{"title":"Puesto de Project Manager en AINCO","description":"Aplica para el puesto de Project Manager en AINCO. Buscamos profesionales certificados en CAPM o PMP con habilidades de liderazgo y comunicaci\u00f3n para desarrollar proyectos.","robots":{"index":"index","follow":"follow","max-snippet":"max-snippet:-1","max-image-preview":"max-image-preview:large","max-video-preview":"max-video-preview:-1"},"canonical":"https:\/\/aincogroup.com\/en\/post-pm\/","og_locale":"en_US","og_type":"article","og_title":"Puesto de Project Manager en AINCO","og_description":"Aplica para el puesto de Project Manager en AINCO. Buscamos profesionales certificados en CAPM o PMP con habilidades de liderazgo y comunicaci\u00f3n para desarrollar proyectos.","og_url":"https:\/\/aincogroup.com\/en\/post-pm\/","og_site_name":"AINCO GROUP","article_publisher":"https:\/\/www.facebook.com\/aincogrupo","article_modified_time":"2025-02-20T18:55:51+00:00","og_image":[{"width":2084,"height":883,"url":"https:\/\/aincogroup.com\/wp-content\/uploads\/2024\/10\/logo-ainco-group-10-1.png","type":"image\/png"}],"twitter_card":"summary_large_image","twitter_misc":{"Est. reading time":"1 minute"},"schema":{"@context":"https:\/\/schema.org","@graph":[{"@type":"WebPage","@id":"https:\/\/aincogroup.com\/puesto-pm\/","url":"https:\/\/aincogroup.com\/puesto-pm\/","name":"Puesto de Project Manager en AINCO","isPartOf":{"@id":"https:\/\/aincogroup.com\/en\/#website"},"datePublished":"2023-01-12T15:37:45+00:00","dateModified":"2025-02-20T18:55:51+00:00","description":"Aplica para el puesto de Project Manager en AINCO. Buscamos profesionales certificados en CAPM o PMP con habilidades de liderazgo y comunicaci\u00f3n para desarrollar proyectos.","breadcrumb":{"@id":"https:\/\/aincogroup.com\/puesto-pm\/#breadcrumb"},"inLanguage":"en-US","potentialAction":[{"@type":"ReadAction","target":["https:\/\/aincogroup.com\/puesto-pm\/"]}]},{"@type":"BreadcrumbList","@id":"https:\/\/aincogroup.com\/puesto-pm\/#breadcrumb","itemListElement":[{"@type":"ListItem","position":1,"name":"Home","item":"https:\/\/aincogroup.com\/"},{"@type":"ListItem","position":2,"name":"Puesto-Project-Manager"}]},{"@type":"WebSite","@id":"https:\/\/aincogroup.com\/en\/#website","url":"https:\/\/aincogroup.com\/en\/","name":"AINCO GROUP","description":"Impulsamos Desarrollo","publisher":{"@id":"https:\/\/aincogroup.com\/en\/#organization"},"potentialAction":[{"@type":"SearchAction","target":{"@type":"EntryPoint","urlTemplate":"https:\/\/aincogroup.com\/en\/?s={search_term_string}"},"query-input":{"@type":"PropertyValueSpecification","valueRequired":true,"valueName":"search_term_string"}}],"inLanguage":"en-US"},{"@type":"Organization","@id":"https:\/\/aincogroup.com\/en\/#organization","name":"AINCO GROUP","url":"https:\/\/aincogroup.com\/en\/","logo":{"@type":"ImageObject","inLanguage":"en-US","@id":"https:\/\/aincogroup.com\/en\/#\/schema\/logo\/image\/","url":"https:\/\/aincogroup.com\/wp-content\/uploads\/2023\/08\/cropped-favicon-ainco.png","contentUrl":"https:\/\/aincogroup.com\/wp-content\/uploads\/2023\/08\/cropped-favicon-ainco.png","width":512,"height":512,"caption":"AINCO GROUP"},"image":{"@id":"https:\/\/aincogroup.com\/en\/#\/schema\/logo\/image\/"},"sameAs":["https:\/\/www.facebook.com\/aincogrupo","https:\/\/www.instagram.com\/ainco.grupo\/","https:\/\/www.linkedin.com\/company\/grupo-ainco\/","https:\/\/www.youtube.com\/channel\/UCTWFEnYpy66QYWQEdtipSzg","https:\/\/www.tiktok.com\/@ainco.grupo?lang=es"]}]}},"_links":{"self":[{"href":"https:\/\/aincogroup.com\/en\/wp-json\/wp\/v2\/pages\/4423","targetHints":{"allow":["GET"]}}],"collection":[{"href":"https:\/\/aincogroup.com\/en\/wp-json\/wp\/v2\/pages"}],"about":[{"href":"https:\/\/aincogroup.com\/en\/wp-json\/wp\/v2\/types\/page"}],"author":[{"embeddable":true,"href":"https:\/\/aincogroup.com\/en\/wp-json\/wp\/v2\/users\/2"}],"replies":[{"embeddable":true,"href":"https:\/\/aincogroup.com\/en\/wp-json\/wp\/v2\/comments?post=4423"}],"version-history":[{"count":16,"href":"https:\/\/aincogroup.com\/en\/wp-json\/wp\/v2\/pages\/4423\/revisions"}],"predecessor-version":[{"id":6831,"href":"https:\/\/aincogroup.com\/en\/wp-json\/wp\/v2\/pages\/4423\/revisions\/6831"}],"wp:attachment":[{"href":"https:\/\/aincogroup.com\/en\/wp-json\/wp\/v2\/media?parent=4423"}],"curies":[{"name":"wp","href":"https:\/\/api.w.org\/{rel}","templated":true}]}}