{"id":4108,"date":"2022-12-15T21:38:14","date_gmt":"2022-12-15T21:38:14","guid":{"rendered":"https:\/\/aincogroup.com\/?page_id=4108"},"modified":"2025-02-20T18:53:22","modified_gmt":"2025-02-20T18:53:22","slug":"puesto-practicantes","status":"publish","type":"page","link":"https:\/\/aincogroup.com\/en\/position-interns\/","title":{"rendered":"Puesto-Practicantes"},"content":{"rendered":"<div data-elementor-type=\"wp-page\" data-elementor-id=\"4108\" class=\"elementor elementor-4108\" data-elementor-post-type=\"page\">\n\t\t\t\t\t\t<section class=\"elementor-section elementor-top-section elementor-element elementor-element-1290b38b elementor-section-height-full elementor-section-boxed elementor-section-height-default elementor-section-items-middle\" data-id=\"1290b38b\" data-element_type=\"section\" data-settings=\"{&quot;background_background&quot;:&quot;classic&quot;}\">\n\t\t\t\t\t\t<div class=\"elementor-container elementor-column-gap-default\">\n\t\t\t\t\t<div class=\"elementor-column elementor-col-100 elementor-top-column elementor-element elementor-element-123df402\" data-id=\"123df402\" data-element_type=\"column\">\n\t\t\t<div class=\"elementor-widget-wrap elementor-element-populated\">\n\t\t\t\t\t\t<section class=\"elementor-section elementor-inner-section elementor-element elementor-element-6ac7d08b elementor-section-boxed elementor-section-height-default elementor-section-height-default\" data-id=\"6ac7d08b\" data-element_type=\"section\">\n\t\t\t\t\t\t<div class=\"elementor-container elementor-column-gap-default\">\n\t\t\t\t\t<div class=\"elementor-column elementor-col-100 elementor-inner-column elementor-element elementor-element-3e4df604\" data-id=\"3e4df604\" data-element_type=\"column\">\n\t\t\t<div class=\"elementor-widget-wrap elementor-element-populated\">\n\t\t\t\t\t\t<div class=\"elementor-element elementor-element-4c28b57 elementor-invisible elementor-widget elementor-widget-heading\" data-id=\"4c28b57\" data-element_type=\"widget\" data-settings=\"{&quot;_animation&quot;:&quot;fadeIn&quot;}\" data-widget_type=\"heading.default\">\n\t\t\t\t<div class=\"elementor-widget-container\">\n\t\t\t\t\t<h1 class=\"elementor-heading-title elementor-size-default\">Practicantes<\/h1>\t\t\t\t<\/div>\n\t\t\t\t<\/div>\n\t\t\t\t\t<\/div>\n\t\t<\/div>\n\t\t\t\t\t<\/div>\n\t\t<\/section>\n\t\t\t\t<section class=\"elementor-section elementor-inner-section elementor-element elementor-element-447cb811 elementor-section-boxed elementor-section-height-default elementor-section-height-default\" data-id=\"447cb811\" data-element_type=\"section\">\n\t\t\t\t\t\t<div class=\"elementor-container elementor-column-gap-default\">\n\t\t\t\t\t<div class=\"elementor-column elementor-col-50 elementor-inner-column elementor-element elementor-element-4306f468\" data-id=\"4306f468\" data-element_type=\"column\">\n\t\t\t<div class=\"elementor-widget-wrap elementor-element-populated\">\n\t\t\t\t\t\t<div class=\"elementor-element elementor-element-7a57b84f elementor-view-default elementor-invisible elementor-widget elementor-widget-icon\" data-id=\"7a57b84f\" data-element_type=\"widget\" data-settings=\"{&quot;_animation&quot;:&quot;fadeInDown&quot;}\" data-widget_type=\"icon.default\">\n\t\t\t\t<div class=\"elementor-widget-container\">\n\t\t\t\t\t\t\t<div class=\"elementor-icon-wrapper\">\n\t\t\t<div class=\"elementor-icon\">\n\t\t\t<i aria-hidden=\"true\" class=\"fas fa-angle-double-down\"><\/i>\t\t\t<\/div>\n\t\t<\/div>\n\t\t\t\t\t\t<\/div>\n\t\t\t\t<\/div>\n\t\t\t\t\t<\/div>\n\t\t<\/div>\n\t\t\t\t<div class=\"elementor-column elementor-col-50 elementor-inner-column elementor-element elementor-element-9377e79\" data-id=\"9377e79\" data-element_type=\"column\">\n\t\t\t<div class=\"elementor-widget-wrap\">\n\t\t\t\t\t\t\t<\/div>\n\t\t<\/div>\n\t\t\t\t\t<\/div>\n\t\t<\/section>\n\t\t\t\t\t<\/div>\n\t\t<\/div>\n\t\t\t\t\t<\/div>\n\t\t<\/section>\n\t\t<div class=\"elementor-element elementor-element-d30b850 e-con-full e-flex e-con e-parent\" data-id=\"d30b850\" data-element_type=\"container\">\n\t\t<div class=\"elementor-element elementor-element-77a754b animated-fast elementor-hidden-mobile e-con-full e-flex elementor-invisible e-con e-child\" data-id=\"77a754b\" data-element_type=\"container\" data-settings=\"{&quot;background_background&quot;:&quot;classic&quot;,&quot;animation&quot;:&quot;slideInRight&quot;}\">\n\t\t\t\t<div class=\"elementor-element elementor-element-efd7a69 e-transform elementor-absolute elementor-widget elementor-widget-heading\" data-id=\"efd7a69\" data-element_type=\"widget\" data-settings=\"{&quot;_transform_rotateZ_effect&quot;:{&quot;unit&quot;:&quot;px&quot;,&quot;size&quot;:270,&quot;sizes&quot;:[]},&quot;_position&quot;:&quot;absolute&quot;,&quot;_transform_rotateZ_effect_tablet&quot;:{&quot;unit&quot;:&quot;deg&quot;,&quot;size&quot;:&quot;&quot;,&quot;sizes&quot;:[]},&quot;_transform_rotateZ_effect_mobile&quot;:{&quot;unit&quot;:&quot;deg&quot;,&quot;size&quot;:&quot;&quot;,&quot;sizes&quot;:[]}}\" data-widget_type=\"heading.default\">\n\t\t\t\t<div class=\"elementor-widget-container\">\n\t\t\t\t\t<h2 class=\"elementor-heading-title elementor-size-default\"><a href=\"http:\/\/www.aincocorp.com\/historia\">TRABAJO\n<br>\nSUPERVISADO<\/a><\/h2>\t\t\t\t<\/div>\n\t\t\t\t<\/div>\n\t\t\t\t<\/div>\n\t\t<div class=\"elementor-element elementor-element-cade48a e-con-full e-flex e-con e-child\" data-id=\"cade48a\" data-element_type=\"container\" data-settings=\"{&quot;background_background&quot;:&quot;classic&quot;}\">\n\t\t<div class=\"elementor-element elementor-element-3a5199e e-con-full elementor-hidden-desktop elementor-hidden-tablet e-flex e-con e-child\" data-id=\"3a5199e\" data-element_type=\"container\" data-settings=\"{&quot;background_background&quot;:&quot;classic&quot;}\">\n\t\t\t\t<div class=\"elementor-element elementor-element-b2c8f86 elementor-widget elementor-widget-heading\" data-id=\"b2c8f86\" data-element_type=\"widget\" data-widget_type=\"heading.default\">\n\t\t\t\t<div class=\"elementor-widget-container\">\n\t\t\t\t\t<h2 class=\"elementor-heading-title elementor-size-default\">TRABAJO\n<br>\nSUPERVISADO<\/h2>\t\t\t\t<\/div>\n\t\t\t\t<\/div>\n\t\t\t\t<\/div>\n\t\t<div class=\"elementor-element elementor-element-a3e0070 e-con-full e-flex e-con e-child\" data-id=\"a3e0070\" data-element_type=\"container\">\n\t\t<div class=\"elementor-element elementor-element-f8a6b12 e-con-full e-flex e-con e-child\" data-id=\"f8a6b12\" data-element_type=\"container\">\n\t\t\t\t<div class=\"elementor-element elementor-element-3a5190c elementor-widget elementor-widget-heading\" data-id=\"3a5190c\" data-element_type=\"widget\" data-widget_type=\"heading.default\">\n\t\t\t\t<div class=\"elementor-widget-container\">\n\t\t\t\t\t<h3 class=\"elementor-heading-title elementor-size-default\">Practicantes<\/h3>\t\t\t\t<\/div>\n\t\t\t\t<\/div>\n\t\t\t\t<div class=\"elementor-element elementor-element-a75cd6c elementor-widget elementor-widget-heading\" data-id=\"a75cd6c\" data-element_type=\"widget\" data-widget_type=\"heading.default\">\n\t\t\t\t<div class=\"elementor-widget-container\">\n\t\t\t\t\t<h4 class=\"elementor-heading-title elementor-size-default\">Tipo de puesto<\/h4>\t\t\t\t<\/div>\n\t\t\t\t<\/div>\n\t\t\t\t<div class=\"elementor-element elementor-element-f08ca6d elementor-widget elementor-widget-text-editor\" data-id=\"f08ca6d\" data-element_type=\"widget\" data-widget_type=\"text-editor.default\">\n\t\t\t\t<div class=\"elementor-widget-container\">\n\t\t\t\t\t\t\t\t\t<p>Practicas<\/p>\t\t\t\t\t\t\t\t<\/div>\n\t\t\t\t<\/div>\n\t\t\t\t<div class=\"elementor-element elementor-element-4230862 elementor-widget elementor-widget-heading\" data-id=\"4230862\" data-element_type=\"widget\" data-widget_type=\"heading.default\">\n\t\t\t\t<div class=\"elementor-widget-container\">\n\t\t\t\t\t<h4 class=\"elementor-heading-title elementor-size-default\">Horario<\/h4>\t\t\t\t<\/div>\n\t\t\t\t<\/div>\n\t\t\t\t<div class=\"elementor-element elementor-element-0823757 elementor-widget elementor-widget-text-editor\" data-id=\"0823757\" data-element_type=\"widget\" data-widget_type=\"text-editor.default\">\n\t\t\t\t<div class=\"elementor-widget-container\">\n\t\t\t\t\t\t\t\t\t<p>De Lunes a Viernes, seg\u00fan convenga con la Universidad.<\/p>\t\t\t\t\t\t\t\t<\/div>\n\t\t\t\t<\/div>\n\t\t\t\t<div class=\"elementor-element elementor-element-062f3c9 elementor-widget elementor-widget-heading\" data-id=\"062f3c9\" data-element_type=\"widget\" data-widget_type=\"heading.default\">\n\t\t\t\t<div class=\"elementor-widget-container\">\n\t\t\t\t\t<h4 class=\"elementor-heading-title elementor-size-default\">Salario<\/h4>\t\t\t\t<\/div>\n\t\t\t\t<\/div>\n\t\t\t\t<div class=\"elementor-element elementor-element-ec8475c elementor-widget elementor-widget-text-editor\" data-id=\"ec8475c\" data-element_type=\"widget\" data-widget_type=\"text-editor.default\">\n\t\t\t\t<div class=\"elementor-widget-container\">\n\t\t\t\t\t\t\t\t\t<p>A discutir por caso individual.<\/p>\t\t\t\t\t\t\t\t<\/div>\n\t\t\t\t<\/div>\n\t\t\t\t<div class=\"elementor-element elementor-element-248aef9 elementor-align-left elementor-widget elementor-widget-button\" data-id=\"248aef9\" data-element_type=\"widget\" data-widget_type=\"button.default\">\n\t\t\t\t<div class=\"elementor-widget-container\">\n\t\t\t\t\t\t\t\t\t<div class=\"elementor-button-wrapper\">\n\t\t\t\t\t<a class=\"elementor-button elementor-button-link elementor-size-sm\" href=\"https:\/\/aincogroup.com\/en\/formulario\/\">\n\t\t\t\t\t\t<span class=\"elementor-button-content-wrapper\">\n\t\t\t\t\t\t\t\t\t<span class=\"elementor-button-text\">Aplicar<\/span>\n\t\t\t\t\t<\/span>\n\t\t\t\t\t<\/a>\n\t\t\t\t<\/div>\n\t\t\t\t\t\t\t\t<\/div>\n\t\t\t\t<\/div>\n\t\t\t\t<\/div>\n\t\t<div class=\"elementor-element elementor-element-bbb2dee e-con-full e-flex e-con e-child\" data-id=\"bbb2dee\" data-element_type=\"container\">\n\t\t\t\t<div class=\"elementor-element elementor-element-a74ce47 elementor-widget elementor-widget-heading\" data-id=\"a74ce47\" data-element_type=\"widget\" data-widget_type=\"heading.default\">\n\t\t\t\t<div class=\"elementor-widget-container\">\n\t\t\t\t\t<h3 class=\"elementor-heading-title elementor-size-default\">Descripci\u00f3n del puesto<\/h3>\t\t\t\t<\/div>\n\t\t\t\t<\/div>\n\t\t\t\t<div class=\"elementor-element elementor-element-14e2a21 elementor-widget elementor-widget-text-editor\" data-id=\"14e2a21\" data-element_type=\"widget\" data-widget_type=\"text-editor.default\">\n\t\t\t\t<div class=\"elementor-widget-container\">\n\t\t\t\t\t\t\t\t\t<p>En AINCO estamos comprometidos a la formaci\u00f3n de los profesionales del futuro. Buscamos apoyar a todos los arquitectos, ingeniero y constructores que quieran aprender haciendo en nuestra organizaci\u00f3n.\u00a0<\/p><p>Con un &#8220;expertise&#8221; en ejecuci\u00f3n y \u00e1rea de negocios diversos experimentar las practicas en AINCO se convierte en una experiencia inigualable para los estudiantes.<\/p>\t\t\t\t\t\t\t\t<\/div>\n\t\t\t\t<\/div>\n\t\t\t\t<div class=\"elementor-element elementor-element-23032b2 elementor-widget elementor-widget-heading\" data-id=\"23032b2\" data-element_type=\"widget\" data-widget_type=\"heading.default\">\n\t\t\t\t<div class=\"elementor-widget-container\">\n\t\t\t\t\t<h3 class=\"elementor-heading-title elementor-size-default\">Quien te convertir\u00e1s:<\/h3>\t\t\t\t<\/div>\n\t\t\t\t<\/div>\n\t\t\t\t<div class=\"elementor-element elementor-element-ed7227b elementor-widget elementor-widget-text-editor\" data-id=\"ed7227b\" data-element_type=\"widget\" data-widget_type=\"text-editor.default\">\n\t\t\t\t<div class=\"elementor-widget-container\">\n\t\t\t\t\t\t\t\t\t<p>&#8211; L\u00edder.<\/p><p>&#8211; Pro activo.<\/p><p>&#8211; Innovador.<\/p><p><span style=\"font-size: 16px;\">&#8211; Disciplinado.<\/span><\/p><p>&#8211; Filosof\u00eda KAIZEN de mejora continua.<\/p><p>&#8211; \u00c9tico.<\/p>\t\t\t\t\t\t\t\t<\/div>\n\t\t\t\t<\/div>\n\t\t\t\t<\/div>\n\t\t\t\t<\/div>\n\t\t\t\t<\/div>\n\t\t\t\t<\/div>\n\t\t\t\t<\/div>","protected":false},"excerpt":{"rendered":"<p>Practicantes TRABAJO SUPERVISADO TRABAJO SUPERVISADO Practicantes Tipo de puesto Practicas Horario De Lunes a Viernes, seg\u00fan convenga con la Universidad. Salario A discutir por caso individual. Aplicar Descripci\u00f3n del puesto En AINCO estamos comprometidos a la formaci\u00f3n de los profesionales del futuro. Buscamos apoyar a todos los arquitectos, ingeniero y constructores que quieran aprender haciendo [&hellip;]<\/p>","protected":false},"author":1,"featured_media":0,"parent":0,"menu_order":0,"comment_status":"closed","ping_status":"closed","template":"","meta":{"site-sidebar-layout":"no-sidebar","site-content-layout":"page-builder","ast-site-content-layout":"full-width-container","site-content-style":"unboxed","site-sidebar-style":"unboxed","ast-global-header-display":"","ast-banner-title-visibility":"","ast-main-header-display":"","ast-hfb-above-header-display":"","ast-hfb-below-header-display":"","ast-hfb-mobile-header-display":"","site-post-title":"disabled","ast-breadcrumbs-content":"","ast-featured-img":"disabled","footer-sml-layout":"","theme-transparent-header-meta":"","adv-header-id-meta":"","stick-header-meta":"","header-above-stick-meta":"","header-main-stick-meta":"","header-below-stick-meta":"","astra-migrate-meta-layouts":"set","ast-page-background-enabled":"default","ast-page-background-meta":{"desktop":{"background-color":"var(--ast-global-color-4)","background-image":"","background-repeat":"repeat","background-position":"center center","background-size":"auto","background-attachment":"scroll","background-type":"","background-media":"","overlay-type":"","overlay-color":"","overlay-opacity":"","overlay-gradient":""},"tablet":{"background-color":"","background-image":"","background-repeat":"repeat","background-position":"center center","background-size":"auto","background-attachment":"scroll","background-type":"","background-media":"","overlay-type":"","overlay-color":"","overlay-opacity":"","overlay-gradient":""},"mobile":{"background-color":"","background-image":"","background-repeat":"repeat","background-position":"center center","background-size":"auto","background-attachment":"scroll","background-type":"","background-media":"","overlay-type":"","overlay-color":"","overlay-opacity":"","overlay-gradient":""}},"ast-content-background-meta":{"desktop":{"background-color":"var(--ast-global-color-5)","background-image":"","background-repeat":"repeat","background-position":"center center","background-size":"auto","background-attachment":"scroll","background-type":"","background-media":"","overlay-type":"","overlay-color":"","overlay-opacity":"","overlay-gradient":""},"tablet":{"background-color":"var(--ast-global-color-5)","background-image":"","background-repeat":"repeat","background-position":"center center","background-size":"auto","background-attachment":"scroll","background-type":"","background-media":"","overlay-type":"","overlay-color":"","overlay-opacity":"","overlay-gradient":""},"mobile":{"background-color":"var(--ast-global-color-5)","background-image":"","background-repeat":"repeat","background-position":"center center","background-size":"auto","background-attachment":"scroll","background-type":"","background-media":"","overlay-type":"","overlay-color":"","overlay-opacity":"","overlay-gradient":""}},"footnotes":""},"class_list":["post-4108","page","type-page","status-publish","hentry"],"yoast_head":"<!-- This site is optimized with the Yoast SEO plugin v23.7 - https:\/\/yoast.com\/wordpress\/plugins\/seo\/ -->\n<title>Puesto Practicantes en AINCO<\/title>\n<meta name=\"description\" content=\"Descubre el puesto de practicantes en AINCO. Aprende de expertos en ingenier\u00eda y arquitectura mientras aplicas la filosof\u00eda KAIZEN en tu formaci\u00f3n profesional.\" \/>\n<meta name=\"robots\" content=\"index, follow, max-snippet:-1, max-image-preview:large, max-video-preview:-1\" \/>\n<link rel=\"canonical\" href=\"https:\/\/aincogroup.com\/en\/position-interns\/\" \/>\n<meta property=\"og:locale\" content=\"en_US\" \/>\n<meta property=\"og:type\" content=\"article\" \/>\n<meta property=\"og:title\" content=\"Puesto Practicantes en AINCO\" \/>\n<meta property=\"og:description\" content=\"Descubre el puesto de practicantes en AINCO. Aprende de expertos en ingenier\u00eda y arquitectura mientras aplicas la filosof\u00eda KAIZEN en tu formaci\u00f3n profesional.\" \/>\n<meta property=\"og:url\" content=\"https:\/\/aincogroup.com\/en\/position-interns\/\" \/>\n<meta property=\"og:site_name\" content=\"AINCO GROUP\" \/>\n<meta property=\"article:publisher\" content=\"https:\/\/www.facebook.com\/aincogrupo\" \/>\n<meta property=\"article:modified_time\" content=\"2025-02-20T18:53:22+00:00\" \/>\n<meta property=\"og:image\" content=\"https:\/\/aincogroup.com\/wp-content\/uploads\/2024\/10\/logo-ainco-group-10-1.png\" \/>\n\t<meta property=\"og:image:width\" content=\"2084\" \/>\n\t<meta property=\"og:image:height\" content=\"883\" \/>\n\t<meta property=\"og:image:type\" content=\"image\/png\" \/>\n<meta name=\"twitter:card\" content=\"summary_large_image\" \/>\n<meta name=\"twitter:label1\" content=\"Est. reading time\" \/>\n\t<meta name=\"twitter:data1\" content=\"1 minute\" \/>\n<script type=\"application\/ld+json\" class=\"yoast-schema-graph\">{\"@context\":\"https:\/\/schema.org\",\"@graph\":[{\"@type\":\"WebPage\",\"@id\":\"https:\/\/aincogroup.com\/puesto-practicantes\/\",\"url\":\"https:\/\/aincogroup.com\/puesto-practicantes\/\",\"name\":\"Puesto Practicantes en AINCO\",\"isPartOf\":{\"@id\":\"https:\/\/aincogroup.com\/en\/#website\"},\"datePublished\":\"2022-12-15T21:38:14+00:00\",\"dateModified\":\"2025-02-20T18:53:22+00:00\",\"description\":\"Descubre el puesto de practicantes en AINCO. Aprende de expertos en ingenier\u00eda y arquitectura mientras aplicas la filosof\u00eda KAIZEN en tu formaci\u00f3n profesional.\",\"breadcrumb\":{\"@id\":\"https:\/\/aincogroup.com\/puesto-practicantes\/#breadcrumb\"},\"inLanguage\":\"en-US\",\"potentialAction\":[{\"@type\":\"ReadAction\",\"target\":[\"https:\/\/aincogroup.com\/puesto-practicantes\/\"]}]},{\"@type\":\"BreadcrumbList\",\"@id\":\"https:\/\/aincogroup.com\/puesto-practicantes\/#breadcrumb\",\"itemListElement\":[{\"@type\":\"ListItem\",\"position\":1,\"name\":\"Home\",\"item\":\"https:\/\/aincogroup.com\/\"},{\"@type\":\"ListItem\",\"position\":2,\"name\":\"Puesto-Practicantes\"}]},{\"@type\":\"WebSite\",\"@id\":\"https:\/\/aincogroup.com\/en\/#website\",\"url\":\"https:\/\/aincogroup.com\/en\/\",\"name\":\"AINCO GROUP\",\"description\":\"Impulsamos Desarrollo\",\"publisher\":{\"@id\":\"https:\/\/aincogroup.com\/en\/#organization\"},\"potentialAction\":[{\"@type\":\"SearchAction\",\"target\":{\"@type\":\"EntryPoint\",\"urlTemplate\":\"https:\/\/aincogroup.com\/en\/?s={search_term_string}\"},\"query-input\":{\"@type\":\"PropertyValueSpecification\",\"valueRequired\":true,\"valueName\":\"search_term_string\"}}],\"inLanguage\":\"en-US\"},{\"@type\":\"Organization\",\"@id\":\"https:\/\/aincogroup.com\/en\/#organization\",\"name\":\"AINCO GROUP\",\"url\":\"https:\/\/aincogroup.com\/en\/\",\"logo\":{\"@type\":\"ImageObject\",\"inLanguage\":\"en-US\",\"@id\":\"https:\/\/aincogroup.com\/en\/#\/schema\/logo\/image\/\",\"url\":\"https:\/\/aincogroup.com\/wp-content\/uploads\/2023\/08\/cropped-favicon-ainco.png\",\"contentUrl\":\"https:\/\/aincogroup.com\/wp-content\/uploads\/2023\/08\/cropped-favicon-ainco.png\",\"width\":512,\"height\":512,\"caption\":\"AINCO GROUP\"},\"image\":{\"@id\":\"https:\/\/aincogroup.com\/en\/#\/schema\/logo\/image\/\"},\"sameAs\":[\"https:\/\/www.facebook.com\/aincogrupo\",\"https:\/\/www.instagram.com\/ainco.grupo\/\",\"https:\/\/www.linkedin.com\/company\/grupo-ainco\/\",\"https:\/\/www.youtube.com\/channel\/UCTWFEnYpy66QYWQEdtipSzg\",\"https:\/\/www.tiktok.com\/@ainco.grupo?lang=es\"]}]}<\/script>\n<!-- \/ Yoast SEO plugin. -->","yoast_head_json":{"title":"Puesto Practicantes en AINCO","description":"Descubre el puesto de practicantes en AINCO. Aprende de expertos en ingenier\u00eda y arquitectura mientras aplicas la filosof\u00eda KAIZEN en tu formaci\u00f3n profesional.","robots":{"index":"index","follow":"follow","max-snippet":"max-snippet:-1","max-image-preview":"max-image-preview:large","max-video-preview":"max-video-preview:-1"},"canonical":"https:\/\/aincogroup.com\/en\/position-interns\/","og_locale":"en_US","og_type":"article","og_title":"Puesto Practicantes en AINCO","og_description":"Descubre el puesto de practicantes en AINCO. Aprende de expertos en ingenier\u00eda y arquitectura mientras aplicas la filosof\u00eda KAIZEN en tu formaci\u00f3n profesional.","og_url":"https:\/\/aincogroup.com\/en\/position-interns\/","og_site_name":"AINCO GROUP","article_publisher":"https:\/\/www.facebook.com\/aincogrupo","article_modified_time":"2025-02-20T18:53:22+00:00","og_image":[{"width":2084,"height":883,"url":"https:\/\/aincogroup.com\/wp-content\/uploads\/2024\/10\/logo-ainco-group-10-1.png","type":"image\/png"}],"twitter_card":"summary_large_image","twitter_misc":{"Est. reading time":"1 minute"},"schema":{"@context":"https:\/\/schema.org","@graph":[{"@type":"WebPage","@id":"https:\/\/aincogroup.com\/puesto-practicantes\/","url":"https:\/\/aincogroup.com\/puesto-practicantes\/","name":"Puesto Practicantes en AINCO","isPartOf":{"@id":"https:\/\/aincogroup.com\/en\/#website"},"datePublished":"2022-12-15T21:38:14+00:00","dateModified":"2025-02-20T18:53:22+00:00","description":"Descubre el puesto de practicantes en AINCO. Aprende de expertos en ingenier\u00eda y arquitectura mientras aplicas la filosof\u00eda KAIZEN en tu formaci\u00f3n profesional.","breadcrumb":{"@id":"https:\/\/aincogroup.com\/puesto-practicantes\/#breadcrumb"},"inLanguage":"en-US","potentialAction":[{"@type":"ReadAction","target":["https:\/\/aincogroup.com\/puesto-practicantes\/"]}]},{"@type":"BreadcrumbList","@id":"https:\/\/aincogroup.com\/puesto-practicantes\/#breadcrumb","itemListElement":[{"@type":"ListItem","position":1,"name":"Home","item":"https:\/\/aincogroup.com\/"},{"@type":"ListItem","position":2,"name":"Puesto-Practicantes"}]},{"@type":"WebSite","@id":"https:\/\/aincogroup.com\/en\/#website","url":"https:\/\/aincogroup.com\/en\/","name":"AINCO GROUP","description":"Impulsamos Desarrollo","publisher":{"@id":"https:\/\/aincogroup.com\/en\/#organization"},"potentialAction":[{"@type":"SearchAction","target":{"@type":"EntryPoint","urlTemplate":"https:\/\/aincogroup.com\/en\/?s={search_term_string}"},"query-input":{"@type":"PropertyValueSpecification","valueRequired":true,"valueName":"search_term_string"}}],"inLanguage":"en-US"},{"@type":"Organization","@id":"https:\/\/aincogroup.com\/en\/#organization","name":"AINCO GROUP","url":"https:\/\/aincogroup.com\/en\/","logo":{"@type":"ImageObject","inLanguage":"en-US","@id":"https:\/\/aincogroup.com\/en\/#\/schema\/logo\/image\/","url":"https:\/\/aincogroup.com\/wp-content\/uploads\/2023\/08\/cropped-favicon-ainco.png","contentUrl":"https:\/\/aincogroup.com\/wp-content\/uploads\/2023\/08\/cropped-favicon-ainco.png","width":512,"height":512,"caption":"AINCO GROUP"},"image":{"@id":"https:\/\/aincogroup.com\/en\/#\/schema\/logo\/image\/"},"sameAs":["https:\/\/www.facebook.com\/aincogrupo","https:\/\/www.instagram.com\/ainco.grupo\/","https:\/\/www.linkedin.com\/company\/grupo-ainco\/","https:\/\/www.youtube.com\/channel\/UCTWFEnYpy66QYWQEdtipSzg","https:\/\/www.tiktok.com\/@ainco.grupo?lang=es"]}]}},"_links":{"self":[{"href":"https:\/\/aincogroup.com\/en\/wp-json\/wp\/v2\/pages\/4108","targetHints":{"allow":["GET"]}}],"collection":[{"href":"https:\/\/aincogroup.com\/en\/wp-json\/wp\/v2\/pages"}],"about":[{"href":"https:\/\/aincogroup.com\/en\/wp-json\/wp\/v2\/types\/page"}],"author":[{"embeddable":true,"href":"https:\/\/aincogroup.com\/en\/wp-json\/wp\/v2\/users\/1"}],"replies":[{"embeddable":true,"href":"https:\/\/aincogroup.com\/en\/wp-json\/wp\/v2\/comments?post=4108"}],"version-history":[{"count":16,"href":"https:\/\/aincogroup.com\/en\/wp-json\/wp\/v2\/pages\/4108\/revisions"}],"predecessor-version":[{"id":6822,"href":"https:\/\/aincogroup.com\/en\/wp-json\/wp\/v2\/pages\/4108\/revisions\/6822"}],"wp:attachment":[{"href":"https:\/\/aincogroup.com\/en\/wp-json\/wp\/v2\/media?parent=4108"}],"curies":[{"name":"wp","href":"https:\/\/api.w.org\/{rel}","templated":true}]}}