{"id":399,"date":"2022-05-04T16:36:35","date_gmt":"2022-05-04T16:36:35","guid":{"rendered":"https:\/\/aincogroup.com\/?page_id=399"},"modified":"2025-02-19T23:03:09","modified_gmt":"2025-02-19T23:03:09","slug":"mision-de-ainco","status":"publish","type":"page","link":"https:\/\/aincogroup.com\/en\/mission-of-ainco\/","title":{"rendered":"Mision"},"content":{"rendered":"<div data-elementor-type=\"wp-page\" data-elementor-id=\"399\" class=\"elementor elementor-399\" data-elementor-post-type=\"page\">\n\t\t\t\t\t\t<section class=\"elementor-section elementor-top-section elementor-element elementor-element-1bdf6e59 elementor-section-height-full elementor-section-boxed elementor-section-height-default elementor-section-items-middle\" data-id=\"1bdf6e59\" data-element_type=\"section\" data-settings=\"{&quot;background_background&quot;:&quot;classic&quot;}\">\n\t\t\t\t\t\t<div class=\"elementor-container elementor-column-gap-default\">\n\t\t\t\t\t<div class=\"elementor-column elementor-col-100 elementor-top-column elementor-element elementor-element-d7f3775\" data-id=\"d7f3775\" data-element_type=\"column\">\n\t\t\t<div class=\"elementor-widget-wrap elementor-element-populated\">\n\t\t\t\t\t\t<section class=\"elementor-section elementor-inner-section elementor-element elementor-element-286f416e elementor-section-boxed elementor-section-height-default elementor-section-height-default\" data-id=\"286f416e\" data-element_type=\"section\">\n\t\t\t\t\t\t<div class=\"elementor-container elementor-column-gap-default\">\n\t\t\t\t\t<div class=\"elementor-column elementor-col-100 elementor-inner-column elementor-element elementor-element-2fd41c37\" data-id=\"2fd41c37\" data-element_type=\"column\">\n\t\t\t<div class=\"elementor-widget-wrap elementor-element-populated\">\n\t\t\t\t\t\t<div class=\"elementor-element elementor-element-154872e2 elementor-invisible elementor-widget elementor-widget-heading\" data-id=\"154872e2\" data-element_type=\"widget\" data-settings=\"{&quot;_animation&quot;:&quot;fadeIn&quot;}\" data-widget_type=\"heading.default\">\n\t\t\t\t<div class=\"elementor-widget-container\">\n\t\t\t\t\t<h1 class=\"elementor-heading-title elementor-size-default\">Mission<\/h1>\t\t\t\t<\/div>\n\t\t\t\t<\/div>\n\t\t\t\t\t<\/div>\n\t\t<\/div>\n\t\t\t\t\t<\/div>\n\t\t<\/section>\n\t\t\t\t<section class=\"elementor-section elementor-inner-section elementor-element elementor-element-4eaa564c elementor-section-boxed elementor-section-height-default elementor-section-height-default\" data-id=\"4eaa564c\" data-element_type=\"section\">\n\t\t\t\t\t\t<div class=\"elementor-container elementor-column-gap-default\">\n\t\t\t\t\t<div class=\"elementor-column elementor-col-50 elementor-inner-column elementor-element elementor-element-7e84d8be\" data-id=\"7e84d8be\" data-element_type=\"column\">\n\t\t\t<div class=\"elementor-widget-wrap elementor-element-populated\">\n\t\t\t\t\t\t<div class=\"elementor-element elementor-element-285d7c7c elementor-view-default elementor-invisible elementor-widget elementor-widget-icon\" data-id=\"285d7c7c\" data-element_type=\"widget\" data-settings=\"{&quot;_animation&quot;:&quot;fadeInDown&quot;}\" data-widget_type=\"icon.default\">\n\t\t\t\t<div class=\"elementor-widget-container\">\n\t\t\t\t\t\t\t<div class=\"elementor-icon-wrapper\">\n\t\t\t<div class=\"elementor-icon\">\n\t\t\t<i aria-hidden=\"true\" class=\"fas fa-angle-double-down\"><\/i>\t\t\t<\/div>\n\t\t<\/div>\n\t\t\t\t\t\t<\/div>\n\t\t\t\t<\/div>\n\t\t\t\t\t<\/div>\n\t\t<\/div>\n\t\t\t\t<div class=\"elementor-column elementor-col-50 elementor-inner-column elementor-element elementor-element-6408fc59\" data-id=\"6408fc59\" data-element_type=\"column\">\n\t\t\t<div class=\"elementor-widget-wrap\">\n\t\t\t\t\t\t\t<\/div>\n\t\t<\/div>\n\t\t\t\t\t<\/div>\n\t\t<\/section>\n\t\t\t\t\t<\/div>\n\t\t<\/div>\n\t\t\t\t\t<\/div>\n\t\t<\/section>\n\t\t<div class=\"elementor-element elementor-element-9464c76 e-con-full e-flex e-con e-parent\" data-id=\"9464c76\" data-element_type=\"container\">\n\t\t<div class=\"elementor-element elementor-element-d48db8b e-con-full e-flex e-con e-child\" data-id=\"d48db8b\" data-element_type=\"container\" data-settings=\"{&quot;background_background&quot;:&quot;classic&quot;}\">\n\t\t<div class=\"elementor-element elementor-element-7fab047 e-con-full e-flex e-con e-child\" data-id=\"7fab047\" data-element_type=\"container\">\n\t\t<div class=\"elementor-element elementor-element-c2f792c e-con-full elementor-hidden-desktop elementor-hidden-tablet e-flex e-con e-child\" data-id=\"c2f792c\" data-element_type=\"container\" data-settings=\"{&quot;background_background&quot;:&quot;classic&quot;}\">\n\t\t\t\t<div class=\"elementor-element elementor-element-f7ef1f7 elementor-widget elementor-widget-heading\" data-id=\"f7ef1f7\" data-element_type=\"widget\" data-widget_type=\"heading.default\">\n\t\t\t\t<div class=\"elementor-widget-container\">\n\t\t\t\t\t<h2 class=\"elementor-heading-title elementor-size-default\">MISSION<\/h2>\t\t\t\t<\/div>\n\t\t\t\t<\/div>\n\t\t\t\t<\/div>\n\t\t<div class=\"elementor-element elementor-element-86f5085 animated-fast e-con-full e-flex elementor-invisible e-con e-child\" data-id=\"86f5085\" data-element_type=\"container\" data-settings=\"{&quot;animation&quot;:&quot;slideInLeft&quot;}\">\n\t\t\t\t<div class=\"elementor-element elementor-element-fc295e1 elementor-widget elementor-widget-image\" data-id=\"fc295e1\" data-element_type=\"widget\" data-widget_type=\"image.default\">\n\t\t\t\t<div class=\"elementor-widget-container\">\n\t\t\t\t\t\t\t\t\t\t\t\t\t\t\t<img fetchpriority=\"high\" decoding=\"async\" width=\"697\" height=\"534\" src=\"https:\/\/aincogroup.com\/wp-content\/uploads\/2024\/05\/MISION-WEB.jpg\" class=\"attachment-large size-large wp-image-5393\" alt=\"\" srcset=\"https:\/\/aincogroup.com\/wp-content\/uploads\/2024\/05\/MISION-WEB.jpg 697w, https:\/\/aincogroup.com\/wp-content\/uploads\/2024\/05\/MISION-WEB-300x230.jpg 300w, https:\/\/aincogroup.com\/wp-content\/uploads\/2024\/05\/MISION-WEB-16x12.jpg 16w\" sizes=\"(max-width: 697px) 100vw, 697px\" \/>\t\t\t\t\t\t\t\t\t\t\t\t\t\t\t<\/div>\n\t\t\t\t<\/div>\n\t\t\t\t<\/div>\n\t\t<div class=\"elementor-element elementor-element-c60f32c e-con-full e-flex e-con e-child\" data-id=\"c60f32c\" data-element_type=\"container\">\n\t\t\t\t<div class=\"elementor-element elementor-element-b86b88b elementor-invisible elementor-widget elementor-widget-text-editor\" data-id=\"b86b88b\" data-element_type=\"widget\" data-settings=\"{&quot;_animation&quot;:&quot;fadeIn&quot;}\" data-widget_type=\"text-editor.default\">\n\t\t\t\t<div class=\"elementor-widget-container\">\n\t\t\t\t\t\t\t\t\t<p>Promote development in our region through innovative technological methods both in construction logistics and in carrying out projects with a sustainable and responsible approach.<\/p><p>Improve the construction method in the region through education in the use of construction software and new technologies. Improve public construction standards in the public sector.<\/p><p>Make the construction industry aware of its impact on the environment, using it as an example when building and designing.<\/p>\t\t\t\t\t\t\t\t<\/div>\n\t\t\t\t<\/div>\n\t\t\t\t<\/div>\n\t\t\t\t<\/div>\n\t\t\t\t<\/div>\n\t\t<div class=\"elementor-element elementor-element-3b7d4c8 animated-fast elementor-hidden-mobile e-con-full e-flex elementor-invisible e-con e-child\" data-id=\"3b7d4c8\" data-element_type=\"container\" data-settings=\"{&quot;background_background&quot;:&quot;classic&quot;,&quot;animation&quot;:&quot;slideInRight&quot;}\">\n\t\t\t\t<div class=\"elementor-element elementor-element-778d41e e-transform elementor-absolute elementor-widget elementor-widget-heading\" data-id=\"778d41e\" data-element_type=\"widget\" data-settings=\"{&quot;_transform_rotateZ_effect&quot;:{&quot;unit&quot;:&quot;px&quot;,&quot;size&quot;:270,&quot;sizes&quot;:[]},&quot;_position&quot;:&quot;absolute&quot;,&quot;_transform_rotateZ_effect_tablet&quot;:{&quot;unit&quot;:&quot;deg&quot;,&quot;size&quot;:&quot;&quot;,&quot;sizes&quot;:[]},&quot;_transform_rotateZ_effect_mobile&quot;:{&quot;unit&quot;:&quot;deg&quot;,&quot;size&quot;:&quot;&quot;,&quot;sizes&quot;:[]}}\" data-widget_type=\"heading.default\">\n\t\t\t\t<div class=\"elementor-widget-container\">\n\t\t\t\t\t<h2 class=\"elementor-heading-title elementor-size-default\">MISSION<\/h2>\t\t\t\t<\/div>\n\t\t\t\t<\/div>\n\t\t\t\t<\/div>\n\t\t\t\t<\/div>\n\t\t\t\t<section class=\"elementor-section elementor-top-section elementor-element elementor-element-22da4bd6 elementor-section-full_width elementor-section-height-default elementor-section-height-default\" data-id=\"22da4bd6\" data-element_type=\"section\" data-settings=\"{&quot;background_background&quot;:&quot;classic&quot;}\">\n\t\t\t\t\t\t<div class=\"elementor-container elementor-column-gap-default\">\n\t\t\t\t\t<div class=\"elementor-column elementor-col-100 elementor-top-column elementor-element elementor-element-523316ed\" data-id=\"523316ed\" data-element_type=\"column\">\n\t\t\t<div class=\"elementor-widget-wrap elementor-element-populated\">\n\t\t\t\t\t\t<section class=\"elementor-section elementor-inner-section elementor-element elementor-element-6df0d424 elementor-section-boxed elementor-section-height-default elementor-section-height-default\" data-id=\"6df0d424\" data-element_type=\"section\">\n\t\t\t\t\t\t<div class=\"elementor-container elementor-column-gap-default\">\n\t\t\t\t\t<div class=\"elementor-column elementor-col-100 elementor-inner-column elementor-element elementor-element-1601ab14 elementor-invisible\" data-id=\"1601ab14\" data-element_type=\"column\" data-settings=\"{&quot;animation&quot;:&quot;fadeInUp&quot;,&quot;animation_delay&quot;:500}\">\n\t\t\t<div class=\"elementor-widget-wrap\">\n\t\t\t\t\t\t\t<\/div>\n\t\t<\/div>\n\t\t\t\t\t<\/div>\n\t\t<\/section>\n\t\t\t\t\t<\/div>\n\t\t<\/div>\n\t\t\t\t\t<\/div>\n\t\t<\/section>\n\t\t\t\t<\/div>","protected":false},"excerpt":{"rendered":"<p>Misi\u00f3n MISI\u00d3N Fomentar el desarrollo en nuestra regi\u00f3n por medio de m\u00e9todos tecnol\u00f3gicos innovadores tanto en la l\u00f3gistica de la construcci\u00f3n como en la realizaci\u00f3n de los proyectos con un enfoque sostenible y responsable. Mejorar el m\u00e9todo constructivo de la regi\u00f3n por medio de la educaci\u00f3n del uso de software de construcci\u00f3n y de nuevas [&hellip;]<\/p>","protected":false},"author":1,"featured_media":0,"parent":0,"menu_order":0,"comment_status":"closed","ping_status":"closed","template":"","meta":{"site-sidebar-layout":"no-sidebar","site-content-layout":"page-builder","ast-site-content-layout":"full-width-container","site-content-style":"unboxed","site-sidebar-style":"unboxed","ast-global-header-display":"","ast-banner-title-visibility":"","ast-main-header-display":"","ast-hfb-above-header-display":"","ast-hfb-below-header-display":"","ast-hfb-mobile-header-display":"","site-post-title":"disabled","ast-breadcrumbs-content":"","ast-featured-img":"disabled","footer-sml-layout":"","theme-transparent-header-meta":"","adv-header-id-meta":"","stick-header-meta":"","header-above-stick-meta":"","header-main-stick-meta":"","header-below-stick-meta":"","astra-migrate-meta-layouts":"set","ast-page-background-enabled":"default","ast-page-background-meta":{"desktop":{"background-color":"var(--ast-global-color-4)","background-image":"","background-repeat":"repeat","background-position":"center center","background-size":"auto","background-attachment":"scroll","background-type":"","background-media":"","overlay-type":"","overlay-color":"","overlay-opacity":"","overlay-gradient":""},"tablet":{"background-color":"","background-image":"","background-repeat":"repeat","background-position":"center center","background-size":"auto","background-attachment":"scroll","background-type":"","background-media":"","overlay-type":"","overlay-color":"","overlay-opacity":"","overlay-gradient":""},"mobile":{"background-color":"","background-image":"","background-repeat":"repeat","background-position":"center center","background-size":"auto","background-attachment":"scroll","background-type":"","background-media":"","overlay-type":"","overlay-color":"","overlay-opacity":"","overlay-gradient":""}},"ast-content-background-meta":{"desktop":{"background-color":"var(--ast-global-color-5)","background-image":"","background-repeat":"repeat","background-position":"center center","background-size":"auto","background-attachment":"scroll","background-type":"","background-media":"","overlay-type":"","overlay-color":"","overlay-opacity":"","overlay-gradient":""},"tablet":{"background-color":"var(--ast-global-color-5)","background-image":"","background-repeat":"repeat","background-position":"center center","background-size":"auto","background-attachment":"scroll","background-type":"","background-media":"","overlay-type":"","overlay-color":"","overlay-opacity":"","overlay-gradient":""},"mobile":{"background-color":"var(--ast-global-color-5)","background-image":"","background-repeat":"repeat","background-position":"center center","background-size":"auto","background-attachment":"scroll","background-type":"","background-media":"","overlay-type":"","overlay-color":"","overlay-opacity":"","overlay-gradient":""}},"footnotes":""},"class_list":["post-399","page","type-page","status-publish","hentry"],"yoast_head":"<!-- This site is optimized with the Yoast SEO plugin v23.7 - https:\/\/yoast.com\/wordpress\/plugins\/seo\/ -->\n<title>Misi\u00f3n de AINCO - Desarrollo Sostenible e Innovaci\u00f3n<\/title>\n<meta name=\"description\" content=\"La Misi\u00f3n de AINCO es fomentar el desarrollo regional con innovaci\u00f3n, sostenibilidad y mejores est\u00e1ndares en la construcci\u00f3n.\" \/>\n<meta name=\"robots\" content=\"index, follow, max-snippet:-1, max-image-preview:large, max-video-preview:-1\" \/>\n<link rel=\"canonical\" href=\"https:\/\/aincogroup.com\/en\/mission-of-ainco\/\" \/>\n<meta property=\"og:locale\" content=\"en_US\" \/>\n<meta property=\"og:type\" content=\"article\" \/>\n<meta property=\"og:title\" content=\"Misi\u00f3n de AINCO - Desarrollo Sostenible e Innovaci\u00f3n\" \/>\n<meta property=\"og:description\" content=\"La Misi\u00f3n de AINCO es fomentar el desarrollo regional con innovaci\u00f3n, sostenibilidad y mejores est\u00e1ndares en la construcci\u00f3n.\" \/>\n<meta property=\"og:url\" content=\"https:\/\/aincogroup.com\/en\/mission-of-ainco\/\" \/>\n<meta property=\"og:site_name\" content=\"AINCO GROUP\" \/>\n<meta property=\"article:publisher\" content=\"https:\/\/www.facebook.com\/aincogrupo\" \/>\n<meta property=\"article:modified_time\" content=\"2025-02-19T23:03:09+00:00\" \/>\n<meta property=\"og:image\" content=\"https:\/\/aincogroup.com\/wp-content\/uploads\/2024\/05\/MISION-WEB.jpg\" \/>\n\t<meta property=\"og:image:width\" content=\"697\" \/>\n\t<meta property=\"og:image:height\" content=\"534\" \/>\n\t<meta property=\"og:image:type\" content=\"image\/jpeg\" \/>\n<meta name=\"twitter:card\" content=\"summary_large_image\" \/>\n<meta name=\"twitter:label1\" content=\"Est. reading time\" \/>\n\t<meta name=\"twitter:data1\" content=\"1 minute\" \/>\n<script type=\"application\/ld+json\" class=\"yoast-schema-graph\">{\"@context\":\"https:\/\/schema.org\",\"@graph\":[{\"@type\":\"WebPage\",\"@id\":\"https:\/\/aincogroup.com\/mision-de-ainco\/\",\"url\":\"https:\/\/aincogroup.com\/mision-de-ainco\/\",\"name\":\"Misi\u00f3n de AINCO - Desarrollo Sostenible e Innovaci\u00f3n\",\"isPartOf\":{\"@id\":\"https:\/\/aincogroup.com\/en\/#website\"},\"primaryImageOfPage\":{\"@id\":\"https:\/\/aincogroup.com\/mision-de-ainco\/#primaryimage\"},\"image\":{\"@id\":\"https:\/\/aincogroup.com\/mision-de-ainco\/#primaryimage\"},\"thumbnailUrl\":\"https:\/\/aincogroup.com\/wp-content\/uploads\/2024\/05\/MISION-WEB.jpg\",\"datePublished\":\"2022-05-04T16:36:35+00:00\",\"dateModified\":\"2025-02-19T23:03:09+00:00\",\"description\":\"La Misi\u00f3n de AINCO es fomentar el desarrollo regional con innovaci\u00f3n, sostenibilidad y mejores est\u00e1ndares en la construcci\u00f3n.\",\"breadcrumb\":{\"@id\":\"https:\/\/aincogroup.com\/mision-de-ainco\/#breadcrumb\"},\"inLanguage\":\"en-US\",\"potentialAction\":[{\"@type\":\"ReadAction\",\"target\":[\"https:\/\/aincogroup.com\/mision-de-ainco\/\"]}]},{\"@type\":\"ImageObject\",\"inLanguage\":\"en-US\",\"@id\":\"https:\/\/aincogroup.com\/mision-de-ainco\/#primaryimage\",\"url\":\"https:\/\/aincogroup.com\/wp-content\/uploads\/2024\/05\/MISION-WEB.jpg\",\"contentUrl\":\"https:\/\/aincogroup.com\/wp-content\/uploads\/2024\/05\/MISION-WEB.jpg\"},{\"@type\":\"BreadcrumbList\",\"@id\":\"https:\/\/aincogroup.com\/mision-de-ainco\/#breadcrumb\",\"itemListElement\":[{\"@type\":\"ListItem\",\"position\":1,\"name\":\"Home\",\"item\":\"https:\/\/aincogroup.com\/\"},{\"@type\":\"ListItem\",\"position\":2,\"name\":\"Mision\"}]},{\"@type\":\"WebSite\",\"@id\":\"https:\/\/aincogroup.com\/en\/#website\",\"url\":\"https:\/\/aincogroup.com\/en\/\",\"name\":\"AINCO GROUP\",\"description\":\"Impulsamos Desarrollo\",\"publisher\":{\"@id\":\"https:\/\/aincogroup.com\/en\/#organization\"},\"potentialAction\":[{\"@type\":\"SearchAction\",\"target\":{\"@type\":\"EntryPoint\",\"urlTemplate\":\"https:\/\/aincogroup.com\/en\/?s={search_term_string}\"},\"query-input\":{\"@type\":\"PropertyValueSpecification\",\"valueRequired\":true,\"valueName\":\"search_term_string\"}}],\"inLanguage\":\"en-US\"},{\"@type\":\"Organization\",\"@id\":\"https:\/\/aincogroup.com\/en\/#organization\",\"name\":\"AINCO GROUP\",\"url\":\"https:\/\/aincogroup.com\/en\/\",\"logo\":{\"@type\":\"ImageObject\",\"inLanguage\":\"en-US\",\"@id\":\"https:\/\/aincogroup.com\/en\/#\/schema\/logo\/image\/\",\"url\":\"https:\/\/aincogroup.com\/wp-content\/uploads\/2023\/08\/cropped-favicon-ainco.png\",\"contentUrl\":\"https:\/\/aincogroup.com\/wp-content\/uploads\/2023\/08\/cropped-favicon-ainco.png\",\"width\":512,\"height\":512,\"caption\":\"AINCO GROUP\"},\"image\":{\"@id\":\"https:\/\/aincogroup.com\/en\/#\/schema\/logo\/image\/\"},\"sameAs\":[\"https:\/\/www.facebook.com\/aincogrupo\",\"https:\/\/www.instagram.com\/ainco.grupo\/\",\"https:\/\/www.linkedin.com\/company\/grupo-ainco\/\",\"https:\/\/www.youtube.com\/channel\/UCTWFEnYpy66QYWQEdtipSzg\",\"https:\/\/www.tiktok.com\/@ainco.grupo?lang=es\"]}]}<\/script>\n<!-- \/ Yoast SEO plugin. -->","yoast_head_json":{"title":"Misi\u00f3n de AINCO - Desarrollo Sostenible e Innovaci\u00f3n","description":"La Misi\u00f3n de AINCO es fomentar el desarrollo regional con innovaci\u00f3n, sostenibilidad y mejores est\u00e1ndares en la construcci\u00f3n.","robots":{"index":"index","follow":"follow","max-snippet":"max-snippet:-1","max-image-preview":"max-image-preview:large","max-video-preview":"max-video-preview:-1"},"canonical":"https:\/\/aincogroup.com\/en\/mission-of-ainco\/","og_locale":"en_US","og_type":"article","og_title":"Misi\u00f3n de AINCO - Desarrollo Sostenible e Innovaci\u00f3n","og_description":"La Misi\u00f3n de AINCO es fomentar el desarrollo regional con innovaci\u00f3n, sostenibilidad y mejores est\u00e1ndares en la construcci\u00f3n.","og_url":"https:\/\/aincogroup.com\/en\/mission-of-ainco\/","og_site_name":"AINCO GROUP","article_publisher":"https:\/\/www.facebook.com\/aincogrupo","article_modified_time":"2025-02-19T23:03:09+00:00","og_image":[{"width":697,"height":534,"url":"https:\/\/aincogroup.com\/wp-content\/uploads\/2024\/05\/MISION-WEB.jpg","type":"image\/jpeg"}],"twitter_card":"summary_large_image","twitter_misc":{"Est. reading time":"1 minute"},"schema":{"@context":"https:\/\/schema.org","@graph":[{"@type":"WebPage","@id":"https:\/\/aincogroup.com\/mision-de-ainco\/","url":"https:\/\/aincogroup.com\/mision-de-ainco\/","name":"Misi\u00f3n de AINCO - Desarrollo Sostenible e Innovaci\u00f3n","isPartOf":{"@id":"https:\/\/aincogroup.com\/en\/#website"},"primaryImageOfPage":{"@id":"https:\/\/aincogroup.com\/mision-de-ainco\/#primaryimage"},"image":{"@id":"https:\/\/aincogroup.com\/mision-de-ainco\/#primaryimage"},"thumbnailUrl":"https:\/\/aincogroup.com\/wp-content\/uploads\/2024\/05\/MISION-WEB.jpg","datePublished":"2022-05-04T16:36:35+00:00","dateModified":"2025-02-19T23:03:09+00:00","description":"La Misi\u00f3n de AINCO es fomentar el desarrollo regional con innovaci\u00f3n, sostenibilidad y mejores est\u00e1ndares en la construcci\u00f3n.","breadcrumb":{"@id":"https:\/\/aincogroup.com\/mision-de-ainco\/#breadcrumb"},"inLanguage":"en-US","potentialAction":[{"@type":"ReadAction","target":["https:\/\/aincogroup.com\/mision-de-ainco\/"]}]},{"@type":"ImageObject","inLanguage":"en-US","@id":"https:\/\/aincogroup.com\/mision-de-ainco\/#primaryimage","url":"https:\/\/aincogroup.com\/wp-content\/uploads\/2024\/05\/MISION-WEB.jpg","contentUrl":"https:\/\/aincogroup.com\/wp-content\/uploads\/2024\/05\/MISION-WEB.jpg"},{"@type":"BreadcrumbList","@id":"https:\/\/aincogroup.com\/mision-de-ainco\/#breadcrumb","itemListElement":[{"@type":"ListItem","position":1,"name":"Home","item":"https:\/\/aincogroup.com\/"},{"@type":"ListItem","position":2,"name":"Mision"}]},{"@type":"WebSite","@id":"https:\/\/aincogroup.com\/en\/#website","url":"https:\/\/aincogroup.com\/en\/","name":"AINCO GROUP","description":"Impulsamos Desarrollo","publisher":{"@id":"https:\/\/aincogroup.com\/en\/#organization"},"potentialAction":[{"@type":"SearchAction","target":{"@type":"EntryPoint","urlTemplate":"https:\/\/aincogroup.com\/en\/?s={search_term_string}"},"query-input":{"@type":"PropertyValueSpecification","valueRequired":true,"valueName":"search_term_string"}}],"inLanguage":"en-US"},{"@type":"Organization","@id":"https:\/\/aincogroup.com\/en\/#organization","name":"AINCO GROUP","url":"https:\/\/aincogroup.com\/en\/","logo":{"@type":"ImageObject","inLanguage":"en-US","@id":"https:\/\/aincogroup.com\/en\/#\/schema\/logo\/image\/","url":"https:\/\/aincogroup.com\/wp-content\/uploads\/2023\/08\/cropped-favicon-ainco.png","contentUrl":"https:\/\/aincogroup.com\/wp-content\/uploads\/2023\/08\/cropped-favicon-ainco.png","width":512,"height":512,"caption":"AINCO GROUP"},"image":{"@id":"https:\/\/aincogroup.com\/en\/#\/schema\/logo\/image\/"},"sameAs":["https:\/\/www.facebook.com\/aincogrupo","https:\/\/www.instagram.com\/ainco.grupo\/","https:\/\/www.linkedin.com\/company\/grupo-ainco\/","https:\/\/www.youtube.com\/channel\/UCTWFEnYpy66QYWQEdtipSzg","https:\/\/www.tiktok.com\/@ainco.grupo?lang=es"]}]}},"_links":{"self":[{"href":"https:\/\/aincogroup.com\/en\/wp-json\/wp\/v2\/pages\/399","targetHints":{"allow":["GET"]}}],"collection":[{"href":"https:\/\/aincogroup.com\/en\/wp-json\/wp\/v2\/pages"}],"about":[{"href":"https:\/\/aincogroup.com\/en\/wp-json\/wp\/v2\/types\/page"}],"author":[{"embeddable":true,"href":"https:\/\/aincogroup.com\/en\/wp-json\/wp\/v2\/users\/1"}],"replies":[{"embeddable":true,"href":"https:\/\/aincogroup.com\/en\/wp-json\/wp\/v2\/comments?post=399"}],"version-history":[{"count":16,"href":"https:\/\/aincogroup.com\/en\/wp-json\/wp\/v2\/pages\/399\/revisions"}],"predecessor-version":[{"id":6776,"href":"https:\/\/aincogroup.com\/en\/wp-json\/wp\/v2\/pages\/399\/revisions\/6776"}],"wp:attachment":[{"href":"https:\/\/aincogroup.com\/en\/wp-json\/wp\/v2\/media?parent=399"}],"curies":[{"name":"wp","href":"https:\/\/api.w.org\/{rel}","templated":true}]}}