{"id":2842,"date":"2022-10-23T13:56:55","date_gmt":"2022-10-23T13:56:55","guid":{"rendered":"https:\/\/aincogroup.com\/?page_id=2842"},"modified":"2025-06-13T21:45:13","modified_gmt":"2025-06-13T21:45:13","slug":"ceo-de-ainco","status":"publish","type":"page","link":"https:\/\/aincogroup.com\/en\/ainco-team\/ceo-of-ainco\/","title":{"rendered":"CEO"},"content":{"rendered":"<div data-elementor-type=\"wp-page\" data-elementor-id=\"2842\" class=\"elementor elementor-2842\" data-elementor-post-type=\"page\">\n\t\t\t\t\t\t<section class=\"elementor-section elementor-top-section elementor-element elementor-element-1746d19e elementor-section-height-full elementor-section-boxed elementor-section-height-default elementor-section-items-middle\" data-id=\"1746d19e\" data-element_type=\"section\" data-settings=\"{&quot;background_background&quot;:&quot;classic&quot;}\">\n\t\t\t\t\t\t<div class=\"elementor-container elementor-column-gap-default\">\n\t\t\t\t\t<div class=\"elementor-column elementor-col-100 elementor-top-column elementor-element elementor-element-bf11e41\" data-id=\"bf11e41\" data-element_type=\"column\">\n\t\t\t<div class=\"elementor-widget-wrap elementor-element-populated\">\n\t\t\t\t\t\t<section class=\"elementor-section elementor-inner-section elementor-element elementor-element-1dd0654f elementor-section-boxed elementor-section-height-default elementor-section-height-default\" data-id=\"1dd0654f\" data-element_type=\"section\">\n\t\t\t\t\t\t<div class=\"elementor-container elementor-column-gap-default\">\n\t\t\t\t\t<div class=\"elementor-column elementor-col-100 elementor-inner-column elementor-element elementor-element-2e4aa9c7\" data-id=\"2e4aa9c7\" data-element_type=\"column\">\n\t\t\t<div class=\"elementor-widget-wrap elementor-element-populated\">\n\t\t\t\t\t\t<div class=\"elementor-element elementor-element-22278839 elementor-invisible elementor-widget elementor-widget-heading\" data-id=\"22278839\" data-element_type=\"widget\" data-settings=\"{&quot;_animation&quot;:&quot;fadeIn&quot;}\" data-widget_type=\"heading.default\">\n\t\t\t\t<div class=\"elementor-widget-container\">\n\t\t\t\t\t<h1 class=\"elementor-heading-title elementor-size-default\">CEO<\/h1>\t\t\t\t<\/div>\n\t\t\t\t<\/div>\n\t\t\t\t\t<\/div>\n\t\t<\/div>\n\t\t\t\t\t<\/div>\n\t\t<\/section>\n\t\t\t\t<section class=\"elementor-section elementor-inner-section elementor-element elementor-element-2d2ba53d elementor-section-boxed elementor-section-height-default elementor-section-height-default\" data-id=\"2d2ba53d\" data-element_type=\"section\">\n\t\t\t\t\t\t<div class=\"elementor-container elementor-column-gap-default\">\n\t\t\t\t\t<div class=\"elementor-column elementor-col-50 elementor-inner-column elementor-element elementor-element-4089143a\" data-id=\"4089143a\" data-element_type=\"column\">\n\t\t\t<div class=\"elementor-widget-wrap elementor-element-populated\">\n\t\t\t\t\t\t<div class=\"elementor-element elementor-element-24ba98cb elementor-view-default elementor-invisible elementor-widget elementor-widget-icon\" data-id=\"24ba98cb\" data-element_type=\"widget\" data-settings=\"{&quot;_animation&quot;:&quot;fadeInDown&quot;}\" data-widget_type=\"icon.default\">\n\t\t\t\t<div class=\"elementor-widget-container\">\n\t\t\t\t\t\t\t<div class=\"elementor-icon-wrapper\">\n\t\t\t<div class=\"elementor-icon\">\n\t\t\t<i aria-hidden=\"true\" class=\"fas fa-angle-double-down\"><\/i>\t\t\t<\/div>\n\t\t<\/div>\n\t\t\t\t\t\t<\/div>\n\t\t\t\t<\/div>\n\t\t\t\t\t<\/div>\n\t\t<\/div>\n\t\t\t\t<div class=\"elementor-column elementor-col-50 elementor-inner-column elementor-element elementor-element-4eefeb8a\" data-id=\"4eefeb8a\" data-element_type=\"column\">\n\t\t\t<div class=\"elementor-widget-wrap elementor-element-populated\">\n\t\t\t\t\t\t<div class=\"elementor-element elementor-element-58d320d elementor-widget elementor-widget-text-editor\" data-id=\"58d320d\" data-element_type=\"widget\" data-widget_type=\"text-editor.default\">\n\t\t\t\t<div class=\"elementor-widget-container\">\n\t\t\t\t\t\t\t\t\t<p>&#8220;La <a href=\"https:\/\/aincogroup.com\/en\/methodology-ainco\/\">AINCO methodology<\/a> es un proceso met\u00f3dico desarrollado con experiencia e innovaci\u00f3n que nos permite agregar valor a la industria.&#8221;<\/p>\t\t\t\t\t\t\t\t<\/div>\n\t\t\t\t<\/div>\n\t\t\t\t\t<\/div>\n\t\t<\/div>\n\t\t\t\t\t<\/div>\n\t\t<\/section>\n\t\t\t\t\t<\/div>\n\t\t<\/div>\n\t\t\t\t\t<\/div>\n\t\t<\/section>\n\t\t<div class=\"elementor-element elementor-element-a1c4c20 e-con-full e-flex e-con e-parent\" data-id=\"a1c4c20\" data-element_type=\"container\">\n\t\t<div class=\"elementor-element elementor-element-f98aca3 animated-fast elementor-hidden-mobile e-con-full e-flex elementor-invisible e-con e-child\" data-id=\"f98aca3\" data-element_type=\"container\" data-settings=\"{&quot;background_background&quot;:&quot;classic&quot;,&quot;animation&quot;:&quot;slideInRight&quot;}\">\n\t\t\t\t<div class=\"elementor-element elementor-element-0a6758a e-transform elementor-absolute elementor-widget elementor-widget-heading\" data-id=\"0a6758a\" data-element_type=\"widget\" data-settings=\"{&quot;_transform_rotateZ_effect&quot;:{&quot;unit&quot;:&quot;px&quot;,&quot;size&quot;:270,&quot;sizes&quot;:[]},&quot;_position&quot;:&quot;absolute&quot;,&quot;_transform_rotateZ_effect_tablet&quot;:{&quot;unit&quot;:&quot;deg&quot;,&quot;size&quot;:&quot;&quot;,&quot;sizes&quot;:[]},&quot;_transform_rotateZ_effect_mobile&quot;:{&quot;unit&quot;:&quot;deg&quot;,&quot;size&quot;:&quot;&quot;,&quot;sizes&quot;:[]}}\" data-widget_type=\"heading.default\">\n\t\t\t\t<div class=\"elementor-widget-container\">\n\t\t\t\t\t<h2 class=\"elementor-heading-title elementor-size-default\">Chief Executive Officer<\/h2>\t\t\t\t<\/div>\n\t\t\t\t<\/div>\n\t\t\t\t<\/div>\n\t\t<div class=\"elementor-element elementor-element-d0c5552 e-con-full e-flex e-con e-child\" data-id=\"d0c5552\" data-element_type=\"container\">\n\t\t<div class=\"elementor-element elementor-element-e382720 e-con-full elementor-hidden-desktop elementor-hidden-tablet e-flex e-con e-child\" data-id=\"e382720\" data-element_type=\"container\" data-settings=\"{&quot;background_background&quot;:&quot;classic&quot;}\">\n\t\t\t\t<div class=\"elementor-element elementor-element-dbc74de elementor-widget elementor-widget-heading\" data-id=\"dbc74de\" data-element_type=\"widget\" data-widget_type=\"heading.default\">\n\t\t\t\t<div class=\"elementor-widget-container\">\n\t\t\t\t\t<h2 class=\"elementor-heading-title elementor-size-default\">PROJECT MANAGER OFFICER<\/h2>\t\t\t\t<\/div>\n\t\t\t\t<\/div>\n\t\t\t\t<\/div>\n\t\t<div class=\"elementor-element elementor-element-4afe71a e-con-full e-flex e-con e-child\" data-id=\"4afe71a\" data-element_type=\"container\" data-settings=\"{&quot;background_background&quot;:&quot;classic&quot;}\">\n\t\t\t\t<div class=\"elementor-element elementor-element-bdf6004 elementor-invisible elementor-widget elementor-widget-heading\" data-id=\"bdf6004\" data-element_type=\"widget\" data-settings=\"{&quot;_animation&quot;:&quot;fadeIn&quot;}\" data-widget_type=\"heading.default\">\n\t\t\t\t<div class=\"elementor-widget-container\">\n\t\t\t\t\t<h3 class=\"elementor-heading-title elementor-size-default\">Juan Fernando Santizo<\/h3>\t\t\t\t<\/div>\n\t\t\t\t<\/div>\n\t\t\t\t<div class=\"elementor-element elementor-element-f1d4980 elementor-invisible elementor-widget elementor-widget-heading\" data-id=\"f1d4980\" data-element_type=\"widget\" data-settings=\"{&quot;_animation&quot;:&quot;fadeIn&quot;}\" data-widget_type=\"heading.default\">\n\t\t\t\t<div class=\"elementor-widget-container\">\n\t\t\t\t\t<h4 class=\"elementor-heading-title elementor-size-default\">Chief Executive Officer<\/h4>\t\t\t\t<\/div>\n\t\t\t\t<\/div>\n\t\t\t\t<div class=\"elementor-element elementor-element-da384d2 elementor-invisible elementor-widget elementor-widget-text-editor\" data-id=\"da384d2\" data-element_type=\"widget\" data-settings=\"{&quot;_animation&quot;:&quot;fadeIn&quot;}\" data-widget_type=\"text-editor.default\">\n\t\t\t\t<div class=\"elementor-widget-container\">\n\t\t\t\t\t\t\t\t\t<p>Project Manager, PMP, specialized in managing Programs, Portfolios and Projects.<\/p><p>Lidera la transformaci\u00f3n digital de la organizaci\u00f3n y la construcci\u00f3n digital (V.D.C.) y la promueve en la industria.<\/p><p>Su especialidad es el manejo correcto de los programas y como sus recursos, beneficios y modelos de negocio se interrelacionan en las empresas del grupo.<\/p><p>Especialista LEAN fomenta la filosof\u00eda en toda la organizaci\u00f3n y la impulsa en la industria.<\/p><p>\u00a0<\/p>\t\t\t\t\t\t\t\t<\/div>\n\t\t\t\t<\/div>\n\t\t\t\t<\/div>\n\t\t<div class=\"elementor-element elementor-element-24fc101 animated-fast e-con-full e-flex elementor-invisible e-con e-child\" data-id=\"24fc101\" data-element_type=\"container\" data-settings=\"{&quot;background_background&quot;:&quot;classic&quot;,&quot;animation&quot;:&quot;slideInLeft&quot;}\">\n\t\t\t\t<div class=\"elementor-element elementor-element-2ac955a elementor-widget elementor-widget-image\" data-id=\"2ac955a\" data-element_type=\"widget\" data-widget_type=\"image.default\">\n\t\t\t\t<div class=\"elementor-widget-container\">\n\t\t\t\t\t\t\t\t\t\t\t\t\t\t\t<img fetchpriority=\"high\" decoding=\"async\" width=\"300\" height=\"300\" src=\"https:\/\/aincogroup.com\/wp-content\/uploads\/2025\/06\/JFS-300x300.jpg\" class=\"attachment-medium size-medium wp-image-7174\" alt=\"\" srcset=\"https:\/\/aincogroup.com\/wp-content\/uploads\/2025\/06\/JFS-e1749850137253.jpg 300w, https:\/\/aincogroup.com\/wp-content\/uploads\/2025\/06\/JFS-150x150.jpg 150w, https:\/\/aincogroup.com\/wp-content\/uploads\/2025\/06\/JFS-768x768.jpg 768w, https:\/\/aincogroup.com\/wp-content\/uploads\/2025\/06\/JFS-12x12.jpg 12w\" sizes=\"(max-width: 300px) 100vw, 300px\" \/>\t\t\t\t\t\t\t\t\t\t\t\t\t\t\t<\/div>\n\t\t\t\t<\/div>\n\t\t\t\t<div class=\"elementor-element elementor-element-4598269 elementor-view-default elementor-widget elementor-widget-icon\" data-id=\"4598269\" data-element_type=\"widget\" data-widget_type=\"icon.default\">\n\t\t\t\t<div class=\"elementor-widget-container\">\n\t\t\t\t\t\t\t<div class=\"elementor-icon-wrapper\">\n\t\t\t<a class=\"elementor-icon\" href=\"https:\/\/www.linkedin.com\/in\/juan-fernando-santizo-orellana-83a0b4104\/\" target=\"_blank\">\n\t\t\t<i aria-hidden=\"true\" class=\"fab fa-linkedin\"><\/i>\t\t\t<\/a>\n\t\t<\/div>\n\t\t\t\t\t\t<\/div>\n\t\t\t\t<\/div>\n\t\t\t\t<\/div>\n\t\t\t\t<\/div>\n\t\t\t\t<\/div>\n\t\t\t\t<\/div>","protected":false},"excerpt":{"rendered":"<p>CEO &#8220;La metodolog\u00eda AINCO es un proceso met\u00f3dico desarrollado con experiencia e innovaci\u00f3n que nos permite agregar valor a la industria.&#8221; Chief Executive Officer PROJECT MANAGER OFFICER Juan Fernando Santizo Chief Executive Officer Project Manager, PMP, con especializaci\u00f3n en manejo de Programas, Portafolios y Proyectos. Lidera la transformaci\u00f3n digital de la organizaci\u00f3n y la construcci\u00f3n [&hellip;]<\/p>","protected":false},"author":2,"featured_media":0,"parent":1091,"menu_order":0,"comment_status":"closed","ping_status":"closed","template":"","meta":{"site-sidebar-layout":"no-sidebar","site-content-layout":"page-builder","ast-site-content-layout":"full-width-container","site-content-style":"unboxed","site-sidebar-style":"unboxed","ast-global-header-display":"","ast-banner-title-visibility":"","ast-main-header-display":"","ast-hfb-above-header-display":"","ast-hfb-below-header-display":"","ast-hfb-mobile-header-display":"","site-post-title":"disabled","ast-breadcrumbs-content":"","ast-featured-img":"disabled","footer-sml-layout":"","theme-transparent-header-meta":"","adv-header-id-meta":"","stick-header-meta":"","header-above-stick-meta":"","header-main-stick-meta":"","header-below-stick-meta":"","astra-migrate-meta-layouts":"set","ast-page-background-enabled":"default","ast-page-background-meta":{"desktop":{"background-color":"var(--ast-global-color-4)","background-image":"","background-repeat":"repeat","background-position":"center center","background-size":"auto","background-attachment":"scroll","background-type":"","background-media":"","overlay-type":"","overlay-color":"","overlay-opacity":"","overlay-gradient":""},"tablet":{"background-color":"","background-image":"","background-repeat":"repeat","background-position":"center center","background-size":"auto","background-attachment":"scroll","background-type":"","background-media":"","overlay-type":"","overlay-color":"","overlay-opacity":"","overlay-gradient":""},"mobile":{"background-color":"","background-image":"","background-repeat":"repeat","background-position":"center center","background-size":"auto","background-attachment":"scroll","background-type":"","background-media":"","overlay-type":"","overlay-color":"","overlay-opacity":"","overlay-gradient":""}},"ast-content-background-meta":{"desktop":{"background-color":"var(--ast-global-color-5)","background-image":"","background-repeat":"repeat","background-position":"center center","background-size":"auto","background-attachment":"scroll","background-type":"","background-media":"","overlay-type":"","overlay-color":"","overlay-opacity":"","overlay-gradient":""},"tablet":{"background-color":"var(--ast-global-color-5)","background-image":"","background-repeat":"repeat","background-position":"center center","background-size":"auto","background-attachment":"scroll","background-type":"","background-media":"","overlay-type":"","overlay-color":"","overlay-opacity":"","overlay-gradient":""},"mobile":{"background-color":"var(--ast-global-color-5)","background-image":"","background-repeat":"repeat","background-position":"center center","background-size":"auto","background-attachment":"scroll","background-type":"","background-media":"","overlay-type":"","overlay-color":"","overlay-opacity":"","overlay-gradient":""}},"footnotes":""},"class_list":["post-2842","page","type-page","status-publish","hentry"],"yoast_head":"<!-- This site is optimized with the Yoast SEO plugin v23.7 - https:\/\/yoast.com\/wordpress\/plugins\/seo\/ -->\n<title>PMO de AINCO | Juan Fernando Santizo<\/title>\n<meta name=\"description\" content=\"Juan Fernando Santizo, PMO de AINCO, lidera la transformaci\u00f3n digital y la gesti\u00f3n de programas, portafolios y proyectos para aumentar la productividad.\" \/>\n<meta name=\"robots\" content=\"index, follow, max-snippet:-1, max-image-preview:large, max-video-preview:-1\" \/>\n<link rel=\"canonical\" href=\"https:\/\/aincogroup.com\/en\/ainco-team\/ceo-of-ainco\/\" \/>\n<meta property=\"og:locale\" content=\"en_US\" \/>\n<meta property=\"og:type\" content=\"article\" \/>\n<meta property=\"og:title\" content=\"PMO de AINCO | Juan Fernando Santizo\" \/>\n<meta property=\"og:description\" content=\"Juan Fernando Santizo, PMO de AINCO, lidera la transformaci\u00f3n digital y la gesti\u00f3n de programas, portafolios y proyectos para aumentar la productividad.\" \/>\n<meta property=\"og:url\" content=\"https:\/\/aincogroup.com\/en\/ainco-team\/ceo-of-ainco\/\" \/>\n<meta property=\"og:site_name\" content=\"AINCO GROUP\" \/>\n<meta property=\"article:publisher\" content=\"https:\/\/www.facebook.com\/aincogrupo\" \/>\n<meta property=\"article:modified_time\" content=\"2025-06-13T21:45:13+00:00\" \/>\n<meta property=\"og:image\" content=\"https:\/\/aincogroup.com\/wp-content\/uploads\/2025\/06\/JFS-e1749850137253.jpg\" \/>\n\t<meta property=\"og:image:width\" content=\"300\" \/>\n\t<meta property=\"og:image:height\" content=\"300\" \/>\n\t<meta property=\"og:image:type\" content=\"image\/jpeg\" \/>\n<meta name=\"twitter:card\" content=\"summary_large_image\" \/>\n<meta name=\"twitter:label1\" content=\"Est. reading time\" \/>\n\t<meta name=\"twitter:data1\" content=\"1 minute\" \/>\n<script type=\"application\/ld+json\" class=\"yoast-schema-graph\">{\"@context\":\"https:\/\/schema.org\",\"@graph\":[{\"@type\":\"WebPage\",\"@id\":\"https:\/\/aincogroup.com\/equipo-de-ainco\/ceo-de-ainco\/\",\"url\":\"https:\/\/aincogroup.com\/equipo-de-ainco\/ceo-de-ainco\/\",\"name\":\"PMO de AINCO | Juan Fernando Santizo\",\"isPartOf\":{\"@id\":\"https:\/\/aincogroup.com\/en\/#website\"},\"primaryImageOfPage\":{\"@id\":\"https:\/\/aincogroup.com\/equipo-de-ainco\/ceo-de-ainco\/#primaryimage\"},\"image\":{\"@id\":\"https:\/\/aincogroup.com\/equipo-de-ainco\/ceo-de-ainco\/#primaryimage\"},\"thumbnailUrl\":\"https:\/\/aincogroup.com\/wp-content\/uploads\/2025\/06\/JFS-300x300.jpg\",\"datePublished\":\"2022-10-23T13:56:55+00:00\",\"dateModified\":\"2025-06-13T21:45:13+00:00\",\"description\":\"Juan Fernando Santizo, PMO de AINCO, lidera la transformaci\u00f3n digital y la gesti\u00f3n de programas, portafolios y proyectos para aumentar la productividad.\",\"breadcrumb\":{\"@id\":\"https:\/\/aincogroup.com\/equipo-de-ainco\/ceo-de-ainco\/#breadcrumb\"},\"inLanguage\":\"en-US\",\"potentialAction\":[{\"@type\":\"ReadAction\",\"target\":[\"https:\/\/aincogroup.com\/equipo-de-ainco\/ceo-de-ainco\/\"]}]},{\"@type\":\"ImageObject\",\"inLanguage\":\"en-US\",\"@id\":\"https:\/\/aincogroup.com\/equipo-de-ainco\/ceo-de-ainco\/#primaryimage\",\"url\":\"https:\/\/aincogroup.com\/wp-content\/uploads\/2025\/06\/JFS-300x300.jpg\",\"contentUrl\":\"https:\/\/aincogroup.com\/wp-content\/uploads\/2025\/06\/JFS-300x300.jpg\"},{\"@type\":\"BreadcrumbList\",\"@id\":\"https:\/\/aincogroup.com\/equipo-de-ainco\/ceo-de-ainco\/#breadcrumb\",\"itemListElement\":[{\"@type\":\"ListItem\",\"position\":1,\"name\":\"Home\",\"item\":\"https:\/\/aincogroup.com\/\"},{\"@type\":\"ListItem\",\"position\":2,\"name\":\"Equipo\",\"item\":\"https:\/\/aincogroup.com\/equipo-de-ainco\/\"},{\"@type\":\"ListItem\",\"position\":3,\"name\":\"CEO\"}]},{\"@type\":\"WebSite\",\"@id\":\"https:\/\/aincogroup.com\/en\/#website\",\"url\":\"https:\/\/aincogroup.com\/en\/\",\"name\":\"AINCO GROUP\",\"description\":\"Impulsamos Desarrollo\",\"publisher\":{\"@id\":\"https:\/\/aincogroup.com\/en\/#organization\"},\"potentialAction\":[{\"@type\":\"SearchAction\",\"target\":{\"@type\":\"EntryPoint\",\"urlTemplate\":\"https:\/\/aincogroup.com\/en\/?s={search_term_string}\"},\"query-input\":{\"@type\":\"PropertyValueSpecification\",\"valueRequired\":true,\"valueName\":\"search_term_string\"}}],\"inLanguage\":\"en-US\"},{\"@type\":\"Organization\",\"@id\":\"https:\/\/aincogroup.com\/en\/#organization\",\"name\":\"AINCO GROUP\",\"url\":\"https:\/\/aincogroup.com\/en\/\",\"logo\":{\"@type\":\"ImageObject\",\"inLanguage\":\"en-US\",\"@id\":\"https:\/\/aincogroup.com\/en\/#\/schema\/logo\/image\/\",\"url\":\"https:\/\/aincogroup.com\/wp-content\/uploads\/2023\/08\/cropped-favicon-ainco.png\",\"contentUrl\":\"https:\/\/aincogroup.com\/wp-content\/uploads\/2023\/08\/cropped-favicon-ainco.png\",\"width\":512,\"height\":512,\"caption\":\"AINCO GROUP\"},\"image\":{\"@id\":\"https:\/\/aincogroup.com\/en\/#\/schema\/logo\/image\/\"},\"sameAs\":[\"https:\/\/www.facebook.com\/aincogrupo\",\"https:\/\/www.instagram.com\/ainco.grupo\/\",\"https:\/\/www.linkedin.com\/company\/grupo-ainco\/\",\"https:\/\/www.youtube.com\/channel\/UCTWFEnYpy66QYWQEdtipSzg\",\"https:\/\/www.tiktok.com\/@ainco.grupo?lang=es\"]}]}<\/script>\n<!-- \/ Yoast SEO plugin. -->","yoast_head_json":{"title":"PMO de AINCO | Juan Fernando Santizo","description":"Juan Fernando Santizo, PMO de AINCO, lidera la transformaci\u00f3n digital y la gesti\u00f3n de programas, portafolios y proyectos para aumentar la productividad.","robots":{"index":"index","follow":"follow","max-snippet":"max-snippet:-1","max-image-preview":"max-image-preview:large","max-video-preview":"max-video-preview:-1"},"canonical":"https:\/\/aincogroup.com\/en\/ainco-team\/ceo-of-ainco\/","og_locale":"en_US","og_type":"article","og_title":"PMO de AINCO | Juan Fernando Santizo","og_description":"Juan Fernando Santizo, PMO de AINCO, lidera la transformaci\u00f3n digital y la gesti\u00f3n de programas, portafolios y proyectos para aumentar la productividad.","og_url":"https:\/\/aincogroup.com\/en\/ainco-team\/ceo-of-ainco\/","og_site_name":"AINCO GROUP","article_publisher":"https:\/\/www.facebook.com\/aincogrupo","article_modified_time":"2025-06-13T21:45:13+00:00","og_image":[{"width":300,"height":300,"url":"https:\/\/aincogroup.com\/wp-content\/uploads\/2025\/06\/JFS-e1749850137253.jpg","type":"image\/jpeg"}],"twitter_card":"summary_large_image","twitter_misc":{"Est. reading time":"1 minute"},"schema":{"@context":"https:\/\/schema.org","@graph":[{"@type":"WebPage","@id":"https:\/\/aincogroup.com\/equipo-de-ainco\/ceo-de-ainco\/","url":"https:\/\/aincogroup.com\/equipo-de-ainco\/ceo-de-ainco\/","name":"PMO de AINCO | Juan Fernando Santizo","isPartOf":{"@id":"https:\/\/aincogroup.com\/en\/#website"},"primaryImageOfPage":{"@id":"https:\/\/aincogroup.com\/equipo-de-ainco\/ceo-de-ainco\/#primaryimage"},"image":{"@id":"https:\/\/aincogroup.com\/equipo-de-ainco\/ceo-de-ainco\/#primaryimage"},"thumbnailUrl":"https:\/\/aincogroup.com\/wp-content\/uploads\/2025\/06\/JFS-300x300.jpg","datePublished":"2022-10-23T13:56:55+00:00","dateModified":"2025-06-13T21:45:13+00:00","description":"Juan Fernando Santizo, PMO de AINCO, lidera la transformaci\u00f3n digital y la gesti\u00f3n de programas, portafolios y proyectos para aumentar la productividad.","breadcrumb":{"@id":"https:\/\/aincogroup.com\/equipo-de-ainco\/ceo-de-ainco\/#breadcrumb"},"inLanguage":"en-US","potentialAction":[{"@type":"ReadAction","target":["https:\/\/aincogroup.com\/equipo-de-ainco\/ceo-de-ainco\/"]}]},{"@type":"ImageObject","inLanguage":"en-US","@id":"https:\/\/aincogroup.com\/equipo-de-ainco\/ceo-de-ainco\/#primaryimage","url":"https:\/\/aincogroup.com\/wp-content\/uploads\/2025\/06\/JFS-300x300.jpg","contentUrl":"https:\/\/aincogroup.com\/wp-content\/uploads\/2025\/06\/JFS-300x300.jpg"},{"@type":"BreadcrumbList","@id":"https:\/\/aincogroup.com\/equipo-de-ainco\/ceo-de-ainco\/#breadcrumb","itemListElement":[{"@type":"ListItem","position":1,"name":"Home","item":"https:\/\/aincogroup.com\/"},{"@type":"ListItem","position":2,"name":"Equipo","item":"https:\/\/aincogroup.com\/equipo-de-ainco\/"},{"@type":"ListItem","position":3,"name":"CEO"}]},{"@type":"WebSite","@id":"https:\/\/aincogroup.com\/en\/#website","url":"https:\/\/aincogroup.com\/en\/","name":"AINCO GROUP","description":"Impulsamos Desarrollo","publisher":{"@id":"https:\/\/aincogroup.com\/en\/#organization"},"potentialAction":[{"@type":"SearchAction","target":{"@type":"EntryPoint","urlTemplate":"https:\/\/aincogroup.com\/en\/?s={search_term_string}"},"query-input":{"@type":"PropertyValueSpecification","valueRequired":true,"valueName":"search_term_string"}}],"inLanguage":"en-US"},{"@type":"Organization","@id":"https:\/\/aincogroup.com\/en\/#organization","name":"AINCO GROUP","url":"https:\/\/aincogroup.com\/en\/","logo":{"@type":"ImageObject","inLanguage":"en-US","@id":"https:\/\/aincogroup.com\/en\/#\/schema\/logo\/image\/","url":"https:\/\/aincogroup.com\/wp-content\/uploads\/2023\/08\/cropped-favicon-ainco.png","contentUrl":"https:\/\/aincogroup.com\/wp-content\/uploads\/2023\/08\/cropped-favicon-ainco.png","width":512,"height":512,"caption":"AINCO GROUP"},"image":{"@id":"https:\/\/aincogroup.com\/en\/#\/schema\/logo\/image\/"},"sameAs":["https:\/\/www.facebook.com\/aincogrupo","https:\/\/www.instagram.com\/ainco.grupo\/","https:\/\/www.linkedin.com\/company\/grupo-ainco\/","https:\/\/www.youtube.com\/channel\/UCTWFEnYpy66QYWQEdtipSzg","https:\/\/www.tiktok.com\/@ainco.grupo?lang=es"]}]}},"_links":{"self":[{"href":"https:\/\/aincogroup.com\/en\/wp-json\/wp\/v2\/pages\/2842","targetHints":{"allow":["GET"]}}],"collection":[{"href":"https:\/\/aincogroup.com\/en\/wp-json\/wp\/v2\/pages"}],"about":[{"href":"https:\/\/aincogroup.com\/en\/wp-json\/wp\/v2\/types\/page"}],"author":[{"embeddable":true,"href":"https:\/\/aincogroup.com\/en\/wp-json\/wp\/v2\/users\/2"}],"replies":[{"embeddable":true,"href":"https:\/\/aincogroup.com\/en\/wp-json\/wp\/v2\/comments?post=2842"}],"version-history":[{"count":29,"href":"https:\/\/aincogroup.com\/en\/wp-json\/wp\/v2\/pages\/2842\/revisions"}],"predecessor-version":[{"id":7186,"href":"https:\/\/aincogroup.com\/en\/wp-json\/wp\/v2\/pages\/2842\/revisions\/7186"}],"up":[{"embeddable":true,"href":"https:\/\/aincogroup.com\/en\/wp-json\/wp\/v2\/pages\/1091"}],"wp:attachment":[{"href":"https:\/\/aincogroup.com\/en\/wp-json\/wp\/v2\/media?parent=2842"}],"curies":[{"name":"wp","href":"https:\/\/api.w.org\/{rel}","templated":true}]}}