{"id":1530,"date":"2022-06-28T13:58:52","date_gmt":"2022-06-28T13:58:52","guid":{"rendered":"https:\/\/aincogroup.com\/?page_id=1530"},"modified":"2025-02-20T19:09:21","modified_gmt":"2025-02-20T19:09:21","slug":"sostenibilidad-en-ainco","status":"publish","type":"page","link":"https:\/\/aincogroup.com\/en\/sustainability-in-ainco\/","title":{"rendered":"Sostenibilidad"},"content":{"rendered":"<div data-elementor-type=\"wp-page\" data-elementor-id=\"1530\" class=\"elementor elementor-1530\" data-elementor-post-type=\"page\">\n\t\t\t\t\t\t<section class=\"elementor-section elementor-top-section elementor-element elementor-element-44d77286 elementor-section-height-full elementor-section-boxed elementor-section-height-default elementor-section-items-middle\" data-id=\"44d77286\" data-element_type=\"section\" data-settings=\"{&quot;background_background&quot;:&quot;classic&quot;}\">\n\t\t\t\t\t\t<div class=\"elementor-container elementor-column-gap-default\">\n\t\t\t\t\t<div class=\"elementor-column elementor-col-100 elementor-top-column elementor-element elementor-element-41d6a677\" data-id=\"41d6a677\" data-element_type=\"column\">\n\t\t\t<div class=\"elementor-widget-wrap elementor-element-populated\">\n\t\t\t\t\t\t<section class=\"elementor-section elementor-inner-section elementor-element elementor-element-7d3c82b5 elementor-section-boxed elementor-section-height-default elementor-section-height-default\" data-id=\"7d3c82b5\" data-element_type=\"section\">\n\t\t\t\t\t\t<div class=\"elementor-container elementor-column-gap-default\">\n\t\t\t\t\t<div class=\"elementor-column elementor-col-100 elementor-inner-column elementor-element elementor-element-54fa21d\" data-id=\"54fa21d\" data-element_type=\"column\">\n\t\t\t<div class=\"elementor-widget-wrap elementor-element-populated\">\n\t\t\t\t\t\t<div class=\"elementor-element elementor-element-5c5898aa elementor-invisible elementor-widget elementor-widget-heading\" data-id=\"5c5898aa\" data-element_type=\"widget\" data-settings=\"{&quot;_animation&quot;:&quot;fadeIn&quot;}\" data-widget_type=\"heading.default\">\n\t\t\t\t<div class=\"elementor-widget-container\">\n\t\t\t\t\t<h1 class=\"elementor-heading-title elementor-size-default\">Sostenibilidad<\/h1>\t\t\t\t<\/div>\n\t\t\t\t<\/div>\n\t\t\t\t\t<\/div>\n\t\t<\/div>\n\t\t\t\t\t<\/div>\n\t\t<\/section>\n\t\t\t\t<section class=\"elementor-section elementor-inner-section elementor-element elementor-element-5a812919 elementor-section-boxed elementor-section-height-default elementor-section-height-default\" data-id=\"5a812919\" data-element_type=\"section\">\n\t\t\t\t\t\t<div class=\"elementor-container elementor-column-gap-default\">\n\t\t\t\t\t<div class=\"elementor-column elementor-col-50 elementor-inner-column elementor-element elementor-element-3e66677e\" data-id=\"3e66677e\" data-element_type=\"column\">\n\t\t\t<div class=\"elementor-widget-wrap elementor-element-populated\">\n\t\t\t\t\t\t<div class=\"elementor-element elementor-element-763e4a09 elementor-view-default elementor-invisible elementor-widget elementor-widget-icon\" data-id=\"763e4a09\" data-element_type=\"widget\" data-settings=\"{&quot;_animation&quot;:&quot;fadeInDown&quot;}\" data-widget_type=\"icon.default\">\n\t\t\t\t<div class=\"elementor-widget-container\">\n\t\t\t\t\t\t\t<div class=\"elementor-icon-wrapper\">\n\t\t\t<div class=\"elementor-icon\">\n\t\t\t<i aria-hidden=\"true\" class=\"fas fa-angle-double-down\"><\/i>\t\t\t<\/div>\n\t\t<\/div>\n\t\t\t\t\t\t<\/div>\n\t\t\t\t<\/div>\n\t\t\t\t\t<\/div>\n\t\t<\/div>\n\t\t\t\t<div class=\"elementor-column elementor-col-50 elementor-inner-column elementor-element elementor-element-47fd187b\" data-id=\"47fd187b\" data-element_type=\"column\">\n\t\t\t<div class=\"elementor-widget-wrap elementor-element-populated\">\n\t\t\t\t\t\t<div class=\"elementor-element elementor-element-62a1999 elementor-widget elementor-widget-text-editor\" data-id=\"62a1999\" data-element_type=\"widget\" data-widget_type=\"text-editor.default\">\n\t\t\t\t<div class=\"elementor-widget-container\">\n\t\t\t\t\t\t\t\t\t<p>Responsabilidad Social, Empresarial, y Ambiental.<\/p>\t\t\t\t\t\t\t\t<\/div>\n\t\t\t\t<\/div>\n\t\t\t\t\t<\/div>\n\t\t<\/div>\n\t\t\t\t\t<\/div>\n\t\t<\/section>\n\t\t\t\t\t<\/div>\n\t\t<\/div>\n\t\t\t\t\t<\/div>\n\t\t<\/section>\n\t\t<div class=\"elementor-element elementor-element-911e706 e-con-full e-flex e-con e-parent\" data-id=\"911e706\" data-element_type=\"container\">\n\t\t<div class=\"elementor-element elementor-element-f91f4d0 e-con-full e-flex e-con e-child\" data-id=\"f91f4d0\" data-element_type=\"container\" data-settings=\"{&quot;background_background&quot;:&quot;classic&quot;}\">\n\t\t<div class=\"elementor-element elementor-element-90e66bf e-con-full e-flex e-con e-child\" data-id=\"90e66bf\" data-element_type=\"container\">\n\t\t<div class=\"elementor-element elementor-element-2eb81ef e-con-full elementor-hidden-desktop elementor-hidden-tablet e-flex e-con e-child\" data-id=\"2eb81ef\" data-element_type=\"container\" data-settings=\"{&quot;background_background&quot;:&quot;classic&quot;}\">\n\t\t\t\t<div class=\"elementor-element elementor-element-7ad144e elementor-widget elementor-widget-heading\" data-id=\"7ad144e\" data-element_type=\"widget\" data-widget_type=\"heading.default\">\n\t\t\t\t<div class=\"elementor-widget-container\">\n\t\t\t\t\t<h2 class=\"elementor-heading-title elementor-size-default\">ESG<\/h2>\t\t\t\t<\/div>\n\t\t\t\t<\/div>\n\t\t\t\t<\/div>\n\t\t<div class=\"elementor-element elementor-element-951edff animated-fast e-con-full e-flex elementor-invisible e-con e-child\" data-id=\"951edff\" data-element_type=\"container\" data-settings=\"{&quot;animation&quot;:&quot;slideInLeft&quot;}\">\n\t\t\t\t<div class=\"elementor-element elementor-element-de99afd elementor-widget elementor-widget-image\" data-id=\"de99afd\" data-element_type=\"widget\" data-widget_type=\"image.default\">\n\t\t\t\t<div class=\"elementor-widget-container\">\n\t\t\t\t\t\t\t\t\t\t\t\t\t\t\t<img fetchpriority=\"high\" decoding=\"async\" width=\"697\" height=\"535\" src=\"https:\/\/aincogroup.com\/wp-content\/uploads\/2022\/11\/1.13-Foto-1.png\" class=\"attachment-large size-large wp-image-3227\" alt=\"\" srcset=\"https:\/\/aincogroup.com\/wp-content\/uploads\/2022\/11\/1.13-Foto-1.png 697w, https:\/\/aincogroup.com\/wp-content\/uploads\/2022\/11\/1.13-Foto-1-600x461.png 600w, https:\/\/aincogroup.com\/wp-content\/uploads\/2022\/11\/1.13-Foto-1-300x230.png 300w\" sizes=\"(max-width: 697px) 100vw, 697px\" \/>\t\t\t\t\t\t\t\t\t\t\t\t\t\t\t<\/div>\n\t\t\t\t<\/div>\n\t\t\t\t<\/div>\n\t\t<div class=\"elementor-element elementor-element-1bcb130 e-con-full e-flex e-con e-child\" data-id=\"1bcb130\" data-element_type=\"container\">\n\t\t\t\t<div class=\"elementor-element elementor-element-a67ebb6 elementor-invisible elementor-widget elementor-widget-text-editor\" data-id=\"a67ebb6\" data-element_type=\"widget\" data-settings=\"{&quot;_animation&quot;:&quot;fadeIn&quot;}\" data-widget_type=\"text-editor.default\">\n\t\t\t\t<div class=\"elementor-widget-container\">\n\t\t\t\t\t\t\t\t\t<p>La industria de la construcci\u00f3n es la que m\u00e1s impacto tiene sobre el medio ambiente, por ende tenemos una gran responsabilidad para crear infraestructura que sea sostenible desde una econom\u00eda circular hasta innovar en materiales amigables al medio ambiente.\u00a0<\/p><p>Las comunidades y la cultura corporativa de inclusi\u00f3n de minor\u00edas es muy importante y tratamos de balancear nuestros recursos humanos en un ambiente inclusivo donde se aporten diferentes perspectivas y se fomente un ambiente de crecimiento mutuo.<\/p><p>Como parte de nuestro programa de responsabilidad hemos desarrollado el programa Kapalaj donde alentamos a nuestros clientes, proveedores y voluntarios a acompa\u00f1arnos en nuestro proyecto de desarrollo comunitario en cada proyecto que ejecutamos.\u00a0<\/p>\t\t\t\t\t\t\t\t<\/div>\n\t\t\t\t<\/div>\n\t\t\t\t<\/div>\n\t\t\t\t<\/div>\n\t\t\t\t<\/div>\n\t\t<div class=\"elementor-element elementor-element-0cec676 animated-fast elementor-hidden-mobile e-con-full e-flex elementor-invisible e-con e-child\" data-id=\"0cec676\" data-element_type=\"container\" data-settings=\"{&quot;background_background&quot;:&quot;classic&quot;,&quot;animation&quot;:&quot;slideInRight&quot;}\">\n\t\t\t\t<div class=\"elementor-element elementor-element-3d3d132 e-transform elementor-absolute elementor-widget elementor-widget-heading\" data-id=\"3d3d132\" data-element_type=\"widget\" data-settings=\"{&quot;_transform_rotateZ_effect&quot;:{&quot;unit&quot;:&quot;px&quot;,&quot;size&quot;:270,&quot;sizes&quot;:[]},&quot;_position&quot;:&quot;absolute&quot;,&quot;_transform_rotateZ_effect_tablet&quot;:{&quot;unit&quot;:&quot;deg&quot;,&quot;size&quot;:&quot;&quot;,&quot;sizes&quot;:[]},&quot;_transform_rotateZ_effect_mobile&quot;:{&quot;unit&quot;:&quot;deg&quot;,&quot;size&quot;:&quot;&quot;,&quot;sizes&quot;:[]}}\" data-widget_type=\"heading.default\">\n\t\t\t\t<div class=\"elementor-widget-container\">\n\t\t\t\t\t<h2 class=\"elementor-heading-title elementor-size-default\">ESG<\/h2>\t\t\t\t<\/div>\n\t\t\t\t<\/div>\n\t\t\t\t<\/div>\n\t\t\t\t<\/div>\n\t\t\t\t<\/div>","protected":false},"excerpt":{"rendered":"<p>Sostenibilidad Responsabilidad Social, Empresarial, y Ambiental. ESG La industria de la construcci\u00f3n es la que m\u00e1s impacto tiene sobre el medio ambiente, por ende tenemos una gran responsabilidad para crear infraestructura que sea sostenible desde una econom\u00eda circular hasta innovar en materiales amigables al medio ambiente.\u00a0 Las comunidades y la cultura corporativa de inclusi\u00f3n de [&hellip;]<\/p>","protected":false},"author":1,"featured_media":0,"parent":0,"menu_order":0,"comment_status":"closed","ping_status":"closed","template":"","meta":{"site-sidebar-layout":"no-sidebar","site-content-layout":"page-builder","ast-site-content-layout":"full-width-container","site-content-style":"unboxed","site-sidebar-style":"unboxed","ast-global-header-display":"","ast-banner-title-visibility":"","ast-main-header-display":"","ast-hfb-above-header-display":"","ast-hfb-below-header-display":"","ast-hfb-mobile-header-display":"","site-post-title":"disabled","ast-breadcrumbs-content":"","ast-featured-img":"disabled","footer-sml-layout":"","theme-transparent-header-meta":"","adv-header-id-meta":"","stick-header-meta":"","header-above-stick-meta":"","header-main-stick-meta":"","header-below-stick-meta":"","astra-migrate-meta-layouts":"set","ast-page-background-enabled":"default","ast-page-background-meta":{"desktop":{"background-color":"var(--ast-global-color-4)","background-image":"","background-repeat":"repeat","background-position":"center center","background-size":"auto","background-attachment":"scroll","background-type":"","background-media":"","overlay-type":"","overlay-color":"","overlay-opacity":"","overlay-gradient":""},"tablet":{"background-color":"","background-image":"","background-repeat":"repeat","background-position":"center center","background-size":"auto","background-attachment":"scroll","background-type":"","background-media":"","overlay-type":"","overlay-color":"","overlay-opacity":"","overlay-gradient":""},"mobile":{"background-color":"","background-image":"","background-repeat":"repeat","background-position":"center center","background-size":"auto","background-attachment":"scroll","background-type":"","background-media":"","overlay-type":"","overlay-color":"","overlay-opacity":"","overlay-gradient":""}},"ast-content-background-meta":{"desktop":{"background-color":"var(--ast-global-color-5)","background-image":"","background-repeat":"repeat","background-position":"center center","background-size":"auto","background-attachment":"scroll","background-type":"","background-media":"","overlay-type":"","overlay-color":"","overlay-opacity":"","overlay-gradient":""},"tablet":{"background-color":"var(--ast-global-color-5)","background-image":"","background-repeat":"repeat","background-position":"center center","background-size":"auto","background-attachment":"scroll","background-type":"","background-media":"","overlay-type":"","overlay-color":"","overlay-opacity":"","overlay-gradient":""},"mobile":{"background-color":"var(--ast-global-color-5)","background-image":"","background-repeat":"repeat","background-position":"center center","background-size":"auto","background-attachment":"scroll","background-type":"","background-media":"","overlay-type":"","overlay-color":"","overlay-opacity":"","overlay-gradient":""}},"footnotes":""},"class_list":["post-1530","page","type-page","status-publish","hentry"],"yoast_head":"<!-- This site is optimized with the Yoast SEO plugin v23.7 - https:\/\/yoast.com\/wordpress\/plugins\/seo\/ -->\n<title>Sostenibilidad en AINCO | Responsabilidad Social y Ambiental<\/title>\n<meta name=\"description\" content=\"Descubre c\u00f3mo AINCO promueve la sostenibilidad en la construcci\u00f3n y su compromiso con la responsabilidad social y ambiental a trav\u00e9s del programa Kapalaj\" \/>\n<meta name=\"robots\" content=\"index, follow, max-snippet:-1, max-image-preview:large, max-video-preview:-1\" \/>\n<link rel=\"canonical\" href=\"https:\/\/aincogroup.com\/en\/sustainability-in-ainco\/\" \/>\n<meta property=\"og:locale\" content=\"en_US\" \/>\n<meta property=\"og:type\" content=\"article\" \/>\n<meta property=\"og:title\" content=\"Sostenibilidad en AINCO | Responsabilidad Social y Ambiental\" \/>\n<meta property=\"og:description\" content=\"Descubre c\u00f3mo AINCO promueve la sostenibilidad en la construcci\u00f3n y su compromiso con la responsabilidad social y ambiental a trav\u00e9s del programa Kapalaj\" \/>\n<meta property=\"og:url\" content=\"https:\/\/aincogroup.com\/en\/sustainability-in-ainco\/\" \/>\n<meta property=\"og:site_name\" content=\"AINCO GROUP\" \/>\n<meta property=\"article:publisher\" content=\"https:\/\/www.facebook.com\/aincogrupo\" \/>\n<meta property=\"article:modified_time\" content=\"2025-02-20T19:09:21+00:00\" \/>\n<meta property=\"og:image\" content=\"https:\/\/aincogroup.com\/wp-content\/uploads\/2022\/11\/1.13-Foto-1.png\" \/>\n\t<meta property=\"og:image:width\" content=\"697\" \/>\n\t<meta property=\"og:image:height\" content=\"535\" \/>\n\t<meta property=\"og:image:type\" content=\"image\/png\" \/>\n<meta name=\"twitter:card\" content=\"summary_large_image\" \/>\n<meta name=\"twitter:label1\" content=\"Est. reading time\" \/>\n\t<meta name=\"twitter:data1\" content=\"1 minute\" \/>\n<script type=\"application\/ld+json\" class=\"yoast-schema-graph\">{\"@context\":\"https:\/\/schema.org\",\"@graph\":[{\"@type\":\"WebPage\",\"@id\":\"https:\/\/aincogroup.com\/sostenibilidad-en-ainco\/\",\"url\":\"https:\/\/aincogroup.com\/sostenibilidad-en-ainco\/\",\"name\":\"Sostenibilidad en AINCO | Responsabilidad Social y Ambiental\",\"isPartOf\":{\"@id\":\"https:\/\/aincogroup.com\/en\/#website\"},\"primaryImageOfPage\":{\"@id\":\"https:\/\/aincogroup.com\/sostenibilidad-en-ainco\/#primaryimage\"},\"image\":{\"@id\":\"https:\/\/aincogroup.com\/sostenibilidad-en-ainco\/#primaryimage\"},\"thumbnailUrl\":\"https:\/\/aincogroup.com\/wp-content\/uploads\/2022\/11\/1.13-Foto-1.png\",\"datePublished\":\"2022-06-28T13:58:52+00:00\",\"dateModified\":\"2025-02-20T19:09:21+00:00\",\"description\":\"Descubre c\u00f3mo AINCO promueve la sostenibilidad en la construcci\u00f3n y su compromiso con la responsabilidad social y ambiental a trav\u00e9s del programa Kapalaj\",\"breadcrumb\":{\"@id\":\"https:\/\/aincogroup.com\/sostenibilidad-en-ainco\/#breadcrumb\"},\"inLanguage\":\"en-US\",\"potentialAction\":[{\"@type\":\"ReadAction\",\"target\":[\"https:\/\/aincogroup.com\/sostenibilidad-en-ainco\/\"]}]},{\"@type\":\"ImageObject\",\"inLanguage\":\"en-US\",\"@id\":\"https:\/\/aincogroup.com\/sostenibilidad-en-ainco\/#primaryimage\",\"url\":\"https:\/\/aincogroup.com\/wp-content\/uploads\/2022\/11\/1.13-Foto-1.png\",\"contentUrl\":\"https:\/\/aincogroup.com\/wp-content\/uploads\/2022\/11\/1.13-Foto-1.png\"},{\"@type\":\"BreadcrumbList\",\"@id\":\"https:\/\/aincogroup.com\/sostenibilidad-en-ainco\/#breadcrumb\",\"itemListElement\":[{\"@type\":\"ListItem\",\"position\":1,\"name\":\"Home\",\"item\":\"https:\/\/aincogroup.com\/\"},{\"@type\":\"ListItem\",\"position\":2,\"name\":\"Sostenibilidad\"}]},{\"@type\":\"WebSite\",\"@id\":\"https:\/\/aincogroup.com\/en\/#website\",\"url\":\"https:\/\/aincogroup.com\/en\/\",\"name\":\"AINCO GROUP\",\"description\":\"Impulsamos Desarrollo\",\"publisher\":{\"@id\":\"https:\/\/aincogroup.com\/en\/#organization\"},\"potentialAction\":[{\"@type\":\"SearchAction\",\"target\":{\"@type\":\"EntryPoint\",\"urlTemplate\":\"https:\/\/aincogroup.com\/en\/?s={search_term_string}\"},\"query-input\":{\"@type\":\"PropertyValueSpecification\",\"valueRequired\":true,\"valueName\":\"search_term_string\"}}],\"inLanguage\":\"en-US\"},{\"@type\":\"Organization\",\"@id\":\"https:\/\/aincogroup.com\/en\/#organization\",\"name\":\"AINCO GROUP\",\"url\":\"https:\/\/aincogroup.com\/en\/\",\"logo\":{\"@type\":\"ImageObject\",\"inLanguage\":\"en-US\",\"@id\":\"https:\/\/aincogroup.com\/en\/#\/schema\/logo\/image\/\",\"url\":\"https:\/\/aincogroup.com\/wp-content\/uploads\/2023\/08\/cropped-favicon-ainco.png\",\"contentUrl\":\"https:\/\/aincogroup.com\/wp-content\/uploads\/2023\/08\/cropped-favicon-ainco.png\",\"width\":512,\"height\":512,\"caption\":\"AINCO GROUP\"},\"image\":{\"@id\":\"https:\/\/aincogroup.com\/en\/#\/schema\/logo\/image\/\"},\"sameAs\":[\"https:\/\/www.facebook.com\/aincogrupo\",\"https:\/\/www.instagram.com\/ainco.grupo\/\",\"https:\/\/www.linkedin.com\/company\/grupo-ainco\/\",\"https:\/\/www.youtube.com\/channel\/UCTWFEnYpy66QYWQEdtipSzg\",\"https:\/\/www.tiktok.com\/@ainco.grupo?lang=es\"]}]}<\/script>\n<!-- \/ Yoast SEO plugin. -->","yoast_head_json":{"title":"Sostenibilidad en AINCO | Responsabilidad Social y Ambiental","description":"Descubre c\u00f3mo AINCO promueve la sostenibilidad en la construcci\u00f3n y su compromiso con la responsabilidad social y ambiental a trav\u00e9s del programa Kapalaj","robots":{"index":"index","follow":"follow","max-snippet":"max-snippet:-1","max-image-preview":"max-image-preview:large","max-video-preview":"max-video-preview:-1"},"canonical":"https:\/\/aincogroup.com\/en\/sustainability-in-ainco\/","og_locale":"en_US","og_type":"article","og_title":"Sostenibilidad en AINCO | Responsabilidad Social y Ambiental","og_description":"Descubre c\u00f3mo AINCO promueve la sostenibilidad en la construcci\u00f3n y su compromiso con la responsabilidad social y ambiental a trav\u00e9s del programa Kapalaj","og_url":"https:\/\/aincogroup.com\/en\/sustainability-in-ainco\/","og_site_name":"AINCO GROUP","article_publisher":"https:\/\/www.facebook.com\/aincogrupo","article_modified_time":"2025-02-20T19:09:21+00:00","og_image":[{"width":697,"height":535,"url":"https:\/\/aincogroup.com\/wp-content\/uploads\/2022\/11\/1.13-Foto-1.png","type":"image\/png"}],"twitter_card":"summary_large_image","twitter_misc":{"Est. reading time":"1 minute"},"schema":{"@context":"https:\/\/schema.org","@graph":[{"@type":"WebPage","@id":"https:\/\/aincogroup.com\/sostenibilidad-en-ainco\/","url":"https:\/\/aincogroup.com\/sostenibilidad-en-ainco\/","name":"Sostenibilidad en AINCO | Responsabilidad Social y Ambiental","isPartOf":{"@id":"https:\/\/aincogroup.com\/en\/#website"},"primaryImageOfPage":{"@id":"https:\/\/aincogroup.com\/sostenibilidad-en-ainco\/#primaryimage"},"image":{"@id":"https:\/\/aincogroup.com\/sostenibilidad-en-ainco\/#primaryimage"},"thumbnailUrl":"https:\/\/aincogroup.com\/wp-content\/uploads\/2022\/11\/1.13-Foto-1.png","datePublished":"2022-06-28T13:58:52+00:00","dateModified":"2025-02-20T19:09:21+00:00","description":"Descubre c\u00f3mo AINCO promueve la sostenibilidad en la construcci\u00f3n y su compromiso con la responsabilidad social y ambiental a trav\u00e9s del programa Kapalaj","breadcrumb":{"@id":"https:\/\/aincogroup.com\/sostenibilidad-en-ainco\/#breadcrumb"},"inLanguage":"en-US","potentialAction":[{"@type":"ReadAction","target":["https:\/\/aincogroup.com\/sostenibilidad-en-ainco\/"]}]},{"@type":"ImageObject","inLanguage":"en-US","@id":"https:\/\/aincogroup.com\/sostenibilidad-en-ainco\/#primaryimage","url":"https:\/\/aincogroup.com\/wp-content\/uploads\/2022\/11\/1.13-Foto-1.png","contentUrl":"https:\/\/aincogroup.com\/wp-content\/uploads\/2022\/11\/1.13-Foto-1.png"},{"@type":"BreadcrumbList","@id":"https:\/\/aincogroup.com\/sostenibilidad-en-ainco\/#breadcrumb","itemListElement":[{"@type":"ListItem","position":1,"name":"Home","item":"https:\/\/aincogroup.com\/"},{"@type":"ListItem","position":2,"name":"Sostenibilidad"}]},{"@type":"WebSite","@id":"https:\/\/aincogroup.com\/en\/#website","url":"https:\/\/aincogroup.com\/en\/","name":"AINCO GROUP","description":"Impulsamos Desarrollo","publisher":{"@id":"https:\/\/aincogroup.com\/en\/#organization"},"potentialAction":[{"@type":"SearchAction","target":{"@type":"EntryPoint","urlTemplate":"https:\/\/aincogroup.com\/en\/?s={search_term_string}"},"query-input":{"@type":"PropertyValueSpecification","valueRequired":true,"valueName":"search_term_string"}}],"inLanguage":"en-US"},{"@type":"Organization","@id":"https:\/\/aincogroup.com\/en\/#organization","name":"AINCO GROUP","url":"https:\/\/aincogroup.com\/en\/","logo":{"@type":"ImageObject","inLanguage":"en-US","@id":"https:\/\/aincogroup.com\/en\/#\/schema\/logo\/image\/","url":"https:\/\/aincogroup.com\/wp-content\/uploads\/2023\/08\/cropped-favicon-ainco.png","contentUrl":"https:\/\/aincogroup.com\/wp-content\/uploads\/2023\/08\/cropped-favicon-ainco.png","width":512,"height":512,"caption":"AINCO GROUP"},"image":{"@id":"https:\/\/aincogroup.com\/en\/#\/schema\/logo\/image\/"},"sameAs":["https:\/\/www.facebook.com\/aincogrupo","https:\/\/www.instagram.com\/ainco.grupo\/","https:\/\/www.linkedin.com\/company\/grupo-ainco\/","https:\/\/www.youtube.com\/channel\/UCTWFEnYpy66QYWQEdtipSzg","https:\/\/www.tiktok.com\/@ainco.grupo?lang=es"]}]}},"_links":{"self":[{"href":"https:\/\/aincogroup.com\/en\/wp-json\/wp\/v2\/pages\/1530","targetHints":{"allow":["GET"]}}],"collection":[{"href":"https:\/\/aincogroup.com\/en\/wp-json\/wp\/v2\/pages"}],"about":[{"href":"https:\/\/aincogroup.com\/en\/wp-json\/wp\/v2\/types\/page"}],"author":[{"embeddable":true,"href":"https:\/\/aincogroup.com\/en\/wp-json\/wp\/v2\/users\/1"}],"replies":[{"embeddable":true,"href":"https:\/\/aincogroup.com\/en\/wp-json\/wp\/v2\/comments?post=1530"}],"version-history":[{"count":7,"href":"https:\/\/aincogroup.com\/en\/wp-json\/wp\/v2\/pages\/1530\/revisions"}],"predecessor-version":[{"id":6846,"href":"https:\/\/aincogroup.com\/en\/wp-json\/wp\/v2\/pages\/1530\/revisions\/6846"}],"wp:attachment":[{"href":"https:\/\/aincogroup.com\/en\/wp-json\/wp\/v2\/media?parent=1530"}],"curies":[{"name":"wp","href":"https:\/\/api.w.org\/{rel}","templated":true}]}}