{"id":1501,"date":"2022-06-26T19:02:53","date_gmt":"2022-06-26T19:02:53","guid":{"rendered":"https:\/\/aincogroup.com\/?page_id=1501"},"modified":"2025-02-20T19:05:44","modified_gmt":"2025-02-20T19:05:44","slug":"soasociado","status":"publish","type":"page","link":"https:\/\/aincogroup.com\/en\/soassociate\/","title":{"rendered":"SO &#038; ASOCIADOS"},"content":{"rendered":"<div data-elementor-type=\"wp-page\" data-elementor-id=\"1501\" class=\"elementor elementor-1501\" data-elementor-post-type=\"page\">\n\t\t\t\t\t\t<section class=\"elementor-section elementor-top-section elementor-element elementor-element-315f7116 elementor-section-height-full elementor-section-boxed elementor-section-height-default elementor-section-items-middle\" data-id=\"315f7116\" data-element_type=\"section\" data-settings=\"{&quot;background_background&quot;:&quot;classic&quot;}\">\n\t\t\t\t\t\t<div class=\"elementor-container elementor-column-gap-default\">\n\t\t\t\t\t<div class=\"elementor-column elementor-col-100 elementor-top-column elementor-element elementor-element-1e5ed47f\" data-id=\"1e5ed47f\" data-element_type=\"column\">\n\t\t\t<div class=\"elementor-widget-wrap elementor-element-populated\">\n\t\t\t\t\t\t<section class=\"elementor-section elementor-inner-section elementor-element elementor-element-6a674e07 elementor-section-boxed elementor-section-height-default elementor-section-height-default\" data-id=\"6a674e07\" data-element_type=\"section\">\n\t\t\t\t\t\t<div class=\"elementor-container elementor-column-gap-default\">\n\t\t\t\t\t<div class=\"elementor-column elementor-col-100 elementor-inner-column elementor-element elementor-element-6ddfcba0\" data-id=\"6ddfcba0\" data-element_type=\"column\">\n\t\t\t<div class=\"elementor-widget-wrap elementor-element-populated\">\n\t\t\t\t\t\t<div class=\"elementor-element elementor-element-1bc806a4 elementor-invisible elementor-widget elementor-widget-heading\" data-id=\"1bc806a4\" data-element_type=\"widget\" data-settings=\"{&quot;_animation&quot;:&quot;fadeIn&quot;}\" data-widget_type=\"heading.default\">\n\t\t\t\t<div class=\"elementor-widget-container\">\n\t\t\t\t\t<h1 class=\"elementor-heading-title elementor-size-default\">SO &amp; Associates<\/h1>\t\t\t\t<\/div>\n\t\t\t\t<\/div>\n\t\t\t\t\t<\/div>\n\t\t<\/div>\n\t\t\t\t\t<\/div>\n\t\t<\/section>\n\t\t\t\t<section class=\"elementor-section elementor-inner-section elementor-element elementor-element-589938a8 elementor-section-boxed elementor-section-height-default elementor-section-height-default\" data-id=\"589938a8\" data-element_type=\"section\">\n\t\t\t\t\t\t<div class=\"elementor-container elementor-column-gap-default\">\n\t\t\t\t\t<div class=\"elementor-column elementor-col-50 elementor-inner-column elementor-element elementor-element-6fa57e0f\" data-id=\"6fa57e0f\" data-element_type=\"column\">\n\t\t\t<div class=\"elementor-widget-wrap elementor-element-populated\">\n\t\t\t\t\t\t<div class=\"elementor-element elementor-element-6d781077 elementor-view-default elementor-invisible elementor-widget elementor-widget-icon\" data-id=\"6d781077\" data-element_type=\"widget\" data-settings=\"{&quot;_animation&quot;:&quot;fadeInDown&quot;}\" data-widget_type=\"icon.default\">\n\t\t\t\t<div class=\"elementor-widget-container\">\n\t\t\t\t\t\t\t<div class=\"elementor-icon-wrapper\">\n\t\t\t<div class=\"elementor-icon\">\n\t\t\t<i aria-hidden=\"true\" class=\"fas fa-angle-double-down\"><\/i>\t\t\t<\/div>\n\t\t<\/div>\n\t\t\t\t\t\t<\/div>\n\t\t\t\t<\/div>\n\t\t\t\t\t<\/div>\n\t\t<\/div>\n\t\t\t\t<div class=\"elementor-column elementor-col-50 elementor-inner-column elementor-element elementor-element-32e46777\" data-id=\"32e46777\" data-element_type=\"column\">\n\t\t\t<div class=\"elementor-widget-wrap elementor-element-populated\">\n\t\t\t\t\t\t<div class=\"elementor-element elementor-element-665d06f elementor-widget elementor-widget-heading\" data-id=\"665d06f\" data-element_type=\"widget\" data-widget_type=\"heading.default\">\n\t\t\t\t<div class=\"elementor-widget-container\">\n\t\t\t\t\t<p class=\"elementor-heading-title elementor-size-medium\">Project investment platform through the creation of tokens on the blockchain.<\/p>\t\t\t\t<\/div>\n\t\t\t\t<\/div>\n\t\t\t\t\t<\/div>\n\t\t<\/div>\n\t\t\t\t\t<\/div>\n\t\t<\/section>\n\t\t\t\t\t<\/div>\n\t\t<\/div>\n\t\t\t\t\t<\/div>\n\t\t<\/section>\n\t\t<div class=\"elementor-element elementor-element-bb2ef6d e-con-full e-flex e-con e-parent\" data-id=\"bb2ef6d\" data-element_type=\"container\">\n\t\t<div class=\"elementor-element elementor-element-66a14a9 e-con-full e-flex e-con e-child\" data-id=\"66a14a9\" data-element_type=\"container\" data-settings=\"{&quot;background_background&quot;:&quot;classic&quot;}\">\n\t\t<div class=\"elementor-element elementor-element-028fdfb e-con-full e-flex e-con e-child\" data-id=\"028fdfb\" data-element_type=\"container\">\n\t\t<div class=\"elementor-element elementor-element-3a966f7 e-con-full elementor-hidden-desktop elementor-hidden-tablet e-flex e-con e-child\" data-id=\"3a966f7\" data-element_type=\"container\" data-settings=\"{&quot;background_background&quot;:&quot;classic&quot;}\">\n\t\t\t\t<div class=\"elementor-element elementor-element-45a7a15 elementor-widget elementor-widget-heading\" data-id=\"45a7a15\" data-element_type=\"widget\" data-widget_type=\"heading.default\">\n\t\t\t\t<div class=\"elementor-widget-container\">\n\t\t\t\t\t<h2 class=\"elementor-heading-title elementor-size-default\">INVEST NOW<\/h2>\t\t\t\t<\/div>\n\t\t\t\t<\/div>\n\t\t\t\t<\/div>\n\t\t<div class=\"elementor-element elementor-element-bab3d1b animated-fast e-con-full e-flex elementor-invisible e-con e-child\" data-id=\"bab3d1b\" data-element_type=\"container\" data-settings=\"{&quot;animation&quot;:&quot;slideInLeft&quot;}\">\n\t\t\t\t<div class=\"elementor-element elementor-element-a95c251 elementor-widget elementor-widget-image\" data-id=\"a95c251\" data-element_type=\"widget\" data-widget_type=\"image.default\">\n\t\t\t\t<div class=\"elementor-widget-container\">\n\t\t\t\t\t\t\t\t\t\t\t\t\t\t\t<img fetchpriority=\"high\" decoding=\"async\" width=\"1024\" height=\"1024\" src=\"https:\/\/aincogroup.com\/wp-content\/uploads\/2022\/11\/transporte-1024x1024.jpg\" class=\"attachment-large size-large wp-image-3406\" alt=\"\" srcset=\"https:\/\/aincogroup.com\/wp-content\/uploads\/2022\/11\/transporte-1024x1024.jpg 1024w, https:\/\/aincogroup.com\/wp-content\/uploads\/2022\/11\/transporte-300x300.jpg 300w, https:\/\/aincogroup.com\/wp-content\/uploads\/2022\/11\/transporte-100x100.jpg 100w, https:\/\/aincogroup.com\/wp-content\/uploads\/2022\/11\/transporte-600x600.jpg 600w, https:\/\/aincogroup.com\/wp-content\/uploads\/2022\/11\/transporte-150x150.jpg 150w, https:\/\/aincogroup.com\/wp-content\/uploads\/2022\/11\/transporte-768x768.jpg 768w, https:\/\/aincogroup.com\/wp-content\/uploads\/2022\/11\/transporte-1536x1536.jpg 1536w, https:\/\/aincogroup.com\/wp-content\/uploads\/2022\/11\/transporte.jpg 1548w\" sizes=\"(max-width: 1024px) 100vw, 1024px\" \/>\t\t\t\t\t\t\t\t\t\t\t\t\t\t\t<\/div>\n\t\t\t\t<\/div>\n\t\t\t\t<\/div>\n\t\t<div class=\"elementor-element elementor-element-bf04ca3 e-con-full e-flex e-con e-child\" data-id=\"bf04ca3\" data-element_type=\"container\">\n\t\t\t\t<div class=\"elementor-element elementor-element-6856b79 elementor-invisible elementor-widget elementor-widget-text-editor\" data-id=\"6856b79\" data-element_type=\"widget\" data-settings=\"{&quot;_animation&quot;:&quot;fadeIn&quot;}\" data-widget_type=\"text-editor.default\">\n\t\t\t\t<div class=\"elementor-widget-container\">\n\t\t\t\t\t\t\t\t\t<p>The necessary investment in infrastructure for the year 2035 is 70 trillion dollars, so we need new ways to boost financing in the industry in order to meet the infrastructure needs that the population needs.<\/p>\n<p>At the same time, an attractive investment product is opened up and the industry is democratized, allowing less competitive areas to attract investment.<\/p>\n<p>AINCO promotes projects that have the highest standard of sustainable construction and impact. We offer our clients liquidity for their projects through their tokenization.<\/p>\n<p>And to investors we manage and offer an R.O.I. between 15% to 25% with the guarantee of our experience.<\/p>\t\t\t\t\t\t\t\t<\/div>\n\t\t\t\t<\/div>\n\t\t\t\t<\/div>\n\t\t\t\t<\/div>\n\t\t\t\t<\/div>\n\t\t<div class=\"elementor-element elementor-element-119c218 animated-fast elementor-hidden-mobile e-con-full e-flex elementor-invisible e-con e-child\" data-id=\"119c218\" data-element_type=\"container\" data-settings=\"{&quot;background_background&quot;:&quot;classic&quot;,&quot;animation&quot;:&quot;slideInRight&quot;}\">\n\t\t\t\t<div class=\"elementor-element elementor-element-30e5149 e-transform elementor-absolute elementor-widget elementor-widget-heading\" data-id=\"30e5149\" data-element_type=\"widget\" data-settings=\"{&quot;_transform_rotateZ_effect&quot;:{&quot;unit&quot;:&quot;px&quot;,&quot;size&quot;:270,&quot;sizes&quot;:[]},&quot;_position&quot;:&quot;absolute&quot;,&quot;_transform_rotateZ_effect_tablet&quot;:{&quot;unit&quot;:&quot;deg&quot;,&quot;size&quot;:&quot;&quot;,&quot;sizes&quot;:[]},&quot;_transform_rotateZ_effect_mobile&quot;:{&quot;unit&quot;:&quot;deg&quot;,&quot;size&quot;:&quot;&quot;,&quot;sizes&quot;:[]}}\" data-widget_type=\"heading.default\">\n\t\t\t\t<div class=\"elementor-widget-container\">\n\t\t\t\t\t<h2 class=\"elementor-heading-title elementor-size-default\"><a href=\"http:\/\/www.soassociate.com\" target=\"_blank\">INVEST NOW<\/a><\/h2>\t\t\t\t<\/div>\n\t\t\t\t<\/div>\n\t\t\t\t<\/div>\n\t\t\t\t<\/div>\n\t\t\t\t<\/div>","protected":false},"excerpt":{"rendered":"<p>SO &amp; Asociados Plataforma de inversi\u00f3n de proyectos por medio de la creaci\u00f3n de tokens en la blockchain. INVIERTE AHORA La inversi\u00f3n necesaria en infraestructura para el a\u00f1o 2035 es de 70 trillones de dolares, por lo que necesitamos nuevas formas de potenciar el financiamiento en la industria para as\u00ed poder suplir las necesidades en [&hellip;]<\/p>","protected":false},"author":1,"featured_media":0,"parent":0,"menu_order":0,"comment_status":"closed","ping_status":"closed","template":"","meta":{"site-sidebar-layout":"no-sidebar","site-content-layout":"page-builder","ast-site-content-layout":"full-width-container","site-content-style":"unboxed","site-sidebar-style":"unboxed","ast-global-header-display":"","ast-banner-title-visibility":"","ast-main-header-display":"","ast-hfb-above-header-display":"","ast-hfb-below-header-display":"","ast-hfb-mobile-header-display":"","site-post-title":"disabled","ast-breadcrumbs-content":"","ast-featured-img":"disabled","footer-sml-layout":"","theme-transparent-header-meta":"","adv-header-id-meta":"","stick-header-meta":"","header-above-stick-meta":"","header-main-stick-meta":"","header-below-stick-meta":"","astra-migrate-meta-layouts":"set","ast-page-background-enabled":"default","ast-page-background-meta":{"desktop":{"background-color":"var(--ast-global-color-4)","background-image":"","background-repeat":"repeat","background-position":"center center","background-size":"auto","background-attachment":"scroll","background-type":"","background-media":"","overlay-type":"","overlay-color":"","overlay-opacity":"","overlay-gradient":""},"tablet":{"background-color":"","background-image":"","background-repeat":"repeat","background-position":"center center","background-size":"auto","background-attachment":"scroll","background-type":"","background-media":"","overlay-type":"","overlay-color":"","overlay-opacity":"","overlay-gradient":""},"mobile":{"background-color":"","background-image":"","background-repeat":"repeat","background-position":"center center","background-size":"auto","background-attachment":"scroll","background-type":"","background-media":"","overlay-type":"","overlay-color":"","overlay-opacity":"","overlay-gradient":""}},"ast-content-background-meta":{"desktop":{"background-color":"var(--ast-global-color-5)","background-image":"","background-repeat":"repeat","background-position":"center center","background-size":"auto","background-attachment":"scroll","background-type":"","background-media":"","overlay-type":"","overlay-color":"","overlay-opacity":"","overlay-gradient":""},"tablet":{"background-color":"var(--ast-global-color-5)","background-image":"","background-repeat":"repeat","background-position":"center center","background-size":"auto","background-attachment":"scroll","background-type":"","background-media":"","overlay-type":"","overlay-color":"","overlay-opacity":"","overlay-gradient":""},"mobile":{"background-color":"var(--ast-global-color-5)","background-image":"","background-repeat":"repeat","background-position":"center center","background-size":"auto","background-attachment":"scroll","background-type":"","background-media":"","overlay-type":"","overlay-color":"","overlay-opacity":"","overlay-gradient":""}},"footnotes":""},"class_list":["post-1501","page","type-page","status-publish","hentry"],"yoast_head":"<!-- This site is optimized with the Yoast SEO plugin v23.7 - https:\/\/yoast.com\/wordpress\/plugins\/seo\/ -->\n<title>Inversi\u00f3n en Proyectos Sostenibles | SO &amp; Asociados<\/title>\n<meta name=\"description\" content=\"Descubre c\u00f3mo AINCO potencia la inversi\u00f3n en proyectos sostenibles con tokenizaci\u00f3n. Rentabilidad de 15% a 25%. \u00a1Invierte ahora!\" \/>\n<meta name=\"robots\" content=\"index, follow, max-snippet:-1, max-image-preview:large, max-video-preview:-1\" \/>\n<link rel=\"canonical\" href=\"https:\/\/aincogroup.com\/en\/soassociate\/\" \/>\n<meta property=\"og:locale\" content=\"en_US\" \/>\n<meta property=\"og:type\" content=\"article\" \/>\n<meta property=\"og:title\" content=\"Inversi\u00f3n en Proyectos Sostenibles | SO &amp; Asociados\" \/>\n<meta property=\"og:description\" content=\"Descubre c\u00f3mo AINCO potencia la inversi\u00f3n en proyectos sostenibles con tokenizaci\u00f3n. Rentabilidad de 15% a 25%. \u00a1Invierte ahora!\" \/>\n<meta property=\"og:url\" content=\"https:\/\/aincogroup.com\/en\/soassociate\/\" \/>\n<meta property=\"og:site_name\" content=\"AINCO GROUP\" \/>\n<meta property=\"article:publisher\" content=\"https:\/\/www.facebook.com\/aincogrupo\" \/>\n<meta property=\"article:modified_time\" content=\"2025-02-20T19:05:44+00:00\" \/>\n<meta property=\"og:image\" content=\"https:\/\/aincogroup.com\/wp-content\/uploads\/2022\/11\/transporte.jpg\" \/>\n\t<meta property=\"og:image:width\" content=\"1548\" \/>\n\t<meta property=\"og:image:height\" content=\"1548\" \/>\n\t<meta property=\"og:image:type\" content=\"image\/jpeg\" \/>\n<meta name=\"twitter:card\" content=\"summary_large_image\" \/>\n<meta name=\"twitter:label1\" content=\"Est. reading time\" \/>\n\t<meta name=\"twitter:data1\" content=\"1 minute\" \/>\n<script type=\"application\/ld+json\" class=\"yoast-schema-graph\">{\"@context\":\"https:\/\/schema.org\",\"@graph\":[{\"@type\":\"WebPage\",\"@id\":\"https:\/\/aincogroup.com\/soasociado\/\",\"url\":\"https:\/\/aincogroup.com\/soasociado\/\",\"name\":\"Inversi\u00f3n en Proyectos Sostenibles | SO & Asociados\",\"isPartOf\":{\"@id\":\"https:\/\/aincogroup.com\/en\/#website\"},\"primaryImageOfPage\":{\"@id\":\"https:\/\/aincogroup.com\/soasociado\/#primaryimage\"},\"image\":{\"@id\":\"https:\/\/aincogroup.com\/soasociado\/#primaryimage\"},\"thumbnailUrl\":\"https:\/\/aincogroup.com\/wp-content\/uploads\/2022\/11\/transporte-1024x1024.jpg\",\"datePublished\":\"2022-06-26T19:02:53+00:00\",\"dateModified\":\"2025-02-20T19:05:44+00:00\",\"description\":\"Descubre c\u00f3mo AINCO potencia la inversi\u00f3n en proyectos sostenibles con tokenizaci\u00f3n. Rentabilidad de 15% a 25%. \u00a1Invierte ahora!\",\"breadcrumb\":{\"@id\":\"https:\/\/aincogroup.com\/soasociado\/#breadcrumb\"},\"inLanguage\":\"en-US\",\"potentialAction\":[{\"@type\":\"ReadAction\",\"target\":[\"https:\/\/aincogroup.com\/soasociado\/\"]}]},{\"@type\":\"ImageObject\",\"inLanguage\":\"en-US\",\"@id\":\"https:\/\/aincogroup.com\/soasociado\/#primaryimage\",\"url\":\"https:\/\/aincogroup.com\/wp-content\/uploads\/2022\/11\/transporte-1024x1024.jpg\",\"contentUrl\":\"https:\/\/aincogroup.com\/wp-content\/uploads\/2022\/11\/transporte-1024x1024.jpg\"},{\"@type\":\"BreadcrumbList\",\"@id\":\"https:\/\/aincogroup.com\/soasociado\/#breadcrumb\",\"itemListElement\":[{\"@type\":\"ListItem\",\"position\":1,\"name\":\"Home\",\"item\":\"https:\/\/aincogroup.com\/\"},{\"@type\":\"ListItem\",\"position\":2,\"name\":\"SO &#038; ASOCIADOS\"}]},{\"@type\":\"WebSite\",\"@id\":\"https:\/\/aincogroup.com\/en\/#website\",\"url\":\"https:\/\/aincogroup.com\/en\/\",\"name\":\"AINCO GROUP\",\"description\":\"Impulsamos Desarrollo\",\"publisher\":{\"@id\":\"https:\/\/aincogroup.com\/en\/#organization\"},\"potentialAction\":[{\"@type\":\"SearchAction\",\"target\":{\"@type\":\"EntryPoint\",\"urlTemplate\":\"https:\/\/aincogroup.com\/en\/?s={search_term_string}\"},\"query-input\":{\"@type\":\"PropertyValueSpecification\",\"valueRequired\":true,\"valueName\":\"search_term_string\"}}],\"inLanguage\":\"en-US\"},{\"@type\":\"Organization\",\"@id\":\"https:\/\/aincogroup.com\/en\/#organization\",\"name\":\"AINCO GROUP\",\"url\":\"https:\/\/aincogroup.com\/en\/\",\"logo\":{\"@type\":\"ImageObject\",\"inLanguage\":\"en-US\",\"@id\":\"https:\/\/aincogroup.com\/en\/#\/schema\/logo\/image\/\",\"url\":\"https:\/\/aincogroup.com\/wp-content\/uploads\/2023\/08\/cropped-favicon-ainco.png\",\"contentUrl\":\"https:\/\/aincogroup.com\/wp-content\/uploads\/2023\/08\/cropped-favicon-ainco.png\",\"width\":512,\"height\":512,\"caption\":\"AINCO GROUP\"},\"image\":{\"@id\":\"https:\/\/aincogroup.com\/en\/#\/schema\/logo\/image\/\"},\"sameAs\":[\"https:\/\/www.facebook.com\/aincogrupo\",\"https:\/\/www.instagram.com\/ainco.grupo\/\",\"https:\/\/www.linkedin.com\/company\/grupo-ainco\/\",\"https:\/\/www.youtube.com\/channel\/UCTWFEnYpy66QYWQEdtipSzg\",\"https:\/\/www.tiktok.com\/@ainco.grupo?lang=es\"]}]}<\/script>\n<!-- \/ Yoast SEO plugin. -->","yoast_head_json":{"title":"Inversi\u00f3n en Proyectos Sostenibles | SO & Asociados","description":"Descubre c\u00f3mo AINCO potencia la inversi\u00f3n en proyectos sostenibles con tokenizaci\u00f3n. Rentabilidad de 15% a 25%. \u00a1Invierte ahora!","robots":{"index":"index","follow":"follow","max-snippet":"max-snippet:-1","max-image-preview":"max-image-preview:large","max-video-preview":"max-video-preview:-1"},"canonical":"https:\/\/aincogroup.com\/en\/soassociate\/","og_locale":"en_US","og_type":"article","og_title":"Inversi\u00f3n en Proyectos Sostenibles | SO & Asociados","og_description":"Descubre c\u00f3mo AINCO potencia la inversi\u00f3n en proyectos sostenibles con tokenizaci\u00f3n. Rentabilidad de 15% a 25%. \u00a1Invierte ahora!","og_url":"https:\/\/aincogroup.com\/en\/soassociate\/","og_site_name":"AINCO GROUP","article_publisher":"https:\/\/www.facebook.com\/aincogrupo","article_modified_time":"2025-02-20T19:05:44+00:00","og_image":[{"width":1548,"height":1548,"url":"https:\/\/aincogroup.com\/wp-content\/uploads\/2022\/11\/transporte.jpg","type":"image\/jpeg"}],"twitter_card":"summary_large_image","twitter_misc":{"Est. reading time":"1 minute"},"schema":{"@context":"https:\/\/schema.org","@graph":[{"@type":"WebPage","@id":"https:\/\/aincogroup.com\/soasociado\/","url":"https:\/\/aincogroup.com\/soasociado\/","name":"Inversi\u00f3n en Proyectos Sostenibles | SO & Asociados","isPartOf":{"@id":"https:\/\/aincogroup.com\/en\/#website"},"primaryImageOfPage":{"@id":"https:\/\/aincogroup.com\/soasociado\/#primaryimage"},"image":{"@id":"https:\/\/aincogroup.com\/soasociado\/#primaryimage"},"thumbnailUrl":"https:\/\/aincogroup.com\/wp-content\/uploads\/2022\/11\/transporte-1024x1024.jpg","datePublished":"2022-06-26T19:02:53+00:00","dateModified":"2025-02-20T19:05:44+00:00","description":"Descubre c\u00f3mo AINCO potencia la inversi\u00f3n en proyectos sostenibles con tokenizaci\u00f3n. Rentabilidad de 15% a 25%. \u00a1Invierte ahora!","breadcrumb":{"@id":"https:\/\/aincogroup.com\/soasociado\/#breadcrumb"},"inLanguage":"en-US","potentialAction":[{"@type":"ReadAction","target":["https:\/\/aincogroup.com\/soasociado\/"]}]},{"@type":"ImageObject","inLanguage":"en-US","@id":"https:\/\/aincogroup.com\/soasociado\/#primaryimage","url":"https:\/\/aincogroup.com\/wp-content\/uploads\/2022\/11\/transporte-1024x1024.jpg","contentUrl":"https:\/\/aincogroup.com\/wp-content\/uploads\/2022\/11\/transporte-1024x1024.jpg"},{"@type":"BreadcrumbList","@id":"https:\/\/aincogroup.com\/soasociado\/#breadcrumb","itemListElement":[{"@type":"ListItem","position":1,"name":"Home","item":"https:\/\/aincogroup.com\/"},{"@type":"ListItem","position":2,"name":"SO &#038; ASOCIADOS"}]},{"@type":"WebSite","@id":"https:\/\/aincogroup.com\/en\/#website","url":"https:\/\/aincogroup.com\/en\/","name":"AINCO GROUP","description":"Impulsamos Desarrollo","publisher":{"@id":"https:\/\/aincogroup.com\/en\/#organization"},"potentialAction":[{"@type":"SearchAction","target":{"@type":"EntryPoint","urlTemplate":"https:\/\/aincogroup.com\/en\/?s={search_term_string}"},"query-input":{"@type":"PropertyValueSpecification","valueRequired":true,"valueName":"search_term_string"}}],"inLanguage":"en-US"},{"@type":"Organization","@id":"https:\/\/aincogroup.com\/en\/#organization","name":"AINCO GROUP","url":"https:\/\/aincogroup.com\/en\/","logo":{"@type":"ImageObject","inLanguage":"en-US","@id":"https:\/\/aincogroup.com\/en\/#\/schema\/logo\/image\/","url":"https:\/\/aincogroup.com\/wp-content\/uploads\/2023\/08\/cropped-favicon-ainco.png","contentUrl":"https:\/\/aincogroup.com\/wp-content\/uploads\/2023\/08\/cropped-favicon-ainco.png","width":512,"height":512,"caption":"AINCO GROUP"},"image":{"@id":"https:\/\/aincogroup.com\/en\/#\/schema\/logo\/image\/"},"sameAs":["https:\/\/www.facebook.com\/aincogrupo","https:\/\/www.instagram.com\/ainco.grupo\/","https:\/\/www.linkedin.com\/company\/grupo-ainco\/","https:\/\/www.youtube.com\/channel\/UCTWFEnYpy66QYWQEdtipSzg","https:\/\/www.tiktok.com\/@ainco.grupo?lang=es"]}]}},"_links":{"self":[{"href":"https:\/\/aincogroup.com\/en\/wp-json\/wp\/v2\/pages\/1501","targetHints":{"allow":["GET"]}}],"collection":[{"href":"https:\/\/aincogroup.com\/en\/wp-json\/wp\/v2\/pages"}],"about":[{"href":"https:\/\/aincogroup.com\/en\/wp-json\/wp\/v2\/types\/page"}],"author":[{"embeddable":true,"href":"https:\/\/aincogroup.com\/en\/wp-json\/wp\/v2\/users\/1"}],"replies":[{"embeddable":true,"href":"https:\/\/aincogroup.com\/en\/wp-json\/wp\/v2\/comments?post=1501"}],"version-history":[{"count":13,"href":"https:\/\/aincogroup.com\/en\/wp-json\/wp\/v2\/pages\/1501\/revisions"}],"predecessor-version":[{"id":6843,"href":"https:\/\/aincogroup.com\/en\/wp-json\/wp\/v2\/pages\/1501\/revisions\/6843"}],"wp:attachment":[{"href":"https:\/\/aincogroup.com\/en\/wp-json\/wp\/v2\/media?parent=1501"}],"curies":[{"name":"wp","href":"https:\/\/api.w.org\/{rel}","templated":true}]}}