{"id":1076,"date":"2022-06-24T17:03:11","date_gmt":"2022-06-24T17:03:11","guid":{"rendered":"https:\/\/aincogroup.com\/?page_id=1076"},"modified":"2025-02-20T18:30:14","modified_gmt":"2025-02-20T18:30:14","slug":"presencia-de-ainco","status":"publish","type":"page","link":"https:\/\/aincogroup.com\/en\/presencia-de-ainco\/","title":{"rendered":"Presence"},"content":{"rendered":"<div data-elementor-type=\"wp-page\" data-elementor-id=\"1076\" class=\"elementor elementor-1076\" data-elementor-post-type=\"page\">\n\t\t\t\t\t\t<section class=\"elementor-section elementor-top-section elementor-element elementor-element-1746d19e elementor-section-height-full elementor-section-boxed elementor-section-height-default elementor-section-items-middle\" data-id=\"1746d19e\" data-element_type=\"section\" data-settings=\"{&quot;background_background&quot;:&quot;classic&quot;}\">\n\t\t\t\t\t\t<div class=\"elementor-container elementor-column-gap-default\">\n\t\t\t\t\t<div class=\"elementor-column elementor-col-100 elementor-top-column elementor-element elementor-element-bf11e41\" data-id=\"bf11e41\" data-element_type=\"column\">\n\t\t\t<div class=\"elementor-widget-wrap elementor-element-populated\">\n\t\t\t\t\t\t<section class=\"elementor-section elementor-inner-section elementor-element elementor-element-1dd0654f elementor-section-boxed elementor-section-height-default elementor-section-height-default\" data-id=\"1dd0654f\" data-element_type=\"section\">\n\t\t\t\t\t\t<div class=\"elementor-container elementor-column-gap-default\">\n\t\t\t\t\t<div class=\"elementor-column elementor-col-100 elementor-inner-column elementor-element elementor-element-2e4aa9c7\" data-id=\"2e4aa9c7\" data-element_type=\"column\">\n\t\t\t<div class=\"elementor-widget-wrap elementor-element-populated\">\n\t\t\t\t\t\t<div class=\"elementor-element elementor-element-22278839 elementor-invisible elementor-widget elementor-widget-heading\" data-id=\"22278839\" data-element_type=\"widget\" data-settings=\"{&quot;_animation&quot;:&quot;fadeIn&quot;}\" data-widget_type=\"heading.default\">\n\t\t\t\t<div class=\"elementor-widget-container\">\n\t\t\t\t\t<h1 class=\"elementor-heading-title elementor-size-default\">Presence<\/h1>\t\t\t\t<\/div>\n\t\t\t\t<\/div>\n\t\t\t\t\t<\/div>\n\t\t<\/div>\n\t\t\t\t\t<\/div>\n\t\t<\/section>\n\t\t\t\t<section class=\"elementor-section elementor-inner-section elementor-element elementor-element-2d2ba53d elementor-section-boxed elementor-section-height-default elementor-section-height-default\" data-id=\"2d2ba53d\" data-element_type=\"section\">\n\t\t\t\t\t\t<div class=\"elementor-container elementor-column-gap-default\">\n\t\t\t\t\t<div class=\"elementor-column elementor-col-50 elementor-inner-column elementor-element elementor-element-4089143a\" data-id=\"4089143a\" data-element_type=\"column\">\n\t\t\t<div class=\"elementor-widget-wrap elementor-element-populated\">\n\t\t\t\t\t\t<div class=\"elementor-element elementor-element-24ba98cb elementor-view-default elementor-invisible elementor-widget elementor-widget-icon\" data-id=\"24ba98cb\" data-element_type=\"widget\" data-settings=\"{&quot;_animation&quot;:&quot;fadeInDown&quot;}\" data-widget_type=\"icon.default\">\n\t\t\t\t<div class=\"elementor-widget-container\">\n\t\t\t\t\t\t\t<div class=\"elementor-icon-wrapper\">\n\t\t\t<div class=\"elementor-icon\">\n\t\t\t<i aria-hidden=\"true\" class=\"fas fa-angle-double-down\"><\/i>\t\t\t<\/div>\n\t\t<\/div>\n\t\t\t\t\t\t<\/div>\n\t\t\t\t<\/div>\n\t\t\t\t\t<\/div>\n\t\t<\/div>\n\t\t\t\t<div class=\"elementor-column elementor-col-50 elementor-inner-column elementor-element elementor-element-4eefeb8a\" data-id=\"4eefeb8a\" data-element_type=\"column\">\n\t\t\t<div class=\"elementor-widget-wrap elementor-element-populated\">\n\t\t\t\t\t\t<div class=\"elementor-element elementor-element-58d320d elementor-widget elementor-widget-text-editor\" data-id=\"58d320d\" data-element_type=\"widget\" data-widget_type=\"text-editor.default\">\n\t\t\t\t<div class=\"elementor-widget-container\">\n\t\t\t\t\t\t\t\t\t<p><a href=\"https:\/\/aincogroup.com\/en\/\">AINCO<\/a> has opted for horizontal growth in the region and seeks to position itself in developed markets to support with prefabricated products, outsource engineering services, and experience in emerging markets.<\/p>\t\t\t\t\t\t\t\t<\/div>\n\t\t\t\t<\/div>\n\t\t\t\t\t<\/div>\n\t\t<\/div>\n\t\t\t\t\t<\/div>\n\t\t<\/section>\n\t\t\t\t\t<\/div>\n\t\t<\/div>\n\t\t\t\t\t<\/div>\n\t\t<\/section>\n\t\t<div class=\"elementor-element elementor-element-55a782d e-con-full e-flex e-con e-parent\" data-id=\"55a782d\" data-element_type=\"container\">\n\t\t<div class=\"elementor-element elementor-element-fc9d60b e-con-full e-flex e-con e-child\" data-id=\"fc9d60b\" data-element_type=\"container\" data-settings=\"{&quot;background_background&quot;:&quot;classic&quot;}\">\n\t\t<div class=\"elementor-element elementor-element-8752865 e-con-full e-flex e-con e-child\" data-id=\"8752865\" data-element_type=\"container\">\n\t\t<div class=\"elementor-element elementor-element-000d7ff e-con-full elementor-hidden-desktop elementor-hidden-tablet e-flex e-con e-child\" data-id=\"000d7ff\" data-element_type=\"container\" data-settings=\"{&quot;background_background&quot;:&quot;classic&quot;}\">\n\t\t\t\t<div class=\"elementor-element elementor-element-8f8cb06 elementor-widget elementor-widget-heading\" data-id=\"8f8cb06\" data-element_type=\"widget\" data-widget_type=\"heading.default\">\n\t\t\t\t<div class=\"elementor-widget-container\">\n\t\t\t\t\t<h2 class=\"elementor-heading-title elementor-size-default\">PRESENCE OF AINCO<\/h2>\t\t\t\t<\/div>\n\t\t\t\t<\/div>\n\t\t\t\t<\/div>\n\t\t<div class=\"elementor-element elementor-element-1d82bec animated-fast e-con-full e-flex elementor-invisible e-con e-child\" data-id=\"1d82bec\" data-element_type=\"container\" data-settings=\"{&quot;animation&quot;:&quot;slideInLeft&quot;}\">\n\t\t\t\t<div class=\"elementor-element elementor-element-5e591d8 elementor-widget elementor-widget-image\" data-id=\"5e591d8\" data-element_type=\"widget\" data-widget_type=\"image.default\">\n\t\t\t\t<div class=\"elementor-widget-container\">\n\t\t\t\t\t\t\t\t\t\t\t\t\t\t\t<img fetchpriority=\"high\" decoding=\"async\" width=\"697\" height=\"534\" src=\"https:\/\/aincogroup.com\/wp-content\/uploads\/2024\/05\/PRESENCIA-WEB.jpg\" class=\"attachment-large size-large wp-image-5389\" alt=\"\" srcset=\"https:\/\/aincogroup.com\/wp-content\/uploads\/2024\/05\/PRESENCIA-WEB.jpg 697w, https:\/\/aincogroup.com\/wp-content\/uploads\/2024\/05\/PRESENCIA-WEB-300x230.jpg 300w, https:\/\/aincogroup.com\/wp-content\/uploads\/2024\/05\/PRESENCIA-WEB-16x12.jpg 16w\" sizes=\"(max-width: 697px) 100vw, 697px\" \/>\t\t\t\t\t\t\t\t\t\t\t\t\t\t\t<\/div>\n\t\t\t\t<\/div>\n\t\t\t\t<\/div>\n\t\t<div class=\"elementor-element elementor-element-a0de12d e-con-full e-flex e-con e-child\" data-id=\"a0de12d\" data-element_type=\"container\">\n\t\t\t\t<div class=\"elementor-element elementor-element-8898ddf elementor-invisible elementor-widget elementor-widget-text-editor\" data-id=\"8898ddf\" data-element_type=\"widget\" data-settings=\"{&quot;_animation&quot;:&quot;fadeIn&quot;}\" data-widget_type=\"text-editor.default\">\n\t\t\t\t<div class=\"elementor-widget-container\">\n\t\t\t\t\t\t\t\t\t<p><a href=\"https:\/\/aincogroup.com\/en\/\">AINCO<\/a> is positioned in Central America as an integral solution in the industry.<\/p><p>In the region as a general contractor with experience in large projects complying with international construction standards with international alliances and clients.In the region as a general contractor with experience in large projects complying with international construction standards with international alliances and clients.\u00a0<\/p><p>Globally as a provider of industrialized construction and remote engineering services.<\/p>\t\t\t\t\t\t\t\t<\/div>\n\t\t\t\t<\/div>\n\t\t\t\t<\/div>\n\t\t\t\t<\/div>\n\t\t\t\t<\/div>\n\t\t<div class=\"elementor-element elementor-element-ce23b7c animated-fast elementor-hidden-mobile e-con-full e-flex elementor-invisible e-con e-child\" data-id=\"ce23b7c\" data-element_type=\"container\" data-settings=\"{&quot;background_background&quot;:&quot;classic&quot;,&quot;animation&quot;:&quot;slideInRight&quot;}\">\n\t\t\t\t<div class=\"elementor-element elementor-element-51ad382 e-transform elementor-absolute elementor-widget elementor-widget-heading\" data-id=\"51ad382\" data-element_type=\"widget\" data-settings=\"{&quot;_transform_rotateZ_effect&quot;:{&quot;unit&quot;:&quot;px&quot;,&quot;size&quot;:270,&quot;sizes&quot;:[]},&quot;_position&quot;:&quot;absolute&quot;,&quot;_transform_rotateZ_effect_tablet&quot;:{&quot;unit&quot;:&quot;deg&quot;,&quot;size&quot;:&quot;&quot;,&quot;sizes&quot;:[]},&quot;_transform_rotateZ_effect_mobile&quot;:{&quot;unit&quot;:&quot;deg&quot;,&quot;size&quot;:&quot;&quot;,&quot;sizes&quot;:[]}}\" data-widget_type=\"heading.default\">\n\t\t\t\t<div class=\"elementor-widget-container\">\n\t\t\t\t\t<h2 class=\"elementor-heading-title elementor-size-default\">PRESENCE OF AINCO<\/h2>\t\t\t\t<\/div>\n\t\t\t\t<\/div>\n\t\t\t\t<\/div>\n\t\t\t\t<\/div>\n\t\t<div class=\"elementor-element elementor-element-b29151b e-con-full e-flex e-con e-parent\" data-id=\"b29151b\" data-element_type=\"container\">\n\t\t<div class=\"elementor-element elementor-element-d67f676 animated-fast elementor-hidden-mobile e-con-full e-flex elementor-invisible e-con e-child\" data-id=\"d67f676\" data-element_type=\"container\" data-settings=\"{&quot;background_background&quot;:&quot;classic&quot;,&quot;animation&quot;:&quot;slideInRight&quot;}\">\n\t\t\t\t<\/div>\n\t\t<div class=\"elementor-element elementor-element-89e27a7 e-con-full e-flex e-con e-child\" data-id=\"89e27a7\" data-element_type=\"container\" data-settings=\"{&quot;background_background&quot;:&quot;classic&quot;}\">\n\t\t<div class=\"elementor-element elementor-element-4744035 e-con-full e-flex e-con e-child\" data-id=\"4744035\" data-element_type=\"container\">\n\t\t<div class=\"elementor-element elementor-element-3c4dcde animated-fast e-con-full e-flex elementor-invisible e-con e-child\" data-id=\"3c4dcde\" data-element_type=\"container\" data-settings=\"{&quot;background_background&quot;:&quot;classic&quot;,&quot;animation&quot;:&quot;slideInLeft&quot;}\">\n\t\t\t\t<div class=\"elementor-element elementor-element-6c13e02 elementor-widget elementor-widget-spacer\" data-id=\"6c13e02\" data-element_type=\"widget\" data-widget_type=\"spacer.default\">\n\t\t\t\t<div class=\"elementor-widget-container\">\n\t\t\t\t\t\t\t<div class=\"elementor-spacer\">\n\t\t\t<div class=\"elementor-spacer-inner\"><\/div>\n\t\t<\/div>\n\t\t\t\t\t\t<\/div>\n\t\t\t\t<\/div>\n\t\t\t\t<div class=\"elementor-element elementor-element-1d69c69 elementor-widget elementor-widget-image\" data-id=\"1d69c69\" data-element_type=\"widget\" data-widget_type=\"image.default\">\n\t\t\t\t<div class=\"elementor-widget-container\">\n\t\t\t\t\t\t\t\t\t\t\t\t\t\t\t<img decoding=\"async\" width=\"1437\" height=\"823\" src=\"https:\/\/aincogroup.com\/wp-content\/uploads\/2022\/11\/1.4-Foto-2.png\" class=\"attachment-full size-full wp-image-3220\" alt=\"\" srcset=\"https:\/\/aincogroup.com\/wp-content\/uploads\/2022\/11\/1.4-Foto-2.png 1437w, https:\/\/aincogroup.com\/wp-content\/uploads\/2022\/11\/1.4-Foto-2-600x344.png 600w, https:\/\/aincogroup.com\/wp-content\/uploads\/2022\/11\/1.4-Foto-2-300x172.png 300w, https:\/\/aincogroup.com\/wp-content\/uploads\/2022\/11\/1.4-Foto-2-1024x586.png 1024w, https:\/\/aincogroup.com\/wp-content\/uploads\/2022\/11\/1.4-Foto-2-768x440.png 768w\" sizes=\"(max-width: 1437px) 100vw, 1437px\" \/>\t\t\t\t\t\t\t\t\t\t\t\t\t\t\t<\/div>\n\t\t\t\t<\/div>\n\t\t\t\t<\/div>\n\t\t\t\t<\/div>\n\t\t\t\t<\/div>\n\t\t\t\t<\/div>\n\t\t\t\t<\/div>","protected":false},"excerpt":{"rendered":"<p>Presencia AINCO ha optado por un crecimiento horizontal en la regi\u00f3n y busca posicionarse en mercados desarrollados para apoyar con productos prefabricados, servicios de ingenier\u00eda outsource, y experiencia en mercados emergentes. PRESENCIA de Ainco AINCO se posiciona en Centro Am\u00e9rica como una soluci\u00f3n integral en la industria. En la regi\u00f3n como contratista general con experiencia [&hellip;]<\/p>","protected":false},"author":1,"featured_media":0,"parent":0,"menu_order":0,"comment_status":"closed","ping_status":"closed","template":"","meta":{"site-sidebar-layout":"no-sidebar","site-content-layout":"page-builder","ast-site-content-layout":"full-width-container","site-content-style":"unboxed","site-sidebar-style":"unboxed","ast-global-header-display":"","ast-banner-title-visibility":"","ast-main-header-display":"","ast-hfb-above-header-display":"","ast-hfb-below-header-display":"","ast-hfb-mobile-header-display":"","site-post-title":"disabled","ast-breadcrumbs-content":"","ast-featured-img":"disabled","footer-sml-layout":"","theme-transparent-header-meta":"","adv-header-id-meta":"","stick-header-meta":"","header-above-stick-meta":"","header-main-stick-meta":"","header-below-stick-meta":"","astra-migrate-meta-layouts":"set","ast-page-background-enabled":"default","ast-page-background-meta":{"desktop":{"background-color":"var(--ast-global-color-4)","background-image":"","background-repeat":"repeat","background-position":"center center","background-size":"auto","background-attachment":"scroll","background-type":"","background-media":"","overlay-type":"","overlay-color":"","overlay-opacity":"","overlay-gradient":""},"tablet":{"background-color":"","background-image":"","background-repeat":"repeat","background-position":"center center","background-size":"auto","background-attachment":"scroll","background-type":"","background-media":"","overlay-type":"","overlay-color":"","overlay-opacity":"","overlay-gradient":""},"mobile":{"background-color":"","background-image":"","background-repeat":"repeat","background-position":"center center","background-size":"auto","background-attachment":"scroll","background-type":"","background-media":"","overlay-type":"","overlay-color":"","overlay-opacity":"","overlay-gradient":""}},"ast-content-background-meta":{"desktop":{"background-color":"var(--ast-global-color-5)","background-image":"","background-repeat":"repeat","background-position":"center center","background-size":"auto","background-attachment":"scroll","background-type":"","background-media":"","overlay-type":"","overlay-color":"","overlay-opacity":"","overlay-gradient":""},"tablet":{"background-color":"var(--ast-global-color-5)","background-image":"","background-repeat":"repeat","background-position":"center center","background-size":"auto","background-attachment":"scroll","background-type":"","background-media":"","overlay-type":"","overlay-color":"","overlay-opacity":"","overlay-gradient":""},"mobile":{"background-color":"var(--ast-global-color-5)","background-image":"","background-repeat":"repeat","background-position":"center center","background-size":"auto","background-attachment":"scroll","background-type":"","background-media":"","overlay-type":"","overlay-color":"","overlay-opacity":"","overlay-gradient":""}},"footnotes":""},"class_list":["post-1076","page","type-page","status-publish","hentry"],"yoast_head":"<!-- This site is optimized with the Yoast SEO plugin v23.7 - https:\/\/yoast.com\/wordpress\/plugins\/seo\/ -->\n<title>Presencia de AINCO - Soluciones de Construcci\u00f3n Globales<\/title>\n<meta name=\"description\" content=\"La presencia de AINCO abarca Centroam\u00e9rica y mercados globales, ofreciendo productos prefabricados y servicios de ingenier\u00eda con est\u00e1ndares internacionales.\" \/>\n<meta name=\"robots\" content=\"index, follow, max-snippet:-1, max-image-preview:large, max-video-preview:-1\" \/>\n<link rel=\"canonical\" href=\"https:\/\/aincogroup.com\/en\/presencia-de-ainco\/\" \/>\n<meta property=\"og:locale\" content=\"en_US\" \/>\n<meta property=\"og:type\" content=\"article\" \/>\n<meta property=\"og:title\" content=\"Presencia de AINCO - Soluciones de Construcci\u00f3n Globales\" \/>\n<meta property=\"og:description\" content=\"La presencia de AINCO abarca Centroam\u00e9rica y mercados globales, ofreciendo productos prefabricados y servicios de ingenier\u00eda con est\u00e1ndares internacionales.\" \/>\n<meta property=\"og:url\" content=\"https:\/\/aincogroup.com\/en\/presencia-de-ainco\/\" \/>\n<meta property=\"og:site_name\" content=\"AINCO GROUP\" \/>\n<meta property=\"article:publisher\" content=\"https:\/\/www.facebook.com\/aincogrupo\" \/>\n<meta property=\"article:modified_time\" content=\"2025-02-20T18:30:14+00:00\" \/>\n<meta property=\"og:image\" content=\"https:\/\/aincogroup.com\/wp-content\/uploads\/2024\/05\/PRESENCIA-WEB.jpg\" \/>\n\t<meta property=\"og:image:width\" content=\"697\" \/>\n\t<meta property=\"og:image:height\" content=\"534\" \/>\n\t<meta property=\"og:image:type\" content=\"image\/jpeg\" \/>\n<meta name=\"twitter:card\" content=\"summary_large_image\" \/>\n<meta name=\"twitter:label1\" content=\"Est. reading time\" \/>\n\t<meta name=\"twitter:data1\" content=\"1 minute\" \/>\n<script type=\"application\/ld+json\" class=\"yoast-schema-graph\">{\"@context\":\"https:\/\/schema.org\",\"@graph\":[{\"@type\":\"WebPage\",\"@id\":\"https:\/\/aincogroup.com\/presencia-de-ainco\/\",\"url\":\"https:\/\/aincogroup.com\/presencia-de-ainco\/\",\"name\":\"Presencia de AINCO - Soluciones de Construcci\u00f3n Globales\",\"isPartOf\":{\"@id\":\"https:\/\/aincogroup.com\/en\/#website\"},\"primaryImageOfPage\":{\"@id\":\"https:\/\/aincogroup.com\/presencia-de-ainco\/#primaryimage\"},\"image\":{\"@id\":\"https:\/\/aincogroup.com\/presencia-de-ainco\/#primaryimage\"},\"thumbnailUrl\":\"https:\/\/aincogroup.com\/wp-content\/uploads\/2024\/05\/PRESENCIA-WEB.jpg\",\"datePublished\":\"2022-06-24T17:03:11+00:00\",\"dateModified\":\"2025-02-20T18:30:14+00:00\",\"description\":\"La presencia de AINCO abarca Centroam\u00e9rica y mercados globales, ofreciendo productos prefabricados y servicios de ingenier\u00eda con est\u00e1ndares internacionales.\",\"breadcrumb\":{\"@id\":\"https:\/\/aincogroup.com\/presencia-de-ainco\/#breadcrumb\"},\"inLanguage\":\"en-US\",\"potentialAction\":[{\"@type\":\"ReadAction\",\"target\":[\"https:\/\/aincogroup.com\/presencia-de-ainco\/\"]}]},{\"@type\":\"ImageObject\",\"inLanguage\":\"en-US\",\"@id\":\"https:\/\/aincogroup.com\/presencia-de-ainco\/#primaryimage\",\"url\":\"https:\/\/aincogroup.com\/wp-content\/uploads\/2024\/05\/PRESENCIA-WEB.jpg\",\"contentUrl\":\"https:\/\/aincogroup.com\/wp-content\/uploads\/2024\/05\/PRESENCIA-WEB.jpg\"},{\"@type\":\"BreadcrumbList\",\"@id\":\"https:\/\/aincogroup.com\/presencia-de-ainco\/#breadcrumb\",\"itemListElement\":[{\"@type\":\"ListItem\",\"position\":1,\"name\":\"Home\",\"item\":\"https:\/\/aincogroup.com\/\"},{\"@type\":\"ListItem\",\"position\":2,\"name\":\"Presencia\"}]},{\"@type\":\"WebSite\",\"@id\":\"https:\/\/aincogroup.com\/en\/#website\",\"url\":\"https:\/\/aincogroup.com\/en\/\",\"name\":\"AINCO GROUP\",\"description\":\"Impulsamos Desarrollo\",\"publisher\":{\"@id\":\"https:\/\/aincogroup.com\/en\/#organization\"},\"potentialAction\":[{\"@type\":\"SearchAction\",\"target\":{\"@type\":\"EntryPoint\",\"urlTemplate\":\"https:\/\/aincogroup.com\/en\/?s={search_term_string}\"},\"query-input\":{\"@type\":\"PropertyValueSpecification\",\"valueRequired\":true,\"valueName\":\"search_term_string\"}}],\"inLanguage\":\"en-US\"},{\"@type\":\"Organization\",\"@id\":\"https:\/\/aincogroup.com\/en\/#organization\",\"name\":\"AINCO GROUP\",\"url\":\"https:\/\/aincogroup.com\/en\/\",\"logo\":{\"@type\":\"ImageObject\",\"inLanguage\":\"en-US\",\"@id\":\"https:\/\/aincogroup.com\/en\/#\/schema\/logo\/image\/\",\"url\":\"https:\/\/aincogroup.com\/wp-content\/uploads\/2023\/08\/cropped-favicon-ainco.png\",\"contentUrl\":\"https:\/\/aincogroup.com\/wp-content\/uploads\/2023\/08\/cropped-favicon-ainco.png\",\"width\":512,\"height\":512,\"caption\":\"AINCO GROUP\"},\"image\":{\"@id\":\"https:\/\/aincogroup.com\/en\/#\/schema\/logo\/image\/\"},\"sameAs\":[\"https:\/\/www.facebook.com\/aincogrupo\",\"https:\/\/www.instagram.com\/ainco.grupo\/\",\"https:\/\/www.linkedin.com\/company\/grupo-ainco\/\",\"https:\/\/www.youtube.com\/channel\/UCTWFEnYpy66QYWQEdtipSzg\",\"https:\/\/www.tiktok.com\/@ainco.grupo?lang=es\"]}]}<\/script>\n<!-- \/ Yoast SEO plugin. -->","yoast_head_json":{"title":"Presencia de AINCO - Soluciones de Construcci\u00f3n Globales","description":"La presencia de AINCO abarca Centroam\u00e9rica y mercados globales, ofreciendo productos prefabricados y servicios de ingenier\u00eda con est\u00e1ndares internacionales.","robots":{"index":"index","follow":"follow","max-snippet":"max-snippet:-1","max-image-preview":"max-image-preview:large","max-video-preview":"max-video-preview:-1"},"canonical":"https:\/\/aincogroup.com\/en\/presencia-de-ainco\/","og_locale":"en_US","og_type":"article","og_title":"Presencia de AINCO - Soluciones de Construcci\u00f3n Globales","og_description":"La presencia de AINCO abarca Centroam\u00e9rica y mercados globales, ofreciendo productos prefabricados y servicios de ingenier\u00eda con est\u00e1ndares internacionales.","og_url":"https:\/\/aincogroup.com\/en\/presencia-de-ainco\/","og_site_name":"AINCO GROUP","article_publisher":"https:\/\/www.facebook.com\/aincogrupo","article_modified_time":"2025-02-20T18:30:14+00:00","og_image":[{"width":697,"height":534,"url":"https:\/\/aincogroup.com\/wp-content\/uploads\/2024\/05\/PRESENCIA-WEB.jpg","type":"image\/jpeg"}],"twitter_card":"summary_large_image","twitter_misc":{"Est. reading time":"1 minute"},"schema":{"@context":"https:\/\/schema.org","@graph":[{"@type":"WebPage","@id":"https:\/\/aincogroup.com\/presencia-de-ainco\/","url":"https:\/\/aincogroup.com\/presencia-de-ainco\/","name":"Presencia de AINCO - Soluciones de Construcci\u00f3n Globales","isPartOf":{"@id":"https:\/\/aincogroup.com\/en\/#website"},"primaryImageOfPage":{"@id":"https:\/\/aincogroup.com\/presencia-de-ainco\/#primaryimage"},"image":{"@id":"https:\/\/aincogroup.com\/presencia-de-ainco\/#primaryimage"},"thumbnailUrl":"https:\/\/aincogroup.com\/wp-content\/uploads\/2024\/05\/PRESENCIA-WEB.jpg","datePublished":"2022-06-24T17:03:11+00:00","dateModified":"2025-02-20T18:30:14+00:00","description":"La presencia de AINCO abarca Centroam\u00e9rica y mercados globales, ofreciendo productos prefabricados y servicios de ingenier\u00eda con est\u00e1ndares internacionales.","breadcrumb":{"@id":"https:\/\/aincogroup.com\/presencia-de-ainco\/#breadcrumb"},"inLanguage":"en-US","potentialAction":[{"@type":"ReadAction","target":["https:\/\/aincogroup.com\/presencia-de-ainco\/"]}]},{"@type":"ImageObject","inLanguage":"en-US","@id":"https:\/\/aincogroup.com\/presencia-de-ainco\/#primaryimage","url":"https:\/\/aincogroup.com\/wp-content\/uploads\/2024\/05\/PRESENCIA-WEB.jpg","contentUrl":"https:\/\/aincogroup.com\/wp-content\/uploads\/2024\/05\/PRESENCIA-WEB.jpg"},{"@type":"BreadcrumbList","@id":"https:\/\/aincogroup.com\/presencia-de-ainco\/#breadcrumb","itemListElement":[{"@type":"ListItem","position":1,"name":"Home","item":"https:\/\/aincogroup.com\/"},{"@type":"ListItem","position":2,"name":"Presencia"}]},{"@type":"WebSite","@id":"https:\/\/aincogroup.com\/en\/#website","url":"https:\/\/aincogroup.com\/en\/","name":"AINCO GROUP","description":"Impulsamos Desarrollo","publisher":{"@id":"https:\/\/aincogroup.com\/en\/#organization"},"potentialAction":[{"@type":"SearchAction","target":{"@type":"EntryPoint","urlTemplate":"https:\/\/aincogroup.com\/en\/?s={search_term_string}"},"query-input":{"@type":"PropertyValueSpecification","valueRequired":true,"valueName":"search_term_string"}}],"inLanguage":"en-US"},{"@type":"Organization","@id":"https:\/\/aincogroup.com\/en\/#organization","name":"AINCO GROUP","url":"https:\/\/aincogroup.com\/en\/","logo":{"@type":"ImageObject","inLanguage":"en-US","@id":"https:\/\/aincogroup.com\/en\/#\/schema\/logo\/image\/","url":"https:\/\/aincogroup.com\/wp-content\/uploads\/2023\/08\/cropped-favicon-ainco.png","contentUrl":"https:\/\/aincogroup.com\/wp-content\/uploads\/2023\/08\/cropped-favicon-ainco.png","width":512,"height":512,"caption":"AINCO GROUP"},"image":{"@id":"https:\/\/aincogroup.com\/en\/#\/schema\/logo\/image\/"},"sameAs":["https:\/\/www.facebook.com\/aincogrupo","https:\/\/www.instagram.com\/ainco.grupo\/","https:\/\/www.linkedin.com\/company\/grupo-ainco\/","https:\/\/www.youtube.com\/channel\/UCTWFEnYpy66QYWQEdtipSzg","https:\/\/www.tiktok.com\/@ainco.grupo?lang=es"]}]}},"_links":{"self":[{"href":"https:\/\/aincogroup.com\/en\/wp-json\/wp\/v2\/pages\/1076","targetHints":{"allow":["GET"]}}],"collection":[{"href":"https:\/\/aincogroup.com\/en\/wp-json\/wp\/v2\/pages"}],"about":[{"href":"https:\/\/aincogroup.com\/en\/wp-json\/wp\/v2\/types\/page"}],"author":[{"embeddable":true,"href":"https:\/\/aincogroup.com\/en\/wp-json\/wp\/v2\/users\/1"}],"replies":[{"embeddable":true,"href":"https:\/\/aincogroup.com\/en\/wp-json\/wp\/v2\/comments?post=1076"}],"version-history":[{"count":16,"href":"https:\/\/aincogroup.com\/en\/wp-json\/wp\/v2\/pages\/1076\/revisions"}],"predecessor-version":[{"id":6801,"href":"https:\/\/aincogroup.com\/en\/wp-json\/wp\/v2\/pages\/1076\/revisions\/6801"}],"wp:attachment":[{"href":"https:\/\/aincogroup.com\/en\/wp-json\/wp\/v2\/media?parent=1076"}],"curies":[{"name":"wp","href":"https:\/\/api.w.org\/{rel}","templated":true}]}}